{"id":10,"date":"2009-11-21T19:33:50","date_gmt":"2009-11-21T18:33:50","guid":{"rendered":"http:\/\/www.sos-kinderhilfe-uganda.com\/?page_id=10"},"modified":"2023-12-22T14:21:38","modified_gmt":"2023-12-22T12:21:38","slug":"spendenkonto","status":"publish","type":"page","link":"https:\/\/www.kinderhilfe-uganda.de\/?page_id=10","title":{"rendered":"Spenden"},"content":{"rendered":"\n<figure class=\"wp-block-image alignright size-large is-resized has-custom-border\"><a href=\"https:\/\/www.kinderhilfe-uganda.de\/1696445478460\/wp-content\/uploads\/2022\/12\/309-auch-die-Kleinsten-helfen-mit-1.jpg\"><img decoding=\"async\" src=\"https:\/\/www.kinderhilfe-uganda.de\/1696445478460\/wp-content\/uploads\/2023\/10\/309-auch-die-Kleinsten-helfen-mit-1-edited.jpg\" alt=\"\" class=\"wp-image-2447\" style=\"border-radius:20px;width:287px;height:511px\"\/><\/a><\/figure>\n\n\n\n<h4 class=\"wp-block-heading\">Mit jedem Cent unterst\u00fctzen Sie unsere Projekte in Uganda.<\/h4>\n\n\n\n<p>Wir garantieren, dass keine Spendengelder f\u00fcr Verwaltung, Honorare etc. in Deutschland verwendet werden. Lediglich Mitarbeiter in Uganda werden von uns finanziell unterst\u00fctzt in H\u00f6he des dort \u00fcblichen Gehaltgef\u00fcges. Die einzigen Kosten, die in Deutschland entstehen, sind die Bankgeb\u00fchren f\u00fcr die Spendentransmission nach Uganda und die Frachtkosten f\u00fcr die Paketsendungen.<br>Alle Mitrabeiter sind ehrenamtlich t\u00e4tig und erhalten keinerlei Verg\u00fctung.<br>Daf\u00fcr steht der ehemalige Vereinsvorsitzende Roland Schmidt und der neue kommissarische Vorstand mit seinem Namen.<\/p>\n\n\n\n<h2 class=\"wp-block-heading\">Bankverbindung:<\/h2>\n\n\n\n<div class=\"wp-block-group has-global-padding is-layout-constrained wp-block-group-is-layout-constrained\">\n<figure class=\"wp-block-table\"><table><tbody><tr><td>Name<\/td><td>Morsbach for Children in Uganda e.V.<\/td><\/tr><tr><td>IBAN<\/td><td>DE 04 38462135 1515505012<\/td><\/tr><tr><td>Kontonummer<\/td><td>151 550 5012<\/td><\/tr><tr><td>Bankleitzahl<\/td><td>38462135<\/td><\/tr><\/tbody><\/table><\/figure>\n\n\n\n<div style=\"height:30px\" aria-hidden=\"true\" class=\"wp-block-spacer\"><\/div>\n<\/div>\n\n\n\n<h4 class=\"wp-block-heading\">Spendenformular zum ausdrucken und ausf\u00fcllen<\/h4>\n\n\n\n<div data-wp-interactive=\"core\/file\" class=\"wp-block-file\"><object data-wp-bind--hidden=\"!state.hasPdfPreview\" hidden class=\"wp-block-file__embed\" data=\"https:\/\/www.kinderhilfe-uganda.de\/1696445478460\/wp-content\/uploads\/2022\/12\/Spendenformular-Datenschutzanerk.-Stand-10.12.22.pdf\" type=\"application\/pdf\" style=\"width:100%;height:600px\" aria-label=\"Einbettung von Spendenformular.\"><\/object><a id=\"wp-block-file--media-431d7901-69a5-49ac-8b96-06f4755f0f37\" href=\"https:\/\/www.kinderhilfe-uganda.de\/1696445478460\/wp-content\/uploads\/2022\/12\/Spendenformular-Datenschutzanerk.-Stand-10.12.22.pdf\">Spendenformular<\/a><a href=\"https:\/\/www.kinderhilfe-uganda.de\/1696445478460\/wp-content\/uploads\/2022\/12\/Spendenformular-Datenschutzanerk.-Stand-10.12.22.pdf\" class=\"wp-block-file__button wp-element-button\" download aria-describedby=\"wp-block-file--media-431d7901-69a5-49ac-8b96-06f4755f0f37\">Herunterladen<\/a><\/div>\n\n\n\n<h3 class=\"wp-block-heading\">Vereinfachter Spendennachweis<\/h3>\n\n\n\n<p>Bei Spenden <span style=\"text-decoration: underline;\">bis zu 300 Euro<\/span> dient dieser Beleg in Verbindung mit Ihrem Kontoauszug als <strong>Zuwendungsbest\u00e4tigung<\/strong> (<em>Spendenquittung<\/em>) zur Vorlage bei Ihrem Finanzamt.<\/p>\n\n\n\n<div data-wp-interactive=\"core\/file\" class=\"wp-block-file\"><object data-wp-bind--hidden=\"!state.hasPdfPreview\" hidden class=\"wp-block-file__embed\" data=\"https:\/\/www.kinderhilfe-uganda.de\/wp-content\/uploads\/2023\/12\/Vereinfachter_Spendennachweis_Stand_11.23.pdf\" type=\"application\/pdf\" style=\"width:100%;height:600px\" aria-label=\"Einbettung von Vereinfachter_Spendennachweis_Stand_11.23.\"><\/object><a id=\"wp-block-file--media-689fbcff-0fe6-44d4-8668-88489ebd6896\" href=\"https:\/\/www.kinderhilfe-uganda.de\/wp-content\/uploads\/2023\/12\/Vereinfachter_Spendennachweis_Stand_11.23.pdf\">Vereinfachter_Spendennachweis_Stand_11.23<\/a><a href=\"https:\/\/www.kinderhilfe-uganda.de\/wp-content\/uploads\/2023\/12\/Vereinfachter_Spendennachweis_Stand_11.23.pdf\" class=\"wp-block-file__button wp-element-button\" download aria-describedby=\"wp-block-file--media-689fbcff-0fe6-44d4-8668-88489ebd6896\">Herunterladen<\/a><\/div>\n\n\n\n<h3 class=\"wp-block-heading\">Steuer-Freistellungsbescheid<\/h3>\n\n\n\n<div data-wp-interactive=\"core\/file\" class=\"wp-block-file\"><object data-wp-bind--hidden=\"!state.hasPdfPreview\" hidden class=\"wp-block-file__embed\" data=\"https:\/\/www.kinderhilfe-uganda.de\/wp-content\/uploads\/2023\/12\/Freistellungsbescheinigung-Kinderhilfe-Uganda-e.V.-2020-2022.pdf\" type=\"application\/pdf\" style=\"width:100%;height:600px\" aria-label=\"Einbettung von Freistellungsbescheinigung-Kinderhilfe-Uganda-e.V.-2020-2022.\"><\/object><a id=\"wp-block-file--media-23dab3c8-6a68-4b9b-871c-266dc7a4edbb\" href=\"https:\/\/www.kinderhilfe-uganda.de\/wp-content\/uploads\/2023\/12\/Freistellungsbescheinigung-Kinderhilfe-Uganda-e.V.-2020-2022.pdf\">Freistellungsbescheinigung-Kinderhilfe-Uganda-e.V.-2020-2022<\/a><a href=\"https:\/\/www.kinderhilfe-uganda.de\/wp-content\/uploads\/2023\/12\/Freistellungsbescheinigung-Kinderhilfe-Uganda-e.V.-2020-2022.pdf\" class=\"wp-block-file__button wp-element-button\" download aria-describedby=\"wp-block-file--media-23dab3c8-6a68-4b9b-871c-266dc7a4edbb\">Herunterladen<\/a><\/div>\n\n\n\n<p><\/p>\n","protected":false},"excerpt":{"rendered":"<p>Mit jedem Cent unterst\u00fctzen Sie unsere Projekte in Uganda. Wir garantieren, dass keine Spendengelder f\u00fcr Verwaltung, Honorare etc. in Deutschland verwendet werden. Lediglich Mitarbeiter in Uganda werden von uns finanziell unterst\u00fctzt in H\u00f6he des dort \u00fcblichen Gehaltgef\u00fcges. Die einzigen Kosten, die in Deutschland entstehen, sind die Bankgeb\u00fchren f\u00fcr die Spendentransmission nach Uganda und die Frachtkosten [&hellip;]<\/p>\n","protected":false},"author":7,"featured_media":1572,"parent":0,"menu_order":12,"comment_status":"closed","ping_status":"closed","template":"","meta":{"give_campaign_id":0,"ngg_post_thumbnail":0,"footnotes":""},"class_list":["post-10","page","type-page","status-publish","has-post-thumbnail","hentry"],"campaignId":"","_links":{"self":[{"href":"https:\/\/www.kinderhilfe-uganda.de\/index.php?rest_route=\/wp\/v2\/pages\/10","targetHints":{"allow":["GET"]}}],"collection":[{"href":"https:\/\/www.kinderhilfe-uganda.de\/index.php?rest_route=\/wp\/v2\/pages"}],"about":[{"href":"https:\/\/www.kinderhilfe-uganda.de\/index.php?rest_route=\/wp\/v2\/types\/page"}],"author":[{"embeddable":true,"href":"https:\/\/www.kinderhilfe-uganda.de\/index.php?rest_route=\/wp\/v2\/users\/7"}],"replies":[{"embeddable":true,"href":"https:\/\/www.kinderhilfe-uganda.de\/index.php?rest_route=%2Fwp%2Fv2%2Fcomments&post=10"}],"version-history":[{"count":36,"href":"https:\/\/www.kinderhilfe-uganda.de\/index.php?rest_route=\/wp\/v2\/pages\/10\/revisions"}],"predecessor-version":[{"id":2620,"href":"https:\/\/www.kinderhilfe-uganda.de\/index.php?rest_route=\/wp\/v2\/pages\/10\/revisions\/2620"}],"wp:featuredmedia":[{"embeddable":true,"href":"https:\/\/www.kinderhilfe-uganda.de\/index.php?rest_route=\/wp\/v2\/media\/1572"}],"wp:attachment":[{"href":"https:\/\/www.kinderhilfe-uganda.de\/index.php?rest_route=%2Fwp%2Fv2%2Fmedia&parent=10"}],"curies":[{"name":"wp","href":"https:\/\/api.w.org\/{rel}","templated":true}]}}