{"id":1036,"date":"2013-09-30T18:06:07","date_gmt":"2013-09-30T16:06:07","guid":{"rendered":"http:\/\/www.sos-kinderhilfe-uganda.com\/?page_id=1036"},"modified":"2023-11-05T12:23:20","modified_gmt":"2023-11-05T10:23:20","slug":"luppini","status":"publish","type":"page","link":"https:\/\/www.kinderhilfe-uganda.de\/?page_id=1036","title":{"rendered":"Luppini &#8211; Ein Junge lernt laufen"},"content":{"rendered":"<p>Luppini ist sieben Jahre alt. Er leidet unter Drepanozytose, einer Sichelzellenanemie. Bis zu seinem dritten Lebensjahr war er ein normaler Junge, dann wurde pl\u00f6tzlich alles anders. Er hatte zuerst starke Schmerzen in den Beinen, anschlie\u00dfend sp\u00fcrte er sie kaum noch. Dann konnte er nicht mehr laufen, konnte sich erst gar nicht mehr aufrecht hinstellen. Seitdem bewegt er sich auf dem Boden fort, seine Muskeln in den Beinen sind geschw\u00e4cht. Bei einem Besuch von vier freiwilligen Helfern im August 2013 konnte man einen Termin bei einem Spezialisten in der Klinik in Masaka vereinbaren und dem Arzt den kleinen Luppini vorstellen. Dabei wurde festgestellt, dass ein Bein mittlerweile einige Zentimeter l\u00e4nger ist als das andere, was das Gehen zus\u00e4tzliche erschweren wird. Es wurden anschlie\u00dfend erh\u00f6hte Schuhe angefertigt, die diesen Fehler beheben sollen. Zudem wurde eine Gehhilfe in Auftrag gegeben. Wenn Luppini nun t\u00e4glich mehrere Stunden mit seiner Mutter \u00fcbt, wird er bald wieder laufen k\u00f6nnen&#8230;<\/p>\nngg_shortcode_0_placeholder\nngg_shortcode_1_placeholder\n<p><strong>Endlich! Dank der Gehhilfe macht Luppini nun die ersten Gehversuche alleine! Weiter so, Lupi!<\/strong><\/p>\n","protected":false},"excerpt":{"rendered":"<p>Luppini ist sieben Jahre alt. Er leidet unter Drepanozytose, einer Sichelzellenanemie. Bis zu seinem dritten Lebensjahr war er ein normaler Junge, dann wurde pl\u00f6tzlich alles anders. Er hatte zuerst starke Schmerzen in den Beinen, anschlie\u00dfend sp\u00fcrte er sie kaum noch. Dann konnte er nicht mehr laufen, konnte sich erst gar nicht mehr aufrecht hinstellen. Seitdem [&hellip;]<\/p>\n","protected":false},"author":7,"featured_media":0,"parent":2382,"menu_order":0,"comment_status":"closed","ping_status":"closed","template":"","meta":{"give_campaign_id":0,"ngg_post_thumbnail":0,"footnotes":""},"class_list":["post-1036","page","type-page","status-publish","hentry"],"campaignId":"","_links":{"self":[{"href":"https:\/\/www.kinderhilfe-uganda.de\/index.php?rest_route=\/wp\/v2\/pages\/1036","targetHints":{"allow":["GET"]}}],"collection":[{"href":"https:\/\/www.kinderhilfe-uganda.de\/index.php?rest_route=\/wp\/v2\/pages"}],"about":[{"href":"https:\/\/www.kinderhilfe-uganda.de\/index.php?rest_route=\/wp\/v2\/types\/page"}],"author":[{"embeddable":true,"href":"https:\/\/www.kinderhilfe-uganda.de\/index.php?rest_route=\/wp\/v2\/users\/7"}],"replies":[{"embeddable":true,"href":"https:\/\/www.kinderhilfe-uganda.de\/index.php?rest_route=%2Fwp%2Fv2%2Fcomments&post=1036"}],"version-history":[{"count":7,"href":"https:\/\/www.kinderhilfe-uganda.de\/index.php?rest_route=\/wp\/v2\/pages\/1036\/revisions"}],"predecessor-version":[{"id":1833,"href":"https:\/\/www.kinderhilfe-uganda.de\/index.php?rest_route=\/wp\/v2\/pages\/1036\/revisions\/1833"}],"up":[{"embeddable":true,"href":"https:\/\/www.kinderhilfe-uganda.de\/index.php?rest_route=\/wp\/v2\/pages\/2382"}],"wp:attachment":[{"href":"https:\/\/www.kinderhilfe-uganda.de\/index.php?rest_route=%2Fwp%2Fv2%2Fmedia&parent=1036"}],"curies":[{"name":"wp","href":"https:\/\/api.w.org\/{rel}","templated":true}]}}