{"id":1058,"date":"2013-09-30T18:35:11","date_gmt":"2013-09-30T16:35:11","guid":{"rendered":"http:\/\/www.sos-kinderhilfe-uganda.com\/?page_id=1058"},"modified":"2023-11-05T12:24:23","modified_gmt":"2023-11-05T10:24:23","slug":"uganda-2013","status":"publish","type":"page","link":"https:\/\/www.kinderhilfe-uganda.de\/?page_id=1058","title":{"rendered":"Uganda-Reise 2013"},"content":{"rendered":"<p>Im August 2013 besuchten vier freiwillige Helfer der Kinderhilfe Uganda die St. Joseph School in Masaka und konnten dabei auch bei einem Gro\u00dfteil der Patenkinder, die in den D\u00f6rfern um die Schule wohnen, vorbeischauen. Sie haben dabei einen guten Eindruck davon bekommen, wie die Kinder leben, an was es ihnen mangelt und konnten daraufhin auch vor Ort handeln. Au\u00dferdem waren sie bei der Verteilung dabei, die jeden Monat im Pfarrheim der Kirche stattfindet. Bei der Verteilung bekommt jedes Patenkind Lebensmittel wie Zucker, Mehl, Speise\u00f6l und Salz. Zu dem monatlichen Paket geh\u00f6ren au\u00dferdem circa 2 Liter fl\u00fcssige Seife, die die St. Joseph School mittlerweile selbst produziert (siehe Hilfsprojekte). Au\u00dferdem bekommen die Kinder Papier und Stifte f\u00fcr die Schule und auch das Schulgeld wird von der Organisation \u00fcbernommen. Der gr\u00f6\u00dfte Teil der 15 \u20ac f\u00fcr die Unterst\u00fctzung eines Patenkindes, etwa 2\/3 des Geldes, werden f\u00fcr das Schulgeld, f\u00fcr B\u00fccher und Schreibmaterial ausgegeben.<\/p>\n<p>Neben einem 10-t\u00e4tigen Aufenthalt in Masaka waren die vier Oberberger zudem einige Tage in Kampala, der Hauptstadt des ostafrikanischen Landes. Am Ende der Reise machte eine Safari im Murchison Falls National Park die Reise unvergesslich. Neben Giraffen, L\u00f6wen, Nilpferden und Elefanten sah man auch Alligatoren, Warzenschweine und Schlangen. Eindr\u00fccke, an die man sich immer erinnern wird. Da einem oftmals die Worte fehlen, um Land und Leute Ugandas zu beschreiben, hier einige Eindr\u00fccke&#8230;<\/p>\nngg_shortcode_0_placeholder\n","protected":false},"excerpt":{"rendered":"<p>Im August 2013 besuchten vier freiwillige Helfer der Kinderhilfe Uganda die St. Joseph School in Masaka und konnten dabei auch bei einem Gro\u00dfteil der Patenkinder, die in den D\u00f6rfern um die Schule wohnen, vorbeischauen. Sie haben dabei einen guten Eindruck davon bekommen, wie die Kinder leben, an was es ihnen mangelt und konnten daraufhin auch [&hellip;]<\/p>\n","protected":false},"author":7,"featured_media":0,"parent":2384,"menu_order":10,"comment_status":"closed","ping_status":"closed","template":"","meta":{"give_campaign_id":0,"ngg_post_thumbnail":0,"footnotes":""},"class_list":["post-1058","page","type-page","status-publish","hentry"],"campaignId":"","_links":{"self":[{"href":"https:\/\/www.kinderhilfe-uganda.de\/index.php?rest_route=\/wp\/v2\/pages\/1058","targetHints":{"allow":["GET"]}}],"collection":[{"href":"https:\/\/www.kinderhilfe-uganda.de\/index.php?rest_route=\/wp\/v2\/pages"}],"about":[{"href":"https:\/\/www.kinderhilfe-uganda.de\/index.php?rest_route=\/wp\/v2\/types\/page"}],"author":[{"embeddable":true,"href":"https:\/\/www.kinderhilfe-uganda.de\/index.php?rest_route=\/wp\/v2\/users\/7"}],"replies":[{"embeddable":true,"href":"https:\/\/www.kinderhilfe-uganda.de\/index.php?rest_route=%2Fwp%2Fv2%2Fcomments&post=1058"}],"version-history":[{"count":19,"href":"https:\/\/www.kinderhilfe-uganda.de\/index.php?rest_route=\/wp\/v2\/pages\/1058\/revisions"}],"predecessor-version":[{"id":2259,"href":"https:\/\/www.kinderhilfe-uganda.de\/index.php?rest_route=\/wp\/v2\/pages\/1058\/revisions\/2259"}],"up":[{"embeddable":true,"href":"https:\/\/www.kinderhilfe-uganda.de\/index.php?rest_route=\/wp\/v2\/pages\/2384"}],"wp:attachment":[{"href":"https:\/\/www.kinderhilfe-uganda.de\/index.php?rest_route=%2Fwp%2Fv2%2Fmedia&parent=1058"}],"curies":[{"name":"wp","href":"https:\/\/api.w.org\/{rel}","templated":true}]}}