{"id":1253,"date":"2020-03-09T21:34:53","date_gmt":"2020-03-09T19:34:53","guid":{"rendered":"http:\/\/www.sos-kinderhilfe-uganda.com\/?page_id=1253"},"modified":"2023-11-05T12:23:37","modified_gmt":"2023-11-05T10:23:37","slug":"schulbuechereien","status":"publish","type":"page","link":"https:\/\/www.kinderhilfe-uganda.de\/?page_id=1253","title":{"rendered":"Schulb\u00fcchereien"},"content":{"rendered":"\n<h2 class=\"wp-block-heading\">Eine B\u00fccherei f\u00fcr die St. Joseph School<\/h2>\n\n\n<p>Im August 2014 hat die Gemeinschaftsgrundschule Morsbach Spenden gesammelt. Dabei spendeten die Sch\u00fcler mithilfe von Eltern einen so gro\u00dfen Betrag, dass von dem Geld eine ganze Menge B\u00fccher f\u00fcr die ugandische Partnerschule gekauft werden konnten. In einem leerstehenden Raum wurde somit im Oktober kurzerhand eine B\u00fccherei eingerichtet, die die Sch\u00fcler der St. Joseph School nun nutzen k\u00f6nnen. Eine tolle Idee der deutschen Grundsch\u00fcler.<\/p>\n\n\n<figure class=\"wp-block-gallery columns-3 is-cropped wp-block-gallery-1 is-layout-flex wp-block-gallery-is-layout-flex\"><ul class=\"blocks-gallery-grid\"><li class=\"blocks-gallery-item\"><figure><img fetchpriority=\"high\" decoding=\"async\" width=\"1024\" height=\"768\" src=\"https:\/\/www.kinderhilfe-uganda.de\/wp-content\/uploads\/2020\/03\/B\u00fccherei_Joseph_1-1024x768.jpg\" alt=\"\" data-id=\"1775\" data-full-url=\"https:\/\/www.kinderhilfe-uganda.de\/wp-content\/uploads\/2020\/03\/B\u00fccherei_Joseph_1-scaled.jpg\" data-link=\"https:\/\/www.kinderhilfe-uganda.de\/?attachment_id=1775\" class=\"wp-image-1775\" srcset=\"https:\/\/www.kinderhilfe-uganda.de\/wp-content\/uploads\/2020\/03\/B\u00fccherei_Joseph_1-1024x768.jpg 1024w, https:\/\/www.kinderhilfe-uganda.de\/wp-content\/uploads\/2020\/03\/B\u00fccherei_Joseph_1-300x225.jpg 300w, https:\/\/www.kinderhilfe-uganda.de\/wp-content\/uploads\/2020\/03\/B\u00fccherei_Joseph_1-768x576.jpg 768w, https:\/\/www.kinderhilfe-uganda.de\/wp-content\/uploads\/2020\/03\/B\u00fccherei_Joseph_1-1536x1152.jpg 1536w, https:\/\/www.kinderhilfe-uganda.de\/wp-content\/uploads\/2020\/03\/B\u00fccherei_Joseph_1-2048x1536.jpg 2048w, https:\/\/www.kinderhilfe-uganda.de\/wp-content\/uploads\/2020\/03\/B\u00fccherei_Joseph_1-135x100.jpg 135w\" sizes=\"(max-width: 1024px) 100vw, 1024px\" \/><\/figure><\/li><li class=\"blocks-gallery-item\"><figure><img decoding=\"async\" width=\"1024\" height=\"768\" src=\"https:\/\/www.kinderhilfe-uganda.de\/wp-content\/uploads\/2020\/03\/B\u00fccherei_Joseph_4-1024x768.jpg\" alt=\"\" data-id=\"1778\" data-full-url=\"https:\/\/www.kinderhilfe-uganda.de\/wp-content\/uploads\/2020\/03\/B\u00fccherei_Joseph_4-scaled.jpg\" data-link=\"https:\/\/www.kinderhilfe-uganda.de\/?attachment_id=1778\" class=\"wp-image-1778\" srcset=\"https:\/\/www.kinderhilfe-uganda.de\/wp-content\/uploads\/2020\/03\/B\u00fccherei_Joseph_4-1024x768.jpg 1024w, https:\/\/www.kinderhilfe-uganda.de\/wp-content\/uploads\/2020\/03\/B\u00fccherei_Joseph_4-300x225.jpg 300w, https:\/\/www.kinderhilfe-uganda.de\/wp-content\/uploads\/2020\/03\/B\u00fccherei_Joseph_4-768x576.jpg 768w, https:\/\/www.kinderhilfe-uganda.de\/wp-content\/uploads\/2020\/03\/B\u00fccherei_Joseph_4-1536x1152.jpg 1536w, https:\/\/www.kinderhilfe-uganda.de\/wp-content\/uploads\/2020\/03\/B\u00fccherei_Joseph_4-2048x1536.jpg 2048w, https:\/\/www.kinderhilfe-uganda.de\/wp-content\/uploads\/2020\/03\/B\u00fccherei_Joseph_4-135x100.jpg 135w\" sizes=\"(max-width: 1024px) 100vw, 1024px\" \/><\/figure><\/li><li class=\"blocks-gallery-item\"><figure><img decoding=\"async\" width=\"1024\" height=\"768\" src=\"https:\/\/www.kinderhilfe-uganda.de\/wp-content\/uploads\/2020\/03\/B\u00fccherei_Joseph_3-1024x768.jpg\" alt=\"\" data-id=\"1777\" data-full-url=\"https:\/\/www.kinderhilfe-uganda.de\/wp-content\/uploads\/2020\/03\/B\u00fccherei_Joseph_3-scaled.jpg\" data-link=\"https:\/\/www.kinderhilfe-uganda.de\/?attachment_id=1777\" class=\"wp-image-1777\" srcset=\"https:\/\/www.kinderhilfe-uganda.de\/wp-content\/uploads\/2020\/03\/B\u00fccherei_Joseph_3-1024x768.jpg 1024w, https:\/\/www.kinderhilfe-uganda.de\/wp-content\/uploads\/2020\/03\/B\u00fccherei_Joseph_3-300x225.jpg 300w, https:\/\/www.kinderhilfe-uganda.de\/wp-content\/uploads\/2020\/03\/B\u00fccherei_Joseph_3-768x576.jpg 768w, https:\/\/www.kinderhilfe-uganda.de\/wp-content\/uploads\/2020\/03\/B\u00fccherei_Joseph_3-1536x1152.jpg 1536w, https:\/\/www.kinderhilfe-uganda.de\/wp-content\/uploads\/2020\/03\/B\u00fccherei_Joseph_3-2048x1536.jpg 2048w, https:\/\/www.kinderhilfe-uganda.de\/wp-content\/uploads\/2020\/03\/B\u00fccherei_Joseph_3-135x100.jpg 135w\" sizes=\"(max-width: 1024px) 100vw, 1024px\" \/><\/figure><\/li><li class=\"blocks-gallery-item\"><figure><img loading=\"lazy\" decoding=\"async\" width=\"1024\" height=\"768\" src=\"https:\/\/www.kinderhilfe-uganda.de\/wp-content\/uploads\/2020\/03\/B\u00fccherei_Joseph_2-1024x768.jpg\" alt=\"\" data-id=\"1776\" data-full-url=\"https:\/\/www.kinderhilfe-uganda.de\/wp-content\/uploads\/2020\/03\/B\u00fccherei_Joseph_2-scaled.jpg\" data-link=\"https:\/\/www.kinderhilfe-uganda.de\/?attachment_id=1776\" class=\"wp-image-1776\" srcset=\"https:\/\/www.kinderhilfe-uganda.de\/wp-content\/uploads\/2020\/03\/B\u00fccherei_Joseph_2-1024x768.jpg 1024w, https:\/\/www.kinderhilfe-uganda.de\/wp-content\/uploads\/2020\/03\/B\u00fccherei_Joseph_2-300x225.jpg 300w, https:\/\/www.kinderhilfe-uganda.de\/wp-content\/uploads\/2020\/03\/B\u00fccherei_Joseph_2-768x576.jpg 768w, https:\/\/www.kinderhilfe-uganda.de\/wp-content\/uploads\/2020\/03\/B\u00fccherei_Joseph_2-1536x1152.jpg 1536w, https:\/\/www.kinderhilfe-uganda.de\/wp-content\/uploads\/2020\/03\/B\u00fccherei_Joseph_2-2048x1536.jpg 2048w, https:\/\/www.kinderhilfe-uganda.de\/wp-content\/uploads\/2020\/03\/B\u00fccherei_Joseph_2-135x100.jpg 135w\" sizes=\"(max-width: 1024px) 100vw, 1024px\" \/><\/figure><\/li><\/ul><\/figure>\n\n\n\n<h2 class=\"wp-block-heading\">Eine B\u00fccherei f\u00fcr <strong>die Crown Star Junior School<\/strong><\/h2>\n\n\n\n<p>Auch die Crown Star Junior School erhielt aus Spendengeldern eine B\u00fccherei. Hier war jedoch der Wunsch nach Lehrb\u00fcchern f\u00fcr die Lehrerschaft. So wurden im Oktober 2016 in dem durch einen \u00f6rtlichen Schreiner aufgebauten Regal, ausgesuchtes p\u00e4dagogisches Lehrmaterial (ebenfalls in \u00f6rtlichen Buchhandlungen von uns gekauft) dort einger\u00e4umt, um den Sch\u00fclern\/innen einen hochwertigeren Unterricht bieten zu k\u00f6nnen.<\/p>\n\n\n\n<figure class=\"wp-block-gallery columns-3 is-cropped wp-block-gallery-2 is-layout-flex wp-block-gallery-is-layout-flex\"><ul class=\"blocks-gallery-grid\"><li class=\"blocks-gallery-item\"><figure><img loading=\"lazy\" decoding=\"async\" width=\"768\" height=\"1024\" src=\"https:\/\/www.kinderhilfe-uganda.de\/wp-content\/uploads\/2020\/03\/B\u00fccherei-Crown-Star-1-768x1024.jpg\" alt=\"\" data-id=\"1771\" data-full-url=\"https:\/\/www.kinderhilfe-uganda.de\/wp-content\/uploads\/2020\/03\/B\u00fccherei-Crown-Star-1-scaled.jpg\" data-link=\"https:\/\/www.kinderhilfe-uganda.de\/?attachment_id=1771\" class=\"wp-image-1771\" srcset=\"https:\/\/www.kinderhilfe-uganda.de\/wp-content\/uploads\/2020\/03\/B\u00fccherei-Crown-Star-1-768x1024.jpg 768w, https:\/\/www.kinderhilfe-uganda.de\/wp-content\/uploads\/2020\/03\/B\u00fccherei-Crown-Star-1-225x300.jpg 225w, https:\/\/www.kinderhilfe-uganda.de\/wp-content\/uploads\/2020\/03\/B\u00fccherei-Crown-Star-1-1152x1536.jpg 1152w, https:\/\/www.kinderhilfe-uganda.de\/wp-content\/uploads\/2020\/03\/B\u00fccherei-Crown-Star-1-1536x2048.jpg 1536w, https:\/\/www.kinderhilfe-uganda.de\/wp-content\/uploads\/2020\/03\/B\u00fccherei-Crown-Star-1-scaled.jpg 1920w\" sizes=\"(max-width: 768px) 100vw, 768px\" \/><\/figure><\/li><li class=\"blocks-gallery-item\"><figure><img loading=\"lazy\" decoding=\"async\" width=\"1024\" height=\"768\" src=\"https:\/\/www.kinderhilfe-uganda.de\/wp-content\/uploads\/2020\/03\/B\u00fccherei-Crown-Star-4-1024x768.jpg\" alt=\"\" data-id=\"1770\" data-full-url=\"https:\/\/www.kinderhilfe-uganda.de\/wp-content\/uploads\/2020\/03\/B\u00fccherei-Crown-Star-4-scaled.jpg\" data-link=\"https:\/\/www.kinderhilfe-uganda.de\/?attachment_id=1770\" class=\"wp-image-1770\" srcset=\"https:\/\/www.kinderhilfe-uganda.de\/wp-content\/uploads\/2020\/03\/B\u00fccherei-Crown-Star-4-1024x768.jpg 1024w, https:\/\/www.kinderhilfe-uganda.de\/wp-content\/uploads\/2020\/03\/B\u00fccherei-Crown-Star-4-300x225.jpg 300w, https:\/\/www.kinderhilfe-uganda.de\/wp-content\/uploads\/2020\/03\/B\u00fccherei-Crown-Star-4-768x576.jpg 768w, https:\/\/www.kinderhilfe-uganda.de\/wp-content\/uploads\/2020\/03\/B\u00fccherei-Crown-Star-4-1536x1152.jpg 1536w, https:\/\/www.kinderhilfe-uganda.de\/wp-content\/uploads\/2020\/03\/B\u00fccherei-Crown-Star-4-2048x1536.jpg 2048w, https:\/\/www.kinderhilfe-uganda.de\/wp-content\/uploads\/2020\/03\/B\u00fccherei-Crown-Star-4-135x100.jpg 135w\" sizes=\"(max-width: 1024px) 100vw, 1024px\" \/><\/figure><\/li><li class=\"blocks-gallery-item\"><figure><img loading=\"lazy\" decoding=\"async\" width=\"1024\" height=\"768\" src=\"https:\/\/www.kinderhilfe-uganda.de\/wp-content\/uploads\/2020\/03\/B\u00fccherei-Crown-Star-3-1024x768.jpg\" alt=\"\" data-id=\"1769\" data-full-url=\"https:\/\/www.kinderhilfe-uganda.de\/wp-content\/uploads\/2020\/03\/B\u00fccherei-Crown-Star-3-scaled.jpg\" data-link=\"https:\/\/www.kinderhilfe-uganda.de\/?attachment_id=1769\" class=\"wp-image-1769\" srcset=\"https:\/\/www.kinderhilfe-uganda.de\/wp-content\/uploads\/2020\/03\/B\u00fccherei-Crown-Star-3-1024x768.jpg 1024w, https:\/\/www.kinderhilfe-uganda.de\/wp-content\/uploads\/2020\/03\/B\u00fccherei-Crown-Star-3-300x225.jpg 300w, https:\/\/www.kinderhilfe-uganda.de\/wp-content\/uploads\/2020\/03\/B\u00fccherei-Crown-Star-3-768x576.jpg 768w, https:\/\/www.kinderhilfe-uganda.de\/wp-content\/uploads\/2020\/03\/B\u00fccherei-Crown-Star-3-1536x1152.jpg 1536w, https:\/\/www.kinderhilfe-uganda.de\/wp-content\/uploads\/2020\/03\/B\u00fccherei-Crown-Star-3-2048x1536.jpg 2048w, https:\/\/www.kinderhilfe-uganda.de\/wp-content\/uploads\/2020\/03\/B\u00fccherei-Crown-Star-3-135x100.jpg 135w\" sizes=\"(max-width: 1024px) 100vw, 1024px\" \/><\/figure><\/li><li class=\"blocks-gallery-item\"><figure><img loading=\"lazy\" decoding=\"async\" width=\"1024\" height=\"768\" src=\"https:\/\/www.kinderhilfe-uganda.de\/wp-content\/uploads\/2020\/03\/B\u00fccherei-Crown-Star-2-1024x768.jpg\" alt=\"\" data-id=\"1768\" data-full-url=\"https:\/\/www.kinderhilfe-uganda.de\/wp-content\/uploads\/2020\/03\/B\u00fccherei-Crown-Star-2-scaled.jpg\" data-link=\"https:\/\/www.kinderhilfe-uganda.de\/?attachment_id=1768\" class=\"wp-image-1768\" srcset=\"https:\/\/www.kinderhilfe-uganda.de\/wp-content\/uploads\/2020\/03\/B\u00fccherei-Crown-Star-2-1024x768.jpg 1024w, https:\/\/www.kinderhilfe-uganda.de\/wp-content\/uploads\/2020\/03\/B\u00fccherei-Crown-Star-2-300x225.jpg 300w, https:\/\/www.kinderhilfe-uganda.de\/wp-content\/uploads\/2020\/03\/B\u00fccherei-Crown-Star-2-768x576.jpg 768w, https:\/\/www.kinderhilfe-uganda.de\/wp-content\/uploads\/2020\/03\/B\u00fccherei-Crown-Star-2-1536x1152.jpg 1536w, https:\/\/www.kinderhilfe-uganda.de\/wp-content\/uploads\/2020\/03\/B\u00fccherei-Crown-Star-2-2048x1536.jpg 2048w, https:\/\/www.kinderhilfe-uganda.de\/wp-content\/uploads\/2020\/03\/B\u00fccherei-Crown-Star-2-135x100.jpg 135w\" sizes=\"(max-width: 1024px) 100vw, 1024px\" \/><\/figure><\/li><\/ul><\/figure>\n","protected":false},"excerpt":{"rendered":"<p>Eine B\u00fccherei f\u00fcr die St. Joseph School Im August 2014 hat die Gemeinschaftsgrundschule Morsbach Spenden gesammelt. Dabei spendeten die Sch\u00fcler mithilfe von Eltern einen so gro\u00dfen Betrag, dass von dem Geld eine ganze Menge B\u00fccher f\u00fcr die ugandische Partnerschule gekauft werden konnten. In einem leerstehenden Raum wurde somit im Oktober kurzerhand eine B\u00fccherei eingerichtet, die [&hellip;]<\/p>\n","protected":false},"author":7,"featured_media":0,"parent":2382,"menu_order":0,"comment_status":"closed","ping_status":"closed","template":"","meta":{"give_campaign_id":0,"ngg_post_thumbnail":0,"footnotes":""},"class_list":["post-1253","page","type-page","status-publish","hentry"],"campaignId":"","_links":{"self":[{"href":"https:\/\/www.kinderhilfe-uganda.de\/index.php?rest_route=\/wp\/v2\/pages\/1253","targetHints":{"allow":["GET"]}}],"collection":[{"href":"https:\/\/www.kinderhilfe-uganda.de\/index.php?rest_route=\/wp\/v2\/pages"}],"about":[{"href":"https:\/\/www.kinderhilfe-uganda.de\/index.php?rest_route=\/wp\/v2\/types\/page"}],"author":[{"embeddable":true,"href":"https:\/\/www.kinderhilfe-uganda.de\/index.php?rest_route=\/wp\/v2\/users\/7"}],"replies":[{"embeddable":true,"href":"https:\/\/www.kinderhilfe-uganda.de\/index.php?rest_route=%2Fwp%2Fv2%2Fcomments&post=1253"}],"version-history":[{"count":9,"href":"https:\/\/www.kinderhilfe-uganda.de\/index.php?rest_route=\/wp\/v2\/pages\/1253\/revisions"}],"predecessor-version":[{"id":1828,"href":"https:\/\/www.kinderhilfe-uganda.de\/index.php?rest_route=\/wp\/v2\/pages\/1253\/revisions\/1828"}],"up":[{"embeddable":true,"href":"https:\/\/www.kinderhilfe-uganda.de\/index.php?rest_route=\/wp\/v2\/pages\/2382"}],"wp:attachment":[{"href":"https:\/\/www.kinderhilfe-uganda.de\/index.php?rest_route=%2Fwp%2Fv2%2Fmedia&parent=1253"}],"curies":[{"name":"wp","href":"https:\/\/api.w.org\/{rel}","templated":true}]}}