{"id":1289,"date":"2016-12-12T09:46:33","date_gmt":"2016-12-12T07:46:33","guid":{"rendered":"http:\/\/www.sos-kinderhilfe-uganda.com\/?page_id=1289"},"modified":"2023-11-05T12:24:11","modified_gmt":"2023-11-05T10:24:11","slug":"besuch-in-uganda-2016","status":"publish","type":"page","link":"https:\/\/www.kinderhilfe-uganda.de\/?page_id=1289","title":{"rendered":"Uganda-Reise 2016"},"content":{"rendered":"<p>K\u00fcrzlich reiste eine neunk\u00f6pfige Gruppe der Kinderhilfe Uganda nach Masaka in Uganda. Neben der st\u00e4ndigen Unterst\u00fctzung von derzeit 75 Kindern rund um die afrikanische Stadt, wurden zudem mehrere neue Projekte auf den Weg gebracht. So wurden unter anderem zwei Schulen mit neuen Moskitonetzen f\u00fcr die Schlafr\u00e4ume der &#8222;Boarding Section&#8220; (Internat) ausgestattet. Au\u00dferdem wurde eine B\u00fccherei f\u00fcr die Crown Star Junior School finanziert. F\u00fcr besonders viele strahlende Gesichter sorgten die Trikotspenden der Spvg Wallerhausen.<\/p>\nngg_shortcode_0_placeholder\n","protected":false},"excerpt":{"rendered":"<p>K\u00fcrzlich reiste eine neunk\u00f6pfige Gruppe der Kinderhilfe Uganda nach Masaka in Uganda. Neben der st\u00e4ndigen Unterst\u00fctzung von derzeit 75 Kindern rund um die afrikanische Stadt, wurden zudem mehrere neue Projekte auf den Weg gebracht. So wurden unter anderem zwei Schulen mit neuen Moskitonetzen f\u00fcr die Schlafr\u00e4ume der &#8222;Boarding Section&#8220; (Internat) ausgestattet. Au\u00dferdem wurde eine B\u00fccherei [&hellip;]<\/p>\n","protected":false},"author":7,"featured_media":0,"parent":2384,"menu_order":6,"comment_status":"closed","ping_status":"closed","template":"","meta":{"give_campaign_id":0,"ngg_post_thumbnail":0,"footnotes":""},"class_list":["post-1289","page","type-page","status-publish","hentry"],"campaignId":"","_links":{"self":[{"href":"https:\/\/www.kinderhilfe-uganda.de\/index.php?rest_route=\/wp\/v2\/pages\/1289","targetHints":{"allow":["GET"]}}],"collection":[{"href":"https:\/\/www.kinderhilfe-uganda.de\/index.php?rest_route=\/wp\/v2\/pages"}],"about":[{"href":"https:\/\/www.kinderhilfe-uganda.de\/index.php?rest_route=\/wp\/v2\/types\/page"}],"author":[{"embeddable":true,"href":"https:\/\/www.kinderhilfe-uganda.de\/index.php?rest_route=\/wp\/v2\/users\/7"}],"replies":[{"embeddable":true,"href":"https:\/\/www.kinderhilfe-uganda.de\/index.php?rest_route=%2Fwp%2Fv2%2Fcomments&post=1289"}],"version-history":[{"count":26,"href":"https:\/\/www.kinderhilfe-uganda.de\/index.php?rest_route=\/wp\/v2\/pages\/1289\/revisions"}],"predecessor-version":[{"id":2257,"href":"https:\/\/www.kinderhilfe-uganda.de\/index.php?rest_route=\/wp\/v2\/pages\/1289\/revisions\/2257"}],"up":[{"embeddable":true,"href":"https:\/\/www.kinderhilfe-uganda.de\/index.php?rest_route=\/wp\/v2\/pages\/2384"}],"wp:attachment":[{"href":"https:\/\/www.kinderhilfe-uganda.de\/index.php?rest_route=%2Fwp%2Fv2%2Fmedia&parent=1289"}],"curies":[{"name":"wp","href":"https:\/\/api.w.org\/{rel}","templated":true}]}}