{"id":1823,"date":"2020-03-11T12:28:51","date_gmt":"2020-03-11T10:28:51","guid":{"rendered":"https:\/\/www.kinderhilfe-uganda.de\/?page_id=1823"},"modified":"2023-11-05T12:23:46","modified_gmt":"2023-11-05T10:23:46","slug":"seifenproduktion","status":"publish","type":"page","link":"https:\/\/www.kinderhilfe-uganda.de\/?page_id=1823","title":{"rendered":"Seifenproduktion"},"content":{"rendered":"\n<p>Unter der Maxime \u201eHilfe zur Selbsthilfe\u201c ist es der Organisation Kinderhilfe Uganda vor allem wichtig Projekte zu starten, die nachhaltig sind. So ist ein laufendes Projekt die solarbetriebene Seifenproduktion in der St. Joseph School in Masaka, sowie im Ikirah Education Center. <\/p>\n\n\n\n<h2 class=\"wp-block-heading\">Seifenproduktion St. Joseph School<\/h2>\n\n\n\n<p>Die Kinderhilfe Uganda e.V. hat aus Spenden im Fr\u00fchjahr 2013 auf dem Gel\u00e4nde der St. Josephs School in Masaka ein massives Geb\u00e4ude errichtet. Das Geb\u00e4ude verf\u00fcgt \u00fcber drei R\u00e4ume, in denen Seife produziert wird. Zu Beginn der Produktion wurden zwei Solarkocher und Zutaten f\u00fcr die erste Seifenproduktion vom Verein Kinderhilfe Uganda gekauft. Das neue Geb\u00e4ude erm\u00f6glicht es den Sch\u00fclern und Lehrern feste, fl\u00fcssige und medizinische Seife in sicherer Umgebung herzustellen. Die hergestellte Seife wird an Eltern, Lehrer und Nachbarn verkauft. Es ist somit ein sich selbst finanzierendes Projekt mit dem Ziel, allen Kindern mittags eine warme Mahlzeit zu erm\u00f6glichen. Von den Erl\u00f6sen werden 70 % ben\u00f6tigt, um die Zutaten der n\u00e4chsten Seifenproduktion zu finanzieren. Mit den restlichen 30 % werden Lebensmittel (Getreide) f\u00fcr das t\u00e4gliche Mittagessen gekauft. Bislang erhielten lediglich 650 Kinder eine warme Mahlzeit am Tag. Dank dieses Projektes k\u00f6nnen nun alle 1000 Kinder in der Mittagspause etwas Warmes essen. Und mit einem vollen Bauch l\u00e4sst es sich \u00fcberall auf der Welt besser lernen. <\/p>\n\n\n\nngg_shortcode_0_placeholder\n\n\n\n<h2 class=\"wp-block-heading\">Seifenproduktion Ikirah Education Center<\/h2>\n\n\n\n<p>Die Seifenproduktion im Ikirah Education Center wurde von der UNESCO ins Leben gerufen. Die Kinderhilfe Uganda lie\u00df ein Geb\u00e4ude errichten, in dem die Seife nun produziert wird. Mittlerweile haben die verantwortlichen Lehrer der Schule die Produktion perfektioniert, sodass sie die St. Joseph School unterst\u00fctzen k\u00f6nnen. Der Ikirah Education Center befindet sich noch im Aufbau, der Gewinn wird in den Ausbau der Geb\u00e4ude investiert.<\/p>\n\n\n\nngg_shortcode_1_placeholder\n","protected":false},"excerpt":{"rendered":"<p>Unter der Maxime \u201eHilfe zur Selbsthilfe\u201c ist es der Organisation Kinderhilfe Uganda vor allem wichtig Projekte zu starten, die nachhaltig sind. So ist ein laufendes Projekt die solarbetriebene Seifenproduktion in der St. Joseph School in Masaka, sowie im Ikirah Education Center. Seifenproduktion St. Joseph School Die Kinderhilfe Uganda e.V. hat aus Spenden im Fr\u00fchjahr 2013 [&hellip;]<\/p>\n","protected":false},"author":7,"featured_media":0,"parent":2382,"menu_order":0,"comment_status":"closed","ping_status":"closed","template":"","meta":{"give_campaign_id":0,"ngg_post_thumbnail":0,"footnotes":""},"class_list":["post-1823","page","type-page","status-publish","hentry"],"campaignId":"","_links":{"self":[{"href":"https:\/\/www.kinderhilfe-uganda.de\/index.php?rest_route=\/wp\/v2\/pages\/1823","targetHints":{"allow":["GET"]}}],"collection":[{"href":"https:\/\/www.kinderhilfe-uganda.de\/index.php?rest_route=\/wp\/v2\/pages"}],"about":[{"href":"https:\/\/www.kinderhilfe-uganda.de\/index.php?rest_route=\/wp\/v2\/types\/page"}],"author":[{"embeddable":true,"href":"https:\/\/www.kinderhilfe-uganda.de\/index.php?rest_route=\/wp\/v2\/users\/7"}],"replies":[{"embeddable":true,"href":"https:\/\/www.kinderhilfe-uganda.de\/index.php?rest_route=%2Fwp%2Fv2%2Fcomments&post=1823"}],"version-history":[{"count":3,"href":"https:\/\/www.kinderhilfe-uganda.de\/index.php?rest_route=\/wp\/v2\/pages\/1823\/revisions"}],"predecessor-version":[{"id":1901,"href":"https:\/\/www.kinderhilfe-uganda.de\/index.php?rest_route=\/wp\/v2\/pages\/1823\/revisions\/1901"}],"up":[{"embeddable":true,"href":"https:\/\/www.kinderhilfe-uganda.de\/index.php?rest_route=\/wp\/v2\/pages\/2382"}],"wp:attachment":[{"href":"https:\/\/www.kinderhilfe-uganda.de\/index.php?rest_route=%2Fwp%2Fv2%2Fmedia&parent=1823"}],"curies":[{"name":"wp","href":"https:\/\/api.w.org\/{rel}","templated":true}]}}