{"id":1877,"date":"2020-04-12T11:33:31","date_gmt":"2020-04-12T09:33:31","guid":{"rendered":"https:\/\/www.kinderhilfe-uganda.de\/?page_id=1877"},"modified":"2023-11-05T12:21:59","modified_gmt":"2023-11-05T10:21:59","slug":"spende-eine-welt-laden-morsbach-2020","status":"publish","type":"page","link":"https:\/\/www.kinderhilfe-uganda.de\/?page_id=1877","title":{"rendered":"Spende Eine-Welt-Laden Morsbach 2020"},"content":{"rendered":"\n<p>Bei der Jahreshauptversammlung des Vereins \u201eWeltladen Morsbach e.V.\u201c im November 2019 hielt Reinhard Langen einen Bildervortrag \u00fcber die Arbeit der \u201eKinderhilfe Uganda e.V.\u201c aus Morsbach und die Reise einiger Vorstandsmitglieder in das afrikanische Land. Die Hilfsorganisation plant dort zur Zeit unter anderem den Bau eines Waisenhauses. <br>Das Team des Eine-Welt-L\u00e4dchens Morsbach m\u00f6chte dieses Projekt gerne unterst\u00fctzen und hat spontan beschlossen, eine Spende an die \u201eKinderhilfe Uganda\u201c zu zahlen. K\u00fcrzlich \u00fcberreichte die Vorsitzende des \u201eWeltladen Morsbach e.V.\u201c, Annette Buchen, dem Vertreter der Ugandahilfe, Reinhard Langen, einen symbolischen Scheck \u00fcber 500 Euro. Langen versprach, dass die Spende 1:1 vor Ort ankommen und verwendet wird. <br>(Artikel aus Flursch\u00fctzausgabe (4) 21.03.2020) <\/p>\n\n\n\n<figure class=\"wp-block-image size-large\"><img fetchpriority=\"high\" decoding=\"async\" width=\"1024\" height=\"768\" src=\"https:\/\/www.kinderhilfe-uganda.de\/wp-content\/uploads\/2020\/04\/Scheck\u00fcbergabe-Annette-Buchen-Reinhard-Langen-Foto-L.Schmallenbach-1024x768.jpg\" alt=\"\" class=\"wp-image-1878\" srcset=\"https:\/\/www.kinderhilfe-uganda.de\/wp-content\/uploads\/2020\/04\/Scheck\u00fcbergabe-Annette-Buchen-Reinhard-Langen-Foto-L.Schmallenbach-1024x768.jpg 1024w, https:\/\/www.kinderhilfe-uganda.de\/wp-content\/uploads\/2020\/04\/Scheck\u00fcbergabe-Annette-Buchen-Reinhard-Langen-Foto-L.Schmallenbach-300x225.jpg 300w, https:\/\/www.kinderhilfe-uganda.de\/wp-content\/uploads\/2020\/04\/Scheck\u00fcbergabe-Annette-Buchen-Reinhard-Langen-Foto-L.Schmallenbach-768x576.jpg 768w, https:\/\/www.kinderhilfe-uganda.de\/wp-content\/uploads\/2020\/04\/Scheck\u00fcbergabe-Annette-Buchen-Reinhard-Langen-Foto-L.Schmallenbach-1536x1152.jpg 1536w, https:\/\/www.kinderhilfe-uganda.de\/wp-content\/uploads\/2020\/04\/Scheck\u00fcbergabe-Annette-Buchen-Reinhard-Langen-Foto-L.Schmallenbach-135x100.jpg 135w, https:\/\/www.kinderhilfe-uganda.de\/wp-content\/uploads\/2020\/04\/Scheck\u00fcbergabe-Annette-Buchen-Reinhard-Langen-Foto-L.Schmallenbach.jpg 1600w\" sizes=\"(max-width: 1024px) 100vw, 1024px\" \/><figcaption>Scheck\u00fcbergabe (Reinhard Langen \/ Annette Buchen)<br>Foto: Linda Schmallenbach<\/figcaption><\/figure>\n","protected":false},"excerpt":{"rendered":"<p>Bei der Jahreshauptversammlung des Vereins \u201eWeltladen Morsbach e.V.\u201c im November 2019 hielt Reinhard Langen einen Bildervortrag \u00fcber die Arbeit der \u201eKinderhilfe Uganda e.V.\u201c aus Morsbach und die Reise einiger Vorstandsmitglieder in das afrikanische Land. Die Hilfsorganisation plant dort zur Zeit unter anderem den Bau eines Waisenhauses. Das Team des Eine-Welt-L\u00e4dchens Morsbach m\u00f6chte dieses Projekt gerne [&hellip;]<\/p>\n","protected":false},"author":7,"featured_media":0,"parent":10,"menu_order":0,"comment_status":"closed","ping_status":"closed","template":"","meta":{"give_campaign_id":0,"ngg_post_thumbnail":0,"footnotes":""},"class_list":["post-1877","page","type-page","status-publish","hentry"],"campaignId":"","_links":{"self":[{"href":"https:\/\/www.kinderhilfe-uganda.de\/index.php?rest_route=\/wp\/v2\/pages\/1877","targetHints":{"allow":["GET"]}}],"collection":[{"href":"https:\/\/www.kinderhilfe-uganda.de\/index.php?rest_route=\/wp\/v2\/pages"}],"about":[{"href":"https:\/\/www.kinderhilfe-uganda.de\/index.php?rest_route=\/wp\/v2\/types\/page"}],"author":[{"embeddable":true,"href":"https:\/\/www.kinderhilfe-uganda.de\/index.php?rest_route=\/wp\/v2\/users\/7"}],"replies":[{"embeddable":true,"href":"https:\/\/www.kinderhilfe-uganda.de\/index.php?rest_route=%2Fwp%2Fv2%2Fcomments&post=1877"}],"version-history":[{"count":2,"href":"https:\/\/www.kinderhilfe-uganda.de\/index.php?rest_route=\/wp\/v2\/pages\/1877\/revisions"}],"predecessor-version":[{"id":1900,"href":"https:\/\/www.kinderhilfe-uganda.de\/index.php?rest_route=\/wp\/v2\/pages\/1877\/revisions\/1900"}],"up":[{"embeddable":true,"href":"https:\/\/www.kinderhilfe-uganda.de\/index.php?rest_route=\/wp\/v2\/pages\/10"}],"wp:attachment":[{"href":"https:\/\/www.kinderhilfe-uganda.de\/index.php?rest_route=%2Fwp%2Fv2%2Fmedia&parent=1877"}],"curies":[{"name":"wp","href":"https:\/\/api.w.org\/{rel}","templated":true}]}}