{"id":1893,"date":"2020-04-12T12:01:24","date_gmt":"2020-04-12T10:01:24","guid":{"rendered":"https:\/\/www.kinderhilfe-uganda.de\/?page_id=1893"},"modified":"2023-11-05T12:22:11","modified_gmt":"2023-11-05T10:22:11","slug":"spende-der-amitola-gemeinschaftsgrundschule-morsbach","status":"publish","type":"page","link":"https:\/\/www.kinderhilfe-uganda.de\/?page_id=1893","title":{"rendered":"Spenden der Amitola-Grundschule Morsbach"},"content":{"rendered":"\n<h2 class=\"wp-block-heading\">Kinder der Amitola Grundschule laufen f\u00fcr Kinder in Uganda &#8211; 2022<\/h2>\n\n\n\n<p>Im Rahmen des Schulfestes der Amitola Grundschule Morsbach am 6.Mai 2022 wurde zum 3. Mal ein<br>Sponsorenlauf zugunsten der Kinderhilfe Uganda durchgef\u00fchrt. Dabei schafften es die Kinder der 3<br>Grundschulstandorte Morsbach, Lichtenberg und Holpe die unglaubliche Summe von mehr als 17.000<br>\u20ac zu erlaufen. Im Vorfeld wurden flei\u00dfig Sponsoren gesucht, die bereit waren, f\u00fcr jede gelaufene Runde<br>auf dem Morsbacher Sportplatz einen festgelegten Betrag zu spenden. Hochmotiviert und zudem bei<br>bestem Wetter gaben die Kinder dann alles, um gemeinsam zu diesem grandiosen Ergebnis zu<br>kommen.<br>Vor 4 Jahren hatte die Grundschule die Patenschaften \u00fcber 3 Waisenkinder \u00fcbernommen. Joan,<br>Patricia und Patrick wurden von einer Freundin der verstorbenen Mutter aufgenommen und konnten<br>seit der \u00dcbernahmen der Patenschaften zur Schule gehen.<br>Die damalige Spende der Grundschule machte es ebenfalls m\u00f6glich, das bisher gr\u00f6\u00dfte Projekt des<br>Vereins zu starten: den Bau eines Waisenhauses in Masaka. Mit Hilfe des befreundeten Schulleiters<br>vor Ort wurde ein Grundst\u00fcck gekauft, auf dem 2020\/ 21 ein Waisenhaus f\u00fcr ca. 25 Kinder errichtet<br>wurde. Viele weitere Spendengelder sowie viele ehrenamtliche Helferstunden waren nat\u00fcrlich n\u00f6tig, um<br>dieses Projekt zu realisieren.<br>Nachdem seit ca. einem Jahr nach und nach Personal und die ersten Kinder im Heim eingezogen sind,<br>aktuell 18 Kinder im Alter von 1-14 Jahren, war es in diesem Jahr auch endlich wieder m\u00f6glich, Besuche<br>aus Deutschland vor Ort zu planen. So machte sich in den Herbstferien ein 11-k\u00f6pfiges Team aus<br>Vereinsmitgliedern und ehrenamtlichen Helfern, nat\u00fcrlich wie immer auf eigene Kosten, auf den Weg<br>nach Uganda, um das Voranschreiten des Projektes mit eigenen Augen zu sehen und Kinder und<br>Personal kennenzulernen. Dabei bereitete es den Teilnehmern besonderen Spa\u00df, selbst Hand<br>anzulegen, z.B. beim noch unvollst\u00e4ndigen Innenanstrich des Geb\u00e4udes, beim Errichten eines<br>Spielplatzes oder beim Bau eines H\u00fchnerstalls. Zudem waren viele informative und organisatorische<br>Besuche und Gespr\u00e4che eingeplant, zum Beispiel bei den \u00f6rtlichen Beh\u00f6rden, bei 2 anderen<br>Waisenh\u00e4usern oder bei einem Treffen mit dem Management Committee des Heimes.<br>Ein Besuch bei der befreundeten Crown Star Junior School durfte nat\u00fcrlich auch nicht fehlen. Seit<br>mehreren Monaten besteht ein regelm\u00e4\u00dfiger Briefkontakt zwischen den jetzigen Viertkl\u00e4sslerInnen der<br>Amitola Grundschule und den Kindern der Crown Star Schule. Mit einem bunten Programm aus Musik,<br>Tanz und Wettspielen wurden die Besucher aus Morsbach herzlich in der Schule empfangen, bevor f\u00fcr<br>die deutschen Kinder Fotos vom Verteilen der Briefe geschossen werden konnten.<br>Die 3 Patenkinder der Grundschule konnten in diesem Jahr zu Hause bei ihrer Pflegemutter besucht<br>und nat\u00fcrlich auch mit Pr\u00e4senten aus Deutschland beschenkt werden. Durch den Erl\u00f6s des<br>Sponsorenlaufes ist weiterhin sichergestellt, dass die 3 Kinder unterst\u00fctzt werden k\u00f6nnen. Joan, der<br>\u00c4ltesten, wird die Ausbildung in einer N\u00e4hschule finanziert, nach der abgeschlossenen Ausbildung wird<br>sie eine eigene N\u00e4hmaschine erhalten. F\u00fcr Patricia und Patrick werden f\u00fcr weitere 2 bzw. 4 Jahre die<br>Kosten f\u00fcr die Schulausbildung in einer Boarding school (Internat) \u00fcbernommen, jeweils bis zum<br>Abschluss der Sekundarstufe. Insgesamt sind f\u00fcr die 3 Patenkinder ca. 1700 \u20ac f\u00fcr die folgenden 4 Jahre<br>eingeplant. Die 3 Geschwister und deren Pflegemutter waren sehr froh und dankbar f\u00fcr diese<br>Unterst\u00fctzung.<br>Der gr\u00f6\u00dfte Teil der Spenden vom Sponsorenlauf soll den Kindern der Partnerschule bzw. des<br>Waisenhauses, die diese Schule besuchen, zu Gute kommen. Hierzu gibt es momentan mehrere Ideen,<br>die vor Ort angedacht und besprochen wurden, \u00fcber die aber noch nicht endg\u00fcltig entschieden wurde.<br>Zum einen w\u00e4re eine finanzielle Unterst\u00fctzung der Schule sehr sinnvoll, da viele Geb\u00e4ude in einem<br>schlechten Zustand sind, die Innenausstattung sehr rudiment\u00e4r ist und es an Materialien, Tafeln etc.<br>fehlt. W\u00e4hrend der Corona Pandemie waren die Schulen in Uganda fast 2 Jahre lang geschlossen. Das<br>hatte nicht nur enorme Bildungsr\u00fcckst\u00e4nde bei den Kindern zur Folge, sondern f\u00fchrte auch bei<br>Privatschulen wie der Crown Star Schule zu finanziellen Engp\u00e4ssen, da laufende Kosten ohne<br>Einnahmen gedeckt werden mussten.<br>Zum anderen gibt es aber auch beim Waisenhausprojekt noch Erweiterungsbedarf, z.B. durch den Bau<br>einer Au\u00dfenlatrine, einer Au\u00dfenk\u00fcche und eines Brunnens, um den Wasserbedarf dauerhaft kostenfrei<br>zu sichern. Hierf\u00fcr wurde zusammen mit dem Bauleiter vor Ort ein Gesamtkonzept erarbeitet, dessen<br>Kosten auf ca. 8000- 9000 \u20ac gesch\u00e4tzt werden. Insbesondere der Brunnen und das zus\u00e4tzliche<br>Toilettengeb\u00e4ude w\u00e4ren sehr wichtig, wenn das Waisenhaus voll belegt werden soll. Eine weitere Idee<br>ist die Einrichtung eines eigenen kleinen Kindergartens, um langfristig die Kosten f\u00fcr Schulgeb\u00fchren zu<br>reduzieren.<br>Kurzfristig wurde schon Geld bereitgestellt, um schnellstm\u00f6glich weitere Anpflanzungen auf dem<br>Grundst\u00fcck des Waisenhauses zu erm\u00f6glichen, die noch w\u00e4hrend der Regenzeit erfolgen sollen. Im<br>vergangenen Jahr wurde bereits damit begonnen, Obst und Gem\u00fcse anzupflanzen. Nun werden weitere<br>570 \u20ac f\u00fcr den Anbau von S\u00fc\u00dfkartoffeln, f\u00fcr 30 Bananenstauden, 30 verschiedene Obstb\u00e4ume und die<br>n\u00f6tige D\u00fcngung des Bodens durch Stallmist zur Verf\u00fcgung gestellt. Angesichts der rasant steigenden<br>Lebensmittelpreise ist dieses Pflanzprojekt neben dem H\u00fchnerprojekt ein weiterer Schritt in die<br>Selbstversorgung, also nachhaltig investiertes Geld.<\/p>\n\n\n\n<figure class=\"wp-block-gallery has-nested-images columns-default is-cropped wp-block-gallery-1 is-layout-flex wp-block-gallery-is-layout-flex\">\n<figure class=\"wp-block-image size-full is-style-default\"><a href=\"https:\/\/www.kinderhilfe-uganda.de\/wp-content\/uploads\/2022\/12\/Schecku\u0308bergabe-Direktor-des-Waisenhauses-sowie-Schulleiter-Kalyango-Herbert-und-Monika-Langen-scaled.jpg\"><img fetchpriority=\"high\" decoding=\"async\" width=\"2560\" height=\"1920\" data-id=\"2174\" src=\"https:\/\/www.kinderhilfe-uganda.de\/wp-content\/uploads\/2022\/12\/Schecku\u0308bergabe-Direktor-des-Waisenhauses-sowie-Schulleiter-Kalyango-Herbert-und-Monika-Langen-scaled.jpg\" alt=\"\" class=\"wp-image-2174\" srcset=\"https:\/\/www.kinderhilfe-uganda.de\/wp-content\/uploads\/2022\/12\/Schecku\u0308bergabe-Direktor-des-Waisenhauses-sowie-Schulleiter-Kalyango-Herbert-und-Monika-Langen-scaled.jpg 2560w, https:\/\/www.kinderhilfe-uganda.de\/wp-content\/uploads\/2022\/12\/Schecku\u0308bergabe-Direktor-des-Waisenhauses-sowie-Schulleiter-Kalyango-Herbert-und-Monika-Langen-300x225.jpg 300w, https:\/\/www.kinderhilfe-uganda.de\/wp-content\/uploads\/2022\/12\/Schecku\u0308bergabe-Direktor-des-Waisenhauses-sowie-Schulleiter-Kalyango-Herbert-und-Monika-Langen-1024x768.jpg 1024w, https:\/\/www.kinderhilfe-uganda.de\/wp-content\/uploads\/2022\/12\/Schecku\u0308bergabe-Direktor-des-Waisenhauses-sowie-Schulleiter-Kalyango-Herbert-und-Monika-Langen-768x576.jpg 768w, https:\/\/www.kinderhilfe-uganda.de\/wp-content\/uploads\/2022\/12\/Schecku\u0308bergabe-Direktor-des-Waisenhauses-sowie-Schulleiter-Kalyango-Herbert-und-Monika-Langen-1536x1152.jpg 1536w, https:\/\/www.kinderhilfe-uganda.de\/wp-content\/uploads\/2022\/12\/Schecku\u0308bergabe-Direktor-des-Waisenhauses-sowie-Schulleiter-Kalyango-Herbert-und-Monika-Langen-2048x1536.jpg 2048w, https:\/\/www.kinderhilfe-uganda.de\/wp-content\/uploads\/2022\/12\/Schecku\u0308bergabe-Direktor-des-Waisenhauses-sowie-Schulleiter-Kalyango-Herbert-und-Monika-Langen-135x100.jpg 135w\" sizes=\"(max-width: 2560px) 100vw, 2560px\" \/><\/a><figcaption>Scheck\u00fcbergabe Direktor des Waisenhauses sowie Schulleiter Kalyango Herbert und Monika Langen<\/figcaption><\/figure>\n<\/figure>\n\n\n\n<div style=\"height:70px\" aria-hidden=\"true\" class=\"wp-block-spacer\"><\/div>\n\n\n\n<h2 class=\"wp-block-heading\"><strong>\u00dcberraschung am Nikolaustag<\/strong> &#8211; 2018<\/h2>\n\n\n\n<p>Gro\u00dfe\n\u00dcberraschung am Nikolaustag: Die Amitola-Grundschule Morsbach konnte dem\nVorsitzenden der Kinderhilfe Uganda e.V. einen Scheck \u00fcber 10.175,58 Euro\n\u00fcberreichen. Der stattliche Betrag war bei einem Sponsorenlauf im Juni 2018 auf\ndem Sportplatz in Holpe zusammengekommen. <\/p>\n\n\n\n<p>Rund\n300 Sch\u00fclerinnen und Sch\u00fcler der drei Grundschulstandorte Morsbach, Lichtenberg\nund Holpe hatten sich an der Aktion beteiligt. Jedes Kind wurde von mehreren\nSponsoren, meist Eltern, Gro\u00dfeltern und Nachbarn unterst\u00fctzt, die pro\ngelaufener Sportplatzrunde einen festgelegten Geldbetrag zahlten. So summierten\nsich die Runden und damit auch die Geldbetr\u00e4ge.<\/p>\n\n\n\n<p>Schlie\u00dflich\nkonnten am Nikolaustag die Klassensprecher der Grundschule, die Konrektorin\nEllen Stahlhacke und die verantwortliche Lehrerin Monika Langen den\nentsprechenden Scheck in Holpe \u00fcberreichen. Langen ist auch Vorstandsmitglied\nder Kinderhilfe Uganda und war k\u00fcrzlich noch in dem ostafrikanischen Land. \u201eDie\nGrundschule hat dort die Patenschaft \u00fcber drei Waisenkinder, Joan, Patrick und\nPatricia, \u00fcbernommen\u201c, erz\u00e4hlte die Lehrerin.<\/p>\n\n\n\n<p>Die jetzige Spende soll zu einem Teil sicherstellen, so Langen, dass die drei Patenkinder in den n\u00e4chsten vier Jahren eine Schule besuchen k\u00f6nnen und verpflegt werden. Der gr\u00f6\u00dfere Teil der Spende soll aber f\u00fcr die Errichtung eines Waisenhauses in Uganda verwendet werden. \u201eDa kommt noch viel Arbeit auf unseren Verein zu\u201c, meinte Vorsitzender Roland Schmidt und bedankte sich f\u00fcr die gro\u00dfz\u00fcgige Spende. <br>&#8211; <strong>Christoph Buchen<\/strong><\/p>\n\n\n\n<figure class=\"wp-block-image size-large is-resized\"><img decoding=\"async\" src=\"https:\/\/www.kinderhilfe-uganda.de\/wp-content\/uploads\/2020\/04\/Grundschulspende_Kinderhilfe_Uganda_06.12.2018_Foto_C._Buchen-1024x711.jpg\" alt=\"\" class=\"wp-image-1894\" width=\"839\" height=\"582\" srcset=\"https:\/\/www.kinderhilfe-uganda.de\/wp-content\/uploads\/2020\/04\/Grundschulspende_Kinderhilfe_Uganda_06.12.2018_Foto_C._Buchen-1024x711.jpg 1024w, https:\/\/www.kinderhilfe-uganda.de\/wp-content\/uploads\/2020\/04\/Grundschulspende_Kinderhilfe_Uganda_06.12.2018_Foto_C._Buchen-300x208.jpg 300w, https:\/\/www.kinderhilfe-uganda.de\/wp-content\/uploads\/2020\/04\/Grundschulspende_Kinderhilfe_Uganda_06.12.2018_Foto_C._Buchen-768x533.jpg 768w, https:\/\/www.kinderhilfe-uganda.de\/wp-content\/uploads\/2020\/04\/Grundschulspende_Kinderhilfe_Uganda_06.12.2018_Foto_C._Buchen-1536x1066.jpg 1536w, https:\/\/www.kinderhilfe-uganda.de\/wp-content\/uploads\/2020\/04\/Grundschulspende_Kinderhilfe_Uganda_06.12.2018_Foto_C._Buchen-2048x1422.jpg 2048w\" sizes=\"(max-width: 839px) 100vw, 839px\" \/><figcaption>  Spenden\u00fcbergabe von 10.175,58 Euro der Grundschule Morsbach an die Kinderhilfe Uganda (v.l.n.r.: Vereinsvorsitzender Roland Schmidt, Konrektorin Ellen Stahlhacke, <br>Kontaktlehrerin Monika Langen und die Klassensprecher der Schule)<br>&#8211; Foto: C. Buchen <\/figcaption><\/figure>\n","protected":false},"excerpt":{"rendered":"<p>Kinder der Amitola Grundschule laufen f\u00fcr Kinder in Uganda &#8211; 2022 Im Rahmen des Schulfestes der Amitola Grundschule Morsbach am 6.Mai 2022 wurde zum 3. Mal einSponsorenlauf zugunsten der Kinderhilfe Uganda durchgef\u00fchrt. Dabei schafften es die Kinder der 3Grundschulstandorte Morsbach, Lichtenberg und Holpe die unglaubliche Summe von mehr als 17.000\u20ac zu erlaufen. Im Vorfeld wurden [&hellip;]<\/p>\n","protected":false},"author":7,"featured_media":0,"parent":10,"menu_order":0,"comment_status":"closed","ping_status":"closed","template":"","meta":{"give_campaign_id":0,"ngg_post_thumbnail":0,"footnotes":""},"class_list":["post-1893","page","type-page","status-publish","hentry"],"campaignId":"","_links":{"self":[{"href":"https:\/\/www.kinderhilfe-uganda.de\/index.php?rest_route=\/wp\/v2\/pages\/1893","targetHints":{"allow":["GET"]}}],"collection":[{"href":"https:\/\/www.kinderhilfe-uganda.de\/index.php?rest_route=\/wp\/v2\/pages"}],"about":[{"href":"https:\/\/www.kinderhilfe-uganda.de\/index.php?rest_route=\/wp\/v2\/types\/page"}],"author":[{"embeddable":true,"href":"https:\/\/www.kinderhilfe-uganda.de\/index.php?rest_route=\/wp\/v2\/users\/7"}],"replies":[{"embeddable":true,"href":"https:\/\/www.kinderhilfe-uganda.de\/index.php?rest_route=%2Fwp%2Fv2%2Fcomments&post=1893"}],"version-history":[{"count":3,"href":"https:\/\/www.kinderhilfe-uganda.de\/index.php?rest_route=\/wp\/v2\/pages\/1893\/revisions"}],"predecessor-version":[{"id":2175,"href":"https:\/\/www.kinderhilfe-uganda.de\/index.php?rest_route=\/wp\/v2\/pages\/1893\/revisions\/2175"}],"up":[{"embeddable":true,"href":"https:\/\/www.kinderhilfe-uganda.de\/index.php?rest_route=\/wp\/v2\/pages\/10"}],"wp:attachment":[{"href":"https:\/\/www.kinderhilfe-uganda.de\/index.php?rest_route=%2Fwp%2Fv2%2Fmedia&parent=1893"}],"curies":[{"name":"wp","href":"https:\/\/api.w.org\/{rel}","templated":true}]}}