{"id":1910,"date":"2020-06-25T13:59:31","date_gmt":"2020-06-25T11:59:31","guid":{"rendered":"https:\/\/www.kinderhilfe-uganda.de\/?page_id=1910"},"modified":"2023-11-05T12:23:13","modified_gmt":"2023-11-05T10:23:13","slug":"afri-pads","status":"publish","type":"page","link":"https:\/\/www.kinderhilfe-uganda.de\/?page_id=1910","title":{"rendered":"Afri-Pads"},"content":{"rendered":"\n<h4 class=\"wp-block-heading\">Menstruation \u2013 Ein Tabu auch in Uganda <\/h4>\n\n\n\n<p>F\u00fcr etwa zwei Milliarden Frauen und M\u00e4dchen weltweit ist die Menstruation eine monatliche Realit\u00e4t. Aber in vielen Kulturen ist sie immer noch begleitet von Stigmata, Scham und Schweigen. Auch wir \u2013&nbsp;&nbsp; die Kinderhilfe Uganda e. V. \u2013 wollen den von uns unterst\u00fctzten M\u00e4dchen und jungen Frauen helfen, mit dieser Herausforderung besser zurechtzukommen. Da oft kein Geld vorhanden ist, um hygienische Menstruationsprodukte zu kaufen, wird h\u00e4ufig improvisiert. Die M\u00e4dchen verwenden alte Kleidungsst\u00fccke, Lappen oder sogar Bl\u00e4tter, wenn sie ihre Periode haben. Diese sind unbequem, undicht und k\u00f6nnen zu Infektionen f\u00fchren. Aber nicht nur fehlende Binden sind ein Problem, auch haben die M\u00e4dchen in den Schulen keinen Raum mit Privatsph\u00e4re zum Wechseln der Binden. Oft gibt es f\u00fcr Hunderte von Sch\u00fclern nur wenige fliegenverseuchte und verdreckte Latrinen. Im Ergebnis bleiben die M\u00e4dchen w\u00e4hrend ihrer Periode oft einfach zu Hause und vers\u00e4umen wichtigen Unterrichtsstoff, was dazu f\u00fchrt, dass sich ihre Chancen auf Bildung weiter verschlechtern. Sie schaffen ihren Abschluss nicht und finden keine Ausbildungsstelle. Sie werden fr\u00fch verheiratet und bekommen Kinder, haben somit keine Chance auf eine bessere Zukunft. <\/p>\n\n\n\n<p>Wir hatten von einer Firma in Uganda geh\u00f6rt, die wiederverwendbare Menstruationskits herstellt. Die Firma AFRIpads, die die ebenso genannten wiederverwendbaren Binden herstellt und vertreibt, befindet sich in der N\u00e4he von Masaka. W\u00e4hrend unseres Besuchs im Oktober 2018 fuhren wir voller Erwartung in die Fabrikr\u00e4ume des Unternehmens um f\u00fcr alle jungen M\u00e4dchen der von uns unterst\u00fctzen Schulen ein Kit zu besorgen, das ein Jahr lang verwendet werden kann. Beladen mit unz\u00e4hligen Kartons fuhren wir zur\u00fcck zu den Schulen. Die Aush\u00e4ndigung der Kits wurde von Lehrerinnen vorgenommen, die dies gleich mit einer kleinen Einweisung in Bezug auf die Verwendung der Binden verbunden haben. Zun\u00e4chst versch\u00e4mte Blicke wichen schnell interessierten Fragen, als die jungen M\u00e4dchen erkannten, dass ihnen dieses Produkt bei einem leidigen Thema Erleichterung schaffen kann. Nebenher haben wir mit unserer Organisation ein junges Unternehmen vor Ort unterst\u00fctzt, das \u00fcberwiegend Frauen besch\u00e4ftigt und diesen damit eine Zukunft mit einem gesicherten Einkommen bieten kann!<\/p>\n\n\n\n<figure class=\"wp-block-gallery columns-2 is-cropped wp-block-gallery-1 is-layout-flex wp-block-gallery-is-layout-flex\"><ul class=\"blocks-gallery-grid\"><li class=\"blocks-gallery-item\"><figure><img fetchpriority=\"high\" decoding=\"async\" width=\"1024\" height=\"576\" src=\"https:\/\/www.kinderhilfe-uganda.de\/wp-content\/uploads\/2020\/06\/Fabrik-nach-Feierabend-abgedeckte-N\u00e4hmaschinen-Foto-privat-1024x576.jpg\" alt=\"\" data-id=\"1913\" data-full-url=\"https:\/\/www.kinderhilfe-uganda.de\/wp-content\/uploads\/2020\/06\/Fabrik-nach-Feierabend-abgedeckte-N\u00e4hmaschinen-Foto-privat.jpg\" data-link=\"https:\/\/www.kinderhilfe-uganda.de\/?attachment_id=1913\" class=\"wp-image-1913\" srcset=\"https:\/\/www.kinderhilfe-uganda.de\/wp-content\/uploads\/2020\/06\/Fabrik-nach-Feierabend-abgedeckte-N\u00e4hmaschinen-Foto-privat-1024x576.jpg 1024w, https:\/\/www.kinderhilfe-uganda.de\/wp-content\/uploads\/2020\/06\/Fabrik-nach-Feierabend-abgedeckte-N\u00e4hmaschinen-Foto-privat-300x169.jpg 300w, https:\/\/www.kinderhilfe-uganda.de\/wp-content\/uploads\/2020\/06\/Fabrik-nach-Feierabend-abgedeckte-N\u00e4hmaschinen-Foto-privat-768x432.jpg 768w, https:\/\/www.kinderhilfe-uganda.de\/wp-content\/uploads\/2020\/06\/Fabrik-nach-Feierabend-abgedeckte-N\u00e4hmaschinen-Foto-privat-1536x864.jpg 1536w, https:\/\/www.kinderhilfe-uganda.de\/wp-content\/uploads\/2020\/06\/Fabrik-nach-Feierabend-abgedeckte-N\u00e4hmaschinen-Foto-privat.jpg 2000w\" sizes=\"(max-width: 1024px) 100vw, 1024px\" \/><figcaption class=\"blocks-gallery-item__caption\">Fabrik nach Feierabend, abgedeckte N\u00e4hmaschinen <br>(Foto privat)<\/figcaption><\/figure><\/li><li class=\"blocks-gallery-item\"><figure><img decoding=\"async\" width=\"1024\" height=\"576\" src=\"https:\/\/www.kinderhilfe-uganda.de\/wp-content\/uploads\/2020\/06\/Entwicklung-des-Unternehmens-Afripads-Foto-privat-1024x576.jpg\" alt=\"\" data-id=\"1912\" data-full-url=\"https:\/\/www.kinderhilfe-uganda.de\/wp-content\/uploads\/2020\/06\/Entwicklung-des-Unternehmens-Afripads-Foto-privat.jpg\" data-link=\"https:\/\/www.kinderhilfe-uganda.de\/?attachment_id=1912\" class=\"wp-image-1912\" srcset=\"https:\/\/www.kinderhilfe-uganda.de\/wp-content\/uploads\/2020\/06\/Entwicklung-des-Unternehmens-Afripads-Foto-privat-1024x576.jpg 1024w, https:\/\/www.kinderhilfe-uganda.de\/wp-content\/uploads\/2020\/06\/Entwicklung-des-Unternehmens-Afripads-Foto-privat-300x169.jpg 300w, https:\/\/www.kinderhilfe-uganda.de\/wp-content\/uploads\/2020\/06\/Entwicklung-des-Unternehmens-Afripads-Foto-privat-768x432.jpg 768w, https:\/\/www.kinderhilfe-uganda.de\/wp-content\/uploads\/2020\/06\/Entwicklung-des-Unternehmens-Afripads-Foto-privat-1536x864.jpg 1536w, https:\/\/www.kinderhilfe-uganda.de\/wp-content\/uploads\/2020\/06\/Entwicklung-des-Unternehmens-Afripads-Foto-privat.jpg 2000w\" sizes=\"(max-width: 1024px) 100vw, 1024px\" \/><figcaption class=\"blocks-gallery-item__caption\">Entwicklung des Unternehmens Afripads (Foto privat)<\/figcaption><\/figure><\/li><li class=\"blocks-gallery-item\"><figure><img decoding=\"async\" width=\"740\" height=\"1024\" src=\"https:\/\/www.kinderhilfe-uganda.de\/wp-content\/uploads\/2020\/06\/Anwendung-der-Afripads-Foto-privat-740x1024.jpg\" alt=\"\" data-id=\"1911\" data-full-url=\"https:\/\/www.kinderhilfe-uganda.de\/wp-content\/uploads\/2020\/06\/Anwendung-der-Afripads-Foto-privat.jpg\" data-link=\"https:\/\/www.kinderhilfe-uganda.de\/?attachment_id=1911\" class=\"wp-image-1911\" srcset=\"https:\/\/www.kinderhilfe-uganda.de\/wp-content\/uploads\/2020\/06\/Anwendung-der-Afripads-Foto-privat-740x1024.jpg 740w, https:\/\/www.kinderhilfe-uganda.de\/wp-content\/uploads\/2020\/06\/Anwendung-der-Afripads-Foto-privat-217x300.jpg 217w, https:\/\/www.kinderhilfe-uganda.de\/wp-content\/uploads\/2020\/06\/Anwendung-der-Afripads-Foto-privat-768x1063.jpg 768w, https:\/\/www.kinderhilfe-uganda.de\/wp-content\/uploads\/2020\/06\/Anwendung-der-Afripads-Foto-privat-1110x1536.jpg 1110w, https:\/\/www.kinderhilfe-uganda.de\/wp-content\/uploads\/2020\/06\/Anwendung-der-Afripads-Foto-privat-1480x2048.jpg 1480w, https:\/\/www.kinderhilfe-uganda.de\/wp-content\/uploads\/2020\/06\/Anwendung-der-Afripads-Foto-privat.jpg 1500w\" sizes=\"(max-width: 740px) 100vw, 740px\" \/><figcaption class=\"blocks-gallery-item__caption\">Anwendung der Afripads (Foto privat)<\/figcaption><\/figure><\/li><li class=\"blocks-gallery-item\"><figure><img loading=\"lazy\" decoding=\"async\" width=\"760\" height=\"1024\" src=\"https:\/\/www.kinderhilfe-uganda.de\/wp-content\/uploads\/2020\/06\/Hygieneregeln-Verhalten-w\u00e4hrend-der-Periode-Foto-privat-760x1024.jpg\" alt=\"\" data-id=\"1914\" data-full-url=\"https:\/\/www.kinderhilfe-uganda.de\/wp-content\/uploads\/2020\/06\/Hygieneregeln-Verhalten-w\u00e4hrend-der-Periode-Foto-privat.jpg\" data-link=\"https:\/\/www.kinderhilfe-uganda.de\/?attachment_id=1914\" class=\"wp-image-1914\" srcset=\"https:\/\/www.kinderhilfe-uganda.de\/wp-content\/uploads\/2020\/06\/Hygieneregeln-Verhalten-w\u00e4hrend-der-Periode-Foto-privat-760x1024.jpg 760w, https:\/\/www.kinderhilfe-uganda.de\/wp-content\/uploads\/2020\/06\/Hygieneregeln-Verhalten-w\u00e4hrend-der-Periode-Foto-privat-223x300.jpg 223w, https:\/\/www.kinderhilfe-uganda.de\/wp-content\/uploads\/2020\/06\/Hygieneregeln-Verhalten-w\u00e4hrend-der-Periode-Foto-privat-768x1034.jpg 768w, https:\/\/www.kinderhilfe-uganda.de\/wp-content\/uploads\/2020\/06\/Hygieneregeln-Verhalten-w\u00e4hrend-der-Periode-Foto-privat-1141x1536.jpg 1141w, https:\/\/www.kinderhilfe-uganda.de\/wp-content\/uploads\/2020\/06\/Hygieneregeln-Verhalten-w\u00e4hrend-der-Periode-Foto-privat.jpg 1500w\" sizes=\"(max-width: 760px) 100vw, 760px\" \/><figcaption class=\"blocks-gallery-item__caption\">Hygieneregeln, Verhalten w\u00e4hrend der Periode (Foto privat)<\/figcaption><\/figure><\/li><li class=\"blocks-gallery-item\"><figure><img loading=\"lazy\" decoding=\"async\" width=\"1024\" height=\"682\" src=\"https:\/\/www.kinderhilfe-uganda.de\/wp-content\/uploads\/2020\/06\/Verteilung-der-Afripads-in-der-Crown-Star-Junior-School-Foto-privat-1024x682.jpg\" alt=\"\" data-id=\"1915\" data-full-url=\"https:\/\/www.kinderhilfe-uganda.de\/wp-content\/uploads\/2020\/06\/Verteilung-der-Afripads-in-der-Crown-Star-Junior-School-Foto-privat.jpg\" data-link=\"https:\/\/www.kinderhilfe-uganda.de\/?attachment_id=1915\" class=\"wp-image-1915\" srcset=\"https:\/\/www.kinderhilfe-uganda.de\/wp-content\/uploads\/2020\/06\/Verteilung-der-Afripads-in-der-Crown-Star-Junior-School-Foto-privat-1024x682.jpg 1024w, https:\/\/www.kinderhilfe-uganda.de\/wp-content\/uploads\/2020\/06\/Verteilung-der-Afripads-in-der-Crown-Star-Junior-School-Foto-privat-300x200.jpg 300w, https:\/\/www.kinderhilfe-uganda.de\/wp-content\/uploads\/2020\/06\/Verteilung-der-Afripads-in-der-Crown-Star-Junior-School-Foto-privat-768x512.jpg 768w, https:\/\/www.kinderhilfe-uganda.de\/wp-content\/uploads\/2020\/06\/Verteilung-der-Afripads-in-der-Crown-Star-Junior-School-Foto-privat-1536x1024.jpg 1536w, https:\/\/www.kinderhilfe-uganda.de\/wp-content\/uploads\/2020\/06\/Verteilung-der-Afripads-in-der-Crown-Star-Junior-School-Foto-privat.jpg 2000w\" sizes=\"(max-width: 1024px) 100vw, 1024px\" \/><figcaption class=\"blocks-gallery-item__caption\">Verteilung der Afripads in der Crown Star Junior School (Foto privat)<\/figcaption><\/figure><\/li><li class=\"blocks-gallery-item\"><figure><img loading=\"lazy\" decoding=\"async\" width=\"1024\" height=\"682\" src=\"https:\/\/www.kinderhilfe-uganda.de\/wp-content\/uploads\/2020\/06\/Verteilung-der-Afripads-in-der-St.-Joseph-SchoolFoto-privat-1024x682.jpg\" alt=\"\" data-id=\"1916\" data-full-url=\"https:\/\/www.kinderhilfe-uganda.de\/wp-content\/uploads\/2020\/06\/Verteilung-der-Afripads-in-der-St.-Joseph-SchoolFoto-privat.jpg\" data-link=\"https:\/\/www.kinderhilfe-uganda.de\/?attachment_id=1916\" class=\"wp-image-1916\" srcset=\"https:\/\/www.kinderhilfe-uganda.de\/wp-content\/uploads\/2020\/06\/Verteilung-der-Afripads-in-der-St.-Joseph-SchoolFoto-privat-1024x682.jpg 1024w, https:\/\/www.kinderhilfe-uganda.de\/wp-content\/uploads\/2020\/06\/Verteilung-der-Afripads-in-der-St.-Joseph-SchoolFoto-privat-300x200.jpg 300w, https:\/\/www.kinderhilfe-uganda.de\/wp-content\/uploads\/2020\/06\/Verteilung-der-Afripads-in-der-St.-Joseph-SchoolFoto-privat-768x512.jpg 768w, https:\/\/www.kinderhilfe-uganda.de\/wp-content\/uploads\/2020\/06\/Verteilung-der-Afripads-in-der-St.-Joseph-SchoolFoto-privat-1536x1024.jpg 1536w, https:\/\/www.kinderhilfe-uganda.de\/wp-content\/uploads\/2020\/06\/Verteilung-der-Afripads-in-der-St.-Joseph-SchoolFoto-privat.jpg 2000w\" sizes=\"(max-width: 1024px) 100vw, 1024px\" \/><figcaption class=\"blocks-gallery-item__caption\">Verteilung der Afripads in der St. Joseph School<br>(Foto privat)<\/figcaption><\/figure><\/li><\/ul><\/figure>\n","protected":false},"excerpt":{"rendered":"<p>Menstruation \u2013 Ein Tabu auch in Uganda F\u00fcr etwa zwei Milliarden Frauen und M\u00e4dchen weltweit ist die Menstruation eine monatliche Realit\u00e4t. Aber in vielen Kulturen ist sie immer noch begleitet von Stigmata, Scham und Schweigen. Auch wir \u2013&nbsp;&nbsp; die Kinderhilfe Uganda e. V. \u2013 wollen den von uns unterst\u00fctzten M\u00e4dchen und jungen Frauen helfen, mit [&hellip;]<\/p>\n","protected":false},"author":7,"featured_media":0,"parent":2382,"menu_order":0,"comment_status":"closed","ping_status":"closed","template":"","meta":{"give_campaign_id":0,"ngg_post_thumbnail":0,"footnotes":""},"class_list":["post-1910","page","type-page","status-publish","hentry"],"campaignId":"","_links":{"self":[{"href":"https:\/\/www.kinderhilfe-uganda.de\/index.php?rest_route=\/wp\/v2\/pages\/1910","targetHints":{"allow":["GET"]}}],"collection":[{"href":"https:\/\/www.kinderhilfe-uganda.de\/index.php?rest_route=\/wp\/v2\/pages"}],"about":[{"href":"https:\/\/www.kinderhilfe-uganda.de\/index.php?rest_route=\/wp\/v2\/types\/page"}],"author":[{"embeddable":true,"href":"https:\/\/www.kinderhilfe-uganda.de\/index.php?rest_route=\/wp\/v2\/users\/7"}],"replies":[{"embeddable":true,"href":"https:\/\/www.kinderhilfe-uganda.de\/index.php?rest_route=%2Fwp%2Fv2%2Fcomments&post=1910"}],"version-history":[{"count":2,"href":"https:\/\/www.kinderhilfe-uganda.de\/index.php?rest_route=\/wp\/v2\/pages\/1910\/revisions"}],"predecessor-version":[{"id":1918,"href":"https:\/\/www.kinderhilfe-uganda.de\/index.php?rest_route=\/wp\/v2\/pages\/1910\/revisions\/1918"}],"up":[{"embeddable":true,"href":"https:\/\/www.kinderhilfe-uganda.de\/index.php?rest_route=\/wp\/v2\/pages\/2382"}],"wp:attachment":[{"href":"https:\/\/www.kinderhilfe-uganda.de\/index.php?rest_route=%2Fwp%2Fv2%2Fmedia&parent=1910"}],"curies":[{"name":"wp","href":"https:\/\/api.w.org\/{rel}","templated":true}]}}