{"id":1950,"date":"2020-11-12T19:34:44","date_gmt":"2020-11-12T17:34:44","guid":{"rendered":"https:\/\/www.kinderhilfe-uganda.de\/?page_id=1950"},"modified":"2023-11-05T12:18:46","modified_gmt":"2023-11-05T10:18:46","slug":"waisenhaus-baufortschritt-04-2020-10-2020","status":"publish","type":"page","link":"https:\/\/www.kinderhilfe-uganda.de\/?page_id=1950","title":{"rendered":"Waisenhaus Baufortschritt 04\/2020 &#8211; 10\/2020"},"content":{"rendered":"\n<h4 class=\"wp-block-heading\">Baufortschritt von April 2020 bis Ende Oktober 2020<\/h4>\n\n\n\n<p>Es konnte doch relativ z\u00fcgig mit dem Bau begonnen werden. Zun\u00e4chst musste ein Schuppen f\u00fcr die Materialunterbringung erbaut werden, wo auch die Arbeiter und die Nachtw\u00e4chter untergebracht sind. Wie schon in dem Demo-Video zu sehen war, wurden weiter Steine produziert. Anschlie\u00dfend erstellten die ortsnahen Arbeiter das Streifenfundament und die Bodenplatte mit dem dazugeh\u00f6rigen Blitzschutz, der Erdung und Bewehrung. Nach dem Aush\u00e4rten des Betons konnte das Mauern beginnen, sowie der Ringanker betoniert werden. Durch das saubere Mauern verzichteten wir auf einen Au\u00dfenputz &#8211; das spart Spendengelder. Zum Schluss montierten die flei\u00dfigen H\u00e4nde das Dach aus roten Blechplatten. Durch die Fotodokumentation konnte von Deutschland aus der Baufortschritt und die Ausf\u00fchrung \u00fcberwacht werden. Anfang September war es dann soweit: Der Rohbau steht. Die \u00f6rtlichen Beh\u00f6rden waren stets eingebunden und schauten \u00f6fter auf der Baustelle \u201enach dem Rechten\u201c.<\/p>\n\n\n\n<p>Zur Zeit ist man vor Ort dabei Fenster, T\u00fcren und\nInneneinrichtungen wie Betten, Sanit\u00e4reinrichtungen etc. zu kaufen und\neinzubauen. <\/p>\n\n\n\n<p>Wir treffen die Vorbereitungen f\u00fcr die Personalbesetzung in enger Abstimmung mit unseren Mitarbeitern und den Beh\u00f6rden vor Ort. Das Ziel ist Ende des Jahres den ersten Waisenkindern ein neues Zuhause bieten zu k\u00f6nnen!<\/p>\n\n\n\n<p>Im Anschluss folgen Bilder und ein Video zum Baufortschritt.<\/p>\n\n\n\n<figure class=\"wp-block-gallery columns-2 is-cropped wp-block-gallery-1 is-layout-flex wp-block-gallery-is-layout-flex\"><ul class=\"blocks-gallery-grid\"><li class=\"blocks-gallery-item\"><figure><img fetchpriority=\"high\" decoding=\"async\" width=\"1024\" height=\"768\" src=\"https:\/\/www.kinderhilfe-uganda.de\/wp-content\/uploads\/2020\/11\/1-Bau-des-Materialschuppens-1024x768.jpg\" alt=\"\" data-id=\"1957\" data-full-url=\"https:\/\/www.kinderhilfe-uganda.de\/wp-content\/uploads\/2020\/11\/1-Bau-des-Materialschuppens.jpg\" data-link=\"https:\/\/www.kinderhilfe-uganda.de\/?attachment_id=1957\" class=\"wp-image-1957\" srcset=\"https:\/\/www.kinderhilfe-uganda.de\/wp-content\/uploads\/2020\/11\/1-Bau-des-Materialschuppens-1024x768.jpg 1024w, https:\/\/www.kinderhilfe-uganda.de\/wp-content\/uploads\/2020\/11\/1-Bau-des-Materialschuppens-300x225.jpg 300w, https:\/\/www.kinderhilfe-uganda.de\/wp-content\/uploads\/2020\/11\/1-Bau-des-Materialschuppens-768x576.jpg 768w, https:\/\/www.kinderhilfe-uganda.de\/wp-content\/uploads\/2020\/11\/1-Bau-des-Materialschuppens-135x100.jpg 135w, https:\/\/www.kinderhilfe-uganda.de\/wp-content\/uploads\/2020\/11\/1-Bau-des-Materialschuppens.jpg 1040w\" sizes=\"(max-width: 1024px) 100vw, 1024px\" \/><figcaption class=\"blocks-gallery-item__caption\">Bau des Materialschuppens<\/figcaption><\/figure><\/li><li class=\"blocks-gallery-item\"><figure><img decoding=\"async\" width=\"1024\" height=\"768\" src=\"https:\/\/www.kinderhilfe-uganda.de\/wp-content\/uploads\/2020\/11\/2-Steineproduktion-1024x768.jpg\" alt=\"\" data-id=\"1958\" data-full-url=\"https:\/\/www.kinderhilfe-uganda.de\/wp-content\/uploads\/2020\/11\/2-Steineproduktion.jpg\" data-link=\"https:\/\/www.kinderhilfe-uganda.de\/?attachment_id=1958\" class=\"wp-image-1958\" srcset=\"https:\/\/www.kinderhilfe-uganda.de\/wp-content\/uploads\/2020\/11\/2-Steineproduktion-1024x768.jpg 1024w, https:\/\/www.kinderhilfe-uganda.de\/wp-content\/uploads\/2020\/11\/2-Steineproduktion-300x225.jpg 300w, https:\/\/www.kinderhilfe-uganda.de\/wp-content\/uploads\/2020\/11\/2-Steineproduktion-768x576.jpg 768w, https:\/\/www.kinderhilfe-uganda.de\/wp-content\/uploads\/2020\/11\/2-Steineproduktion-135x100.jpg 135w, https:\/\/www.kinderhilfe-uganda.de\/wp-content\/uploads\/2020\/11\/2-Steineproduktion.jpg 1040w\" sizes=\"(max-width: 1024px) 100vw, 1024px\" \/><figcaption class=\"blocks-gallery-item__caption\">Steineproduktion<\/figcaption><\/figure><\/li><li class=\"blocks-gallery-item\"><figure><img decoding=\"async\" width=\"1024\" height=\"768\" src=\"https:\/\/www.kinderhilfe-uganda.de\/wp-content\/uploads\/2020\/11\/3-Steinelagerung-1024x768.jpg\" alt=\"\" data-id=\"1959\" data-full-url=\"https:\/\/www.kinderhilfe-uganda.de\/wp-content\/uploads\/2020\/11\/3-Steinelagerung.jpg\" data-link=\"https:\/\/www.kinderhilfe-uganda.de\/?attachment_id=1959\" class=\"wp-image-1959\" srcset=\"https:\/\/www.kinderhilfe-uganda.de\/wp-content\/uploads\/2020\/11\/3-Steinelagerung-1024x768.jpg 1024w, https:\/\/www.kinderhilfe-uganda.de\/wp-content\/uploads\/2020\/11\/3-Steinelagerung-300x225.jpg 300w, https:\/\/www.kinderhilfe-uganda.de\/wp-content\/uploads\/2020\/11\/3-Steinelagerung-768x576.jpg 768w, https:\/\/www.kinderhilfe-uganda.de\/wp-content\/uploads\/2020\/11\/3-Steinelagerung-135x100.jpg 135w, https:\/\/www.kinderhilfe-uganda.de\/wp-content\/uploads\/2020\/11\/3-Steinelagerung.jpg 1040w\" sizes=\"(max-width: 1024px) 100vw, 1024px\" \/><figcaption class=\"blocks-gallery-item__caption\">Steinelagerung<\/figcaption><\/figure><\/li><li class=\"blocks-gallery-item\"><figure><img loading=\"lazy\" decoding=\"async\" width=\"1024\" height=\"768\" src=\"https:\/\/www.kinderhilfe-uganda.de\/wp-content\/uploads\/2020\/11\/4-Gr\u00e4ben-f\u00fcr-Streifenfundament-1024x768.jpg\" alt=\"\" data-id=\"1960\" data-full-url=\"https:\/\/www.kinderhilfe-uganda.de\/wp-content\/uploads\/2020\/11\/4-Gr\u00e4ben-f\u00fcr-Streifenfundament.jpg\" data-link=\"https:\/\/www.kinderhilfe-uganda.de\/?attachment_id=1960\" class=\"wp-image-1960\" srcset=\"https:\/\/www.kinderhilfe-uganda.de\/wp-content\/uploads\/2020\/11\/4-Gr\u00e4ben-f\u00fcr-Streifenfundament-1024x768.jpg 1024w, https:\/\/www.kinderhilfe-uganda.de\/wp-content\/uploads\/2020\/11\/4-Gr\u00e4ben-f\u00fcr-Streifenfundament-300x225.jpg 300w, https:\/\/www.kinderhilfe-uganda.de\/wp-content\/uploads\/2020\/11\/4-Gr\u00e4ben-f\u00fcr-Streifenfundament-768x576.jpg 768w, https:\/\/www.kinderhilfe-uganda.de\/wp-content\/uploads\/2020\/11\/4-Gr\u00e4ben-f\u00fcr-Streifenfundament-135x100.jpg 135w, https:\/\/www.kinderhilfe-uganda.de\/wp-content\/uploads\/2020\/11\/4-Gr\u00e4ben-f\u00fcr-Streifenfundament.jpg 1040w\" sizes=\"(max-width: 1024px) 100vw, 1024px\" \/><figcaption class=\"blocks-gallery-item__caption\">Gr\u00e4ben f\u00fcr Streifenfundament<\/figcaption><\/figure><\/li><li class=\"blocks-gallery-item\"><figure><img loading=\"lazy\" decoding=\"async\" width=\"1024\" height=\"1024\" src=\"https:\/\/www.kinderhilfe-uganda.de\/wp-content\/uploads\/2020\/11\/5-Streifenfundament-1024x1024.jpg\" alt=\"\" data-id=\"1961\" data-full-url=\"https:\/\/www.kinderhilfe-uganda.de\/wp-content\/uploads\/2020\/11\/5-Streifenfundament.jpg\" data-link=\"https:\/\/www.kinderhilfe-uganda.de\/?attachment_id=1961\" class=\"wp-image-1961\" srcset=\"https:\/\/www.kinderhilfe-uganda.de\/wp-content\/uploads\/2020\/11\/5-Streifenfundament-1024x1024.jpg 1024w, https:\/\/www.kinderhilfe-uganda.de\/wp-content\/uploads\/2020\/11\/5-Streifenfundament-300x300.jpg 300w, https:\/\/www.kinderhilfe-uganda.de\/wp-content\/uploads\/2020\/11\/5-Streifenfundament-150x150.jpg 150w, https:\/\/www.kinderhilfe-uganda.de\/wp-content\/uploads\/2020\/11\/5-Streifenfundament-768x768.jpg 768w, https:\/\/www.kinderhilfe-uganda.de\/wp-content\/uploads\/2020\/11\/5-Streifenfundament.jpg 1080w\" sizes=\"(max-width: 1024px) 100vw, 1024px\" \/><figcaption class=\"blocks-gallery-item__caption\">Streifenfundament<\/figcaption><\/figure><\/li><li class=\"blocks-gallery-item\"><figure><img loading=\"lazy\" decoding=\"async\" width=\"988\" height=\"468\" src=\"https:\/\/www.kinderhilfe-uganda.de\/wp-content\/uploads\/2020\/11\/6-Bew\u00e4hrung-Detail.jpg\" alt=\"\" data-id=\"1962\" data-full-url=\"https:\/\/www.kinderhilfe-uganda.de\/wp-content\/uploads\/2020\/11\/6-Bew\u00e4hrung-Detail.jpg\" data-link=\"https:\/\/www.kinderhilfe-uganda.de\/?attachment_id=1962\" class=\"wp-image-1962\" srcset=\"https:\/\/www.kinderhilfe-uganda.de\/wp-content\/uploads\/2020\/11\/6-Bew\u00e4hrung-Detail.jpg 988w, https:\/\/www.kinderhilfe-uganda.de\/wp-content\/uploads\/2020\/11\/6-Bew\u00e4hrung-Detail-300x142.jpg 300w, https:\/\/www.kinderhilfe-uganda.de\/wp-content\/uploads\/2020\/11\/6-Bew\u00e4hrung-Detail-768x364.jpg 768w\" sizes=\"(max-width: 988px) 100vw, 988px\" \/><figcaption class=\"blocks-gallery-item__caption\">Bew\u00e4hrung Detail<\/figcaption><\/figure><\/li><li class=\"blocks-gallery-item\"><figure><img loading=\"lazy\" decoding=\"async\" width=\"1024\" height=\"768\" src=\"https:\/\/www.kinderhilfe-uganda.de\/wp-content\/uploads\/2020\/11\/7-Bew\u00e4hrung-der-Bodenplatte-1024x768.jpg\" alt=\"\" data-id=\"1963\" data-full-url=\"https:\/\/www.kinderhilfe-uganda.de\/wp-content\/uploads\/2020\/11\/7-Bew\u00e4hrung-der-Bodenplatte.jpg\" data-link=\"https:\/\/www.kinderhilfe-uganda.de\/?attachment_id=1963\" class=\"wp-image-1963\" srcset=\"https:\/\/www.kinderhilfe-uganda.de\/wp-content\/uploads\/2020\/11\/7-Bew\u00e4hrung-der-Bodenplatte-1024x768.jpg 1024w, https:\/\/www.kinderhilfe-uganda.de\/wp-content\/uploads\/2020\/11\/7-Bew\u00e4hrung-der-Bodenplatte-300x225.jpg 300w, https:\/\/www.kinderhilfe-uganda.de\/wp-content\/uploads\/2020\/11\/7-Bew\u00e4hrung-der-Bodenplatte-768x576.jpg 768w, https:\/\/www.kinderhilfe-uganda.de\/wp-content\/uploads\/2020\/11\/7-Bew\u00e4hrung-der-Bodenplatte-135x100.jpg 135w, https:\/\/www.kinderhilfe-uganda.de\/wp-content\/uploads\/2020\/11\/7-Bew\u00e4hrung-der-Bodenplatte.jpg 1040w\" sizes=\"(max-width: 1024px) 100vw, 1024px\" \/><figcaption class=\"blocks-gallery-item__caption\">Bew\u00e4hrung Bodenplatte<\/figcaption><\/figure><\/li><li class=\"blocks-gallery-item\"><figure><img loading=\"lazy\" decoding=\"async\" width=\"1024\" height=\"768\" src=\"https:\/\/www.kinderhilfe-uganda.de\/wp-content\/uploads\/2020\/11\/8-Beh\u00f6rdenbesichtigung-der-Baustelle-15.06.20-1024x768.jpg\" alt=\"\" data-id=\"1964\" data-full-url=\"https:\/\/www.kinderhilfe-uganda.de\/wp-content\/uploads\/2020\/11\/8-Beh\u00f6rdenbesichtigung-der-Baustelle-15.06.20.jpg\" data-link=\"https:\/\/www.kinderhilfe-uganda.de\/?attachment_id=1964\" class=\"wp-image-1964\" srcset=\"https:\/\/www.kinderhilfe-uganda.de\/wp-content\/uploads\/2020\/11\/8-Beh\u00f6rdenbesichtigung-der-Baustelle-15.06.20-1024x768.jpg 1024w, https:\/\/www.kinderhilfe-uganda.de\/wp-content\/uploads\/2020\/11\/8-Beh\u00f6rdenbesichtigung-der-Baustelle-15.06.20-300x225.jpg 300w, https:\/\/www.kinderhilfe-uganda.de\/wp-content\/uploads\/2020\/11\/8-Beh\u00f6rdenbesichtigung-der-Baustelle-15.06.20-768x576.jpg 768w, https:\/\/www.kinderhilfe-uganda.de\/wp-content\/uploads\/2020\/11\/8-Beh\u00f6rdenbesichtigung-der-Baustelle-15.06.20-135x100.jpg 135w, https:\/\/www.kinderhilfe-uganda.de\/wp-content\/uploads\/2020\/11\/8-Beh\u00f6rdenbesichtigung-der-Baustelle-15.06.20.jpg 1040w\" sizes=\"(max-width: 1024px) 100vw, 1024px\" \/><figcaption class=\"blocks-gallery-item__caption\">Beh\u00f6rdenbesichtigung der Baustelle 15.06.2020<\/figcaption><\/figure><\/li><li class=\"blocks-gallery-item\"><figure><img loading=\"lazy\" decoding=\"async\" width=\"1024\" height=\"768\" src=\"https:\/\/www.kinderhilfe-uganda.de\/wp-content\/uploads\/2020\/11\/10-Bodenplatte-1024x768.jpg\" alt=\"\" data-id=\"1951\" data-full-url=\"https:\/\/www.kinderhilfe-uganda.de\/wp-content\/uploads\/2020\/11\/10-Bodenplatte.jpg\" data-link=\"https:\/\/www.kinderhilfe-uganda.de\/?attachment_id=1951\" class=\"wp-image-1951\" srcset=\"https:\/\/www.kinderhilfe-uganda.de\/wp-content\/uploads\/2020\/11\/10-Bodenplatte-1024x768.jpg 1024w, https:\/\/www.kinderhilfe-uganda.de\/wp-content\/uploads\/2020\/11\/10-Bodenplatte-300x225.jpg 300w, https:\/\/www.kinderhilfe-uganda.de\/wp-content\/uploads\/2020\/11\/10-Bodenplatte-768x576.jpg 768w, https:\/\/www.kinderhilfe-uganda.de\/wp-content\/uploads\/2020\/11\/10-Bodenplatte-135x100.jpg 135w, https:\/\/www.kinderhilfe-uganda.de\/wp-content\/uploads\/2020\/11\/10-Bodenplatte.jpg 1040w\" sizes=\"(max-width: 1024px) 100vw, 1024px\" \/><figcaption class=\"blocks-gallery-item__caption\">Bodenplatte<\/figcaption><\/figure><\/li><li class=\"blocks-gallery-item\"><figure><img loading=\"lazy\" decoding=\"async\" width=\"1024\" height=\"768\" src=\"https:\/\/www.kinderhilfe-uganda.de\/wp-content\/uploads\/2020\/11\/11-Beginn-der-Mauerarbeiten-20.07.20-1024x768.jpg\" alt=\"\" data-id=\"1952\" data-full-url=\"https:\/\/www.kinderhilfe-uganda.de\/wp-content\/uploads\/2020\/11\/11-Beginn-der-Mauerarbeiten-20.07.20.jpg\" data-link=\"https:\/\/www.kinderhilfe-uganda.de\/?attachment_id=1952\" class=\"wp-image-1952\" srcset=\"https:\/\/www.kinderhilfe-uganda.de\/wp-content\/uploads\/2020\/11\/11-Beginn-der-Mauerarbeiten-20.07.20-1024x768.jpg 1024w, https:\/\/www.kinderhilfe-uganda.de\/wp-content\/uploads\/2020\/11\/11-Beginn-der-Mauerarbeiten-20.07.20-300x225.jpg 300w, https:\/\/www.kinderhilfe-uganda.de\/wp-content\/uploads\/2020\/11\/11-Beginn-der-Mauerarbeiten-20.07.20-768x576.jpg 768w, https:\/\/www.kinderhilfe-uganda.de\/wp-content\/uploads\/2020\/11\/11-Beginn-der-Mauerarbeiten-20.07.20-135x100.jpg 135w, https:\/\/www.kinderhilfe-uganda.de\/wp-content\/uploads\/2020\/11\/11-Beginn-der-Mauerarbeiten-20.07.20.jpg 1040w\" sizes=\"(max-width: 1024px) 100vw, 1024px\" \/><figcaption class=\"blocks-gallery-item__caption\">Beginn der Mauerarbeiten 20.07.20<\/figcaption><\/figure><\/li><li class=\"blocks-gallery-item\"><figure><img loading=\"lazy\" decoding=\"async\" width=\"768\" height=\"1024\" src=\"https:\/\/www.kinderhilfe-uganda.de\/wp-content\/uploads\/2020\/11\/12-Fortschritt-Mauerarbeiten-25.07.20-768x1024.jpg\" alt=\"\" data-id=\"1953\" data-full-url=\"https:\/\/www.kinderhilfe-uganda.de\/wp-content\/uploads\/2020\/11\/12-Fortschritt-Mauerarbeiten-25.07.20.jpg\" data-link=\"https:\/\/www.kinderhilfe-uganda.de\/?attachment_id=1953\" class=\"wp-image-1953\" srcset=\"https:\/\/www.kinderhilfe-uganda.de\/wp-content\/uploads\/2020\/11\/12-Fortschritt-Mauerarbeiten-25.07.20-768x1024.jpg 768w, https:\/\/www.kinderhilfe-uganda.de\/wp-content\/uploads\/2020\/11\/12-Fortschritt-Mauerarbeiten-25.07.20-225x300.jpg 225w, https:\/\/www.kinderhilfe-uganda.de\/wp-content\/uploads\/2020\/11\/12-Fortschritt-Mauerarbeiten-25.07.20.jpg 810w\" sizes=\"(max-width: 768px) 100vw, 768px\" \/><figcaption class=\"blocks-gallery-item__caption\">Fortschritt Mauerarbeiten 25.07.20<\/figcaption><\/figure><\/li><li class=\"blocks-gallery-item\"><figure><img loading=\"lazy\" decoding=\"async\" width=\"1024\" height=\"768\" src=\"https:\/\/www.kinderhilfe-uganda.de\/wp-content\/uploads\/2020\/11\/13-Ringbalken-betonieren-1024x768.jpg\" alt=\"\" data-id=\"1954\" data-full-url=\"https:\/\/www.kinderhilfe-uganda.de\/wp-content\/uploads\/2020\/11\/13-Ringbalken-betonieren.jpg\" data-link=\"https:\/\/www.kinderhilfe-uganda.de\/?attachment_id=1954\" class=\"wp-image-1954\" srcset=\"https:\/\/www.kinderhilfe-uganda.de\/wp-content\/uploads\/2020\/11\/13-Ringbalken-betonieren-1024x768.jpg 1024w, https:\/\/www.kinderhilfe-uganda.de\/wp-content\/uploads\/2020\/11\/13-Ringbalken-betonieren-300x225.jpg 300w, https:\/\/www.kinderhilfe-uganda.de\/wp-content\/uploads\/2020\/11\/13-Ringbalken-betonieren-768x576.jpg 768w, https:\/\/www.kinderhilfe-uganda.de\/wp-content\/uploads\/2020\/11\/13-Ringbalken-betonieren-135x100.jpg 135w, https:\/\/www.kinderhilfe-uganda.de\/wp-content\/uploads\/2020\/11\/13-Ringbalken-betonieren.jpg 1040w\" sizes=\"(max-width: 1024px) 100vw, 1024px\" \/><figcaption class=\"blocks-gallery-item__caption\">Ringbalken betonieren<\/figcaption><\/figure><\/li><li class=\"blocks-gallery-item\"><figure><img loading=\"lazy\" decoding=\"async\" width=\"984\" height=\"432\" src=\"https:\/\/www.kinderhilfe-uganda.de\/wp-content\/uploads\/2020\/11\/14-Dachstuhlmontage.jpg\" alt=\"\" data-id=\"1955\" data-full-url=\"https:\/\/www.kinderhilfe-uganda.de\/wp-content\/uploads\/2020\/11\/14-Dachstuhlmontage.jpg\" data-link=\"https:\/\/www.kinderhilfe-uganda.de\/?attachment_id=1955\" class=\"wp-image-1955\" srcset=\"https:\/\/www.kinderhilfe-uganda.de\/wp-content\/uploads\/2020\/11\/14-Dachstuhlmontage.jpg 984w, https:\/\/www.kinderhilfe-uganda.de\/wp-content\/uploads\/2020\/11\/14-Dachstuhlmontage-300x132.jpg 300w, https:\/\/www.kinderhilfe-uganda.de\/wp-content\/uploads\/2020\/11\/14-Dachstuhlmontage-768x337.jpg 768w\" sizes=\"(max-width: 984px) 100vw, 984px\" \/><figcaption class=\"blocks-gallery-item__caption\">Dachstuhlmontage<\/figcaption><\/figure><\/li><li class=\"blocks-gallery-item\"><figure><img loading=\"lazy\" decoding=\"async\" width=\"1024\" height=\"576\" src=\"https:\/\/www.kinderhilfe-uganda.de\/wp-content\/uploads\/2020\/11\/15-fertiger-Rohbau-1024x576.jpg\" alt=\"\" data-id=\"1956\" data-full-url=\"https:\/\/www.kinderhilfe-uganda.de\/wp-content\/uploads\/2020\/11\/15-fertiger-Rohbau.jpg\" data-link=\"https:\/\/www.kinderhilfe-uganda.de\/?attachment_id=1956\" class=\"wp-image-1956\" srcset=\"https:\/\/www.kinderhilfe-uganda.de\/wp-content\/uploads\/2020\/11\/15-fertiger-Rohbau-1024x576.jpg 1024w, https:\/\/www.kinderhilfe-uganda.de\/wp-content\/uploads\/2020\/11\/15-fertiger-Rohbau-300x169.jpg 300w, https:\/\/www.kinderhilfe-uganda.de\/wp-content\/uploads\/2020\/11\/15-fertiger-Rohbau-768x432.jpg 768w, https:\/\/www.kinderhilfe-uganda.de\/wp-content\/uploads\/2020\/11\/15-fertiger-Rohbau.jpg 1080w\" sizes=\"(max-width: 1024px) 100vw, 1024px\" \/><figcaption class=\"blocks-gallery-item__caption\">Fertiger Rohbau<\/figcaption><\/figure><\/li><\/ul><\/figure>\n\n\n\n<figure class=\"wp-block-video\"><video height=\"352\" style=\"aspect-ratio: 640 \/ 352;\" width=\"640\" controls src=\"https:\/\/www.kinderhilfe-uganda.de\/wp-content\/uploads\/2020\/11\/9-Video-Betonieren-der-Bodenplatte.mp4\"><\/video><figcaption>Betonieren der Bodenplatte<\/figcaption><\/figure>\n\n\n\n<p><\/p>\n","protected":false},"excerpt":{"rendered":"<p>Baufortschritt von April 2020 bis Ende Oktober 2020 Es konnte doch relativ z\u00fcgig mit dem Bau begonnen werden. Zun\u00e4chst musste ein Schuppen f\u00fcr die Materialunterbringung erbaut werden, wo auch die Arbeiter und die Nachtw\u00e4chter untergebracht sind. Wie schon in dem Demo-Video zu sehen war, wurden weiter Steine produziert. Anschlie\u00dfend erstellten die ortsnahen Arbeiter das Streifenfundament [&hellip;]<\/p>\n","protected":false},"author":7,"featured_media":0,"parent":1745,"menu_order":0,"comment_status":"closed","ping_status":"closed","template":"","meta":{"give_campaign_id":0,"ngg_post_thumbnail":0,"footnotes":""},"class_list":["post-1950","page","type-page","status-publish","hentry"],"campaignId":"","_links":{"self":[{"href":"https:\/\/www.kinderhilfe-uganda.de\/index.php?rest_route=\/wp\/v2\/pages\/1950","targetHints":{"allow":["GET"]}}],"collection":[{"href":"https:\/\/www.kinderhilfe-uganda.de\/index.php?rest_route=\/wp\/v2\/pages"}],"about":[{"href":"https:\/\/www.kinderhilfe-uganda.de\/index.php?rest_route=\/wp\/v2\/types\/page"}],"author":[{"embeddable":true,"href":"https:\/\/www.kinderhilfe-uganda.de\/index.php?rest_route=\/wp\/v2\/users\/7"}],"replies":[{"embeddable":true,"href":"https:\/\/www.kinderhilfe-uganda.de\/index.php?rest_route=%2Fwp%2Fv2%2Fcomments&post=1950"}],"version-history":[{"count":1,"href":"https:\/\/www.kinderhilfe-uganda.de\/index.php?rest_route=\/wp\/v2\/pages\/1950\/revisions"}],"predecessor-version":[{"id":1966,"href":"https:\/\/www.kinderhilfe-uganda.de\/index.php?rest_route=\/wp\/v2\/pages\/1950\/revisions\/1966"}],"up":[{"embeddable":true,"href":"https:\/\/www.kinderhilfe-uganda.de\/index.php?rest_route=\/wp\/v2\/pages\/1745"}],"wp:attachment":[{"href":"https:\/\/www.kinderhilfe-uganda.de\/index.php?rest_route=%2Fwp%2Fv2%2Fmedia&parent=1950"}],"curies":[{"name":"wp","href":"https:\/\/api.w.org\/{rel}","templated":true}]}}