{"id":20,"date":"2009-11-21T19:37:24","date_gmt":"2009-11-21T18:37:24","guid":{"rendered":"http:\/\/www.sos-kinderhilfe-uganda.com\/?page_id=20"},"modified":"2025-01-18T09:15:19","modified_gmt":"2025-01-18T07:15:19","slug":"impressum","status":"publish","type":"page","link":"https:\/\/www.kinderhilfe-uganda.de\/?page_id=20","title":{"rendered":"Impressum"},"content":{"rendered":"\n<div class=\"wp-block-columns is-layout-flex wp-container-core-columns-is-layout-28f84493 wp-block-columns-is-layout-flex\">\n<div class=\"wp-block-column is-layout-flow wp-block-column-is-layout-flow\" style=\"flex-basis:60%\">\n<div class=\"wp-block-group is-nowrap is-layout-flex wp-container-core-group-is-layout-6c531013 wp-block-group-is-layout-flex\">\n<h4 class=\"wp-block-heading\">Morsbach for children in Uganda e.V.<\/h4>\n<\/div>\n<\/div>\n<\/div>\n\n\n\n<div class=\"wp-block-columns is-layout-flex wp-container-core-columns-is-layout-28f84493 wp-block-columns-is-layout-flex\">\n<div class=\"wp-block-column is-layout-flow wp-block-column-is-layout-flow\" style=\"flex-basis:50%\">\n<p>c\/o Reinhard Langen<br>Solseifen 2<br>D-51597 Morsbach<br>Fon: +49 (0) 2294 \/ 6012<br>E-Mail: info@kinderhilfe-uganda.de<br><br>Registergericht: Amtsgericht Siegburg VR 2909<br>Steuernummer: 212\/5811\/0375<br>Bescheinigung der Gemeinn\u00fctzigkeit liegt vor.<\/p>\n<\/div>\n\n\n\n<div class=\"wp-block-column is-layout-flow wp-block-column-is-layout-flow\" style=\"flex-basis:50%\">\n<h4 class=\"wp-block-heading\">Besetzung<\/h4>\n\n\n\n<p>1. Vorsitzender: Reinhard Langen<br>2. Vorsitzender: Wolfgang Hartl<\/p>\n\n\n\n<p>Kassiererin: Birgit Zielenbach<br>Stellv. Kassiererin: Klaudia Koch<\/p>\n\n\n\n<p>Inhaltlicher Verantwortlicher: Reinhard Langen<\/p>\n<\/div>\n<\/div>\n\n\n\n<div class=\"wp-block-columns is-layout-flex wp-container-core-columns-is-layout-28f84493 wp-block-columns-is-layout-flex\">\n<div class=\"wp-block-column is-layout-flow wp-block-column-is-layout-flow\">\n<p><\/p>\n<\/div>\n\n\n\n<div class=\"wp-block-column is-layout-flow wp-block-column-is-layout-flow\">\n<p><\/p>\n<\/div>\n<\/div>\n\n\n\n<h3 class=\"wp-block-heading\">Disclaimer \u2013 rechtliche Hinweise<\/h3>\n\n\n\n<p><strong>1. Haftungsbeschr\u00e4nkung<\/strong><\/p>\n\n\n\n<p>Die Inhalte dieser Website werden mit gr\u00f6\u00dftm\u00f6glicher Sorgfalt erstellt. Der Anbieter \u00fcbernimmt jedoch keine Gew\u00e4hr f\u00fcr die Richtigkeit, Vollst\u00e4ndigkeit und Aktualit\u00e4t der bereitgestellten Inhalte. Die Nutzung der Inhalte der Website erfolgt auf eigene Gefahr des Nutzers. Namentlich gekennzeichnete Beitr\u00e4ge geben die Meinung des jeweiligen Autors und nicht immer die Meinung des Anbieters wieder. Mit der reinen Nutzung der Website des Anbieters kommt keinerlei Vertragsverh\u00e4ltnis zwischen dem Nutzer und dem Anbieter zustande.<\/p>\n\n\n\n<p><strong>2. Externe Links<\/strong><\/p>\n\n\n\n<p>Diese Website enth\u00e4lt Verkn\u00fcpfungen zu Websites Dritter (\u201cexterne Links\u201d). Diese Websites unterliegen der Haftung der jeweiligen Betreiber. Der Anbieter hat bei der erstmaligen Verkn\u00fcpfung der externen Links die fremden Inhalte daraufhin \u00fcberpr\u00fcft, ob etwaige Rechtsverst\u00f6\u00dfe bestehen. Zu dem Zeitpunkt waren keine Rechtsverst\u00f6\u00dfe ersichtlich. Der Anbieter hat keinerlei Einfluss auf die aktuelle und zuk\u00fcnftige Gestaltung und auf die Inhalte der verkn\u00fcpften Seiten. Das Setzen von externen Links bedeutet nicht, dass sich der Anbieter die hinter dem Verweis oder Link liegenden Inhalte zu Eigen macht. Eine st\u00e4ndige Kontrolle dieser externen Links ist f\u00fcr den Anbieter ohne konkrete Hinweise auf Rechtsverst\u00f6\u00dfe nicht zumutbar. Bei Kenntnis von Rechtsverst\u00f6\u00dfen werden jedoch derartige externe Links unverz\u00fcglich gel\u00f6scht.<\/p>\n\n\n\n<p><strong>3. Urheber- und Leistungsschutzrechte<\/strong><\/p>\n\n\n\n<p>Die auf dieser Website ver\u00f6ffentlichten Inhalte unterliegen dem deutschen Urheber- und Leistungsschutzrecht. Jede vom deutschen Urheber- und Leistungsschutzrecht nicht zugelassene Verwertung bedarf der vorherigen schriftlichen Zustimmung des Anbieters oder jeweiligen Rechteinhabers. Dies gilt insbesondere f\u00fcr Vervielf\u00e4ltigung, Bearbeitung, \u00dcbersetzung, Einspeicherung, Verarbeitung bzw. Wiedergabe von Inhalten in Datenbanken oder anderen elektronischen Medien und Systemen. Inhalte und Rechte Dritter sind dabei als solche gekennzeichnet. Die unerlaubte Vervielf\u00e4ltigung oder Weitergabe einzelner Inhalte oder kompletter Seiten ist nicht gestattet und strafbar. Lediglich die Herstellung von Kopien und Downloads f\u00fcr den pers\u00f6nlichen, privaten und nicht kommerziellen Gebrauch ist erlaubt.<br><br>Die Darstellung dieser Website in fremden Frames ist nur mit schriftlicher Erlaubnis zul\u00e4ssig.<\/p>\n\n\n\n<p><strong>4. Datenschutz<\/strong><\/p>\n\n\n\n<p>Durch den Besuch der Website des Anbieters k\u00f6nnen Informationen \u00fcber den Zugriff (Datum, Uhrzeit, betrachtete Seite) gespeichert werden. Diese Daten geh\u00f6ren nicht zu den<br>personenbezogenen Daten, sondern sind anonymisiert. Sie werden ausschlie\u00dflich zu statistischen Zwecken ausgewertet. Eine Weitergabe an Dritte, zu kommerziellen oder nichtkommerziellen Zwecken, findet nicht statt.<\/p>\n\n\n\n<p>Der Anbieter weist ausdr\u00fccklich darauf hin, dass die Daten\u00fcbertragung im Internet (z.B. bei der Kommunikation per E-Mail) Sicherheitsl\u00fccken aufweisen und nicht l\u00fcckenlos vor dem<br>Zugriff durch Dritte gesch\u00fctzt werden kann.<\/p>\n\n\n\n<p>Die Verwendung der Kontaktdaten des Impressums zur gewerblichen Werbung ist ausdr\u00fccklich nicht erw\u00fcnscht, es sei denn der Anbieter hatte zuvor seine schriftliche Einwilligung erteilt oder es besteht bereits eine Gesch\u00e4ftsbeziehung. Der Anbieter und alle auf dieser Website genannten Personen widersprechen hiermit jeder kommerziellen Verwendung und Weitergabe ihrer Daten.<\/p>\n\n\n\n<p>Quelle:&nbsp;<a href=\"http:\/\/www.juraforum.de\/\">JuraForum.de<\/a>,&nbsp;<a href=\"http:\/\/www.juraforum.de\/disclaimer_muster\/\">Disclaimer<\/a>,&nbsp;<a href=\"http:\/\/www.juraforum.de\/urteile\/\">Urteile<\/a>,&nbsp;<a href=\"http:\/\/www.juraforum.de\/gesetze\/\">Gesetze<\/a>,&nbsp;<a href=\"http:\/\/www.experten-branchenbuch.de\/\">Rechtsanw\u00e4lte<\/a><\/p>\n\n\n\n<p><strong>5. Informationspflichten nach Artikel 13 bis 14 DSGVO<\/strong><\/p>\n\n\n\n<p>Nach der DSGVO<sup data-fn=\"9921e8a2-8c9c-4ae1-8ea4-7b9d0fb69439\" class=\"fn\"><a href=\"#9921e8a2-8c9c-4ae1-8ea4-7b9d0fb69439\" id=\"9921e8a2-8c9c-4ae1-8ea4-7b9d0fb69439-link\">1<\/a><\/sup> hat der Verantwortliche einer betroffenen Person, deren Daten er verarbeitet, die in den Artikeln genannten Informationen bereit zu stellen. Dieser Informationspflicht kommt dieses Merkblatt nach.<\/p>\n\n\n\n<p><strong>5.1 Namen und Kontaktdaten des Verantwortlichen sowie gegebenenfalls seiner Vertreter<\/strong><\/p>\n\n\n\n<p><mark style=\"background-color:rgba(0, 0, 0, 0)\" class=\"has-inline-color has-secondary-color\"><em>Morsbach for Children in Uganda e.V.<\/em><br><em>Solseifen 2, 51597 Morsbach<\/em><\/mark><\/p>\n\n\n\n<p>gesetzlich vertreten durch den Vorstand nach \u00a7 26 BGB<\/p>\n\n\n\n<p><mark style=\"background-color:rgba(0, 0, 0, 0)\" class=\"has-inline-color has-secondary-color\"><em>Reinhard Langen (Vorsitzender) und Wolfgang Hartl (Stellvertreter)<br>&#8211; Tel.: +49 (0) 2294 \/ 6012<\/em><br><em>&#8211; E-Mail: info@kinderhilfe-uganda.de<\/em><\/mark><\/p>\n\n\n\n<p><strong>5.2 Zwecke, f\u00fcr die personenbezogenen Daten verarbeitet werden<\/strong><\/p>\n\n\n\n<p>Die personenbezogenen Daten werden f\u00fcr die Durchf\u00fchrung des Mitgliedschaftsverh\u00e4ltnisses verarbeitet (z.B. Einladung zu Versammlungen, Beitragseinzug, Organisation des Ablaufes).<br>Ferner werden personenbezogene Daten im Zusammenhang mit Berichterstattungen auf der Internetseite der Organisation, in lokalen, regionalen und \u00fcberregionalen Printmedien \u00fcbermittelt.<\/p>\n\n\n\n<p><strong>5.3 Rechtsgrundlagen, auf Grund derer die Verarbeitung erfolgt<\/strong><\/p>\n\n\n\n<p>Die Verarbeitung der personenbezogenen Daten erfolgt in der Regel aufgrund der Erforderlichkeit zur Erf\u00fcllung eines Vertrages gem\u00e4\u00df Artikel 6 Abs. 1 lit. b) DSGVO. Bei den Vertragsverh\u00e4ltnissen handelt es sich in erster Linie um das Mitgliedschaftsverh\u00e4ltnis in der Organisation.<br>Werden personenbezogene Daten erhoben, ohne dass die Verarbeitung zur Erf\u00fcllung des Vertrages erforderlich ist, erfolgt die Verarbeitung aufgrund einer Einwilligung nach Artikel 6 Abs. 1 lit. a) i.V.m. Artikel 7 DSGVO. Die Ver\u00f6ffentlichung personenbezogener Daten im Internet oder in lokalen, regionalen oder \u00fcberregionalen Printmedien erfolgt zur Wahrung berechtigter Interessen der Organisation (vgl. Artikel 6 Abs. 1 lit. f) DSGVO). Das berechtigte Interesse der Organisation besteht in der Information der \u00d6ffentlichkeit durch Berichtserstattung \u00fcber die Aktivit\u00e4ten der Organisation. In diesem Rahmen werden personenbezogene Daten einschlie\u00dflich von Bildern der Teilnehmer zum Beispiel im Rahmen der Berichterstattung \u00fcber Spendenaktionen oder vor-Ort-Fahrten und Ereignisse der Organisation ver\u00f6ffentlicht.<\/p>\n\n\n\n<p><strong>5.4 Die Empf\u00e4nger oder Kategorien von Empf\u00e4ngern der personenbezogenen Daten<\/strong><\/p>\n\n\n\n<p>Personenbezogene Daten der Mitglieder, die am Lastschriftverfahren teilnehmen, werden zum Zwecke des Beitragseinzugs an die Volksbank Oberberg e.G. weitergeleitet.<\/p>\n\n\n\n<p><strong>5.5 Die Dauer, f\u00fcr die die personenbezogenen Daten gespeichert werden oder, falls dies nicht m\u00f6glich ist, die Kriterien f\u00fcr die Festlegung der Dauer<\/strong><\/p>\n\n\n\n<p>Die personenbezogenen Daten werden f\u00fcr die Dauer der Mitgliedschaft gespeichert. Mit Beendigung der Mitgliedschaft werden die Datenkategorien gem\u00e4\u00df den gesetzlichen Aufbewahrungsfristen weitere zehn Jahre vorgehalten und dann gel\u00f6scht. In der Zeit zwischen Beendigung der Mitgliedschaft und der L\u00f6schung wird die Verarbeitung dieser Daten eingeschr\u00e4nkt (Bankdaten, E-Mail, Tel.).<\/p>\n\n\n\n<p><strong>5.6 Der betroffenen Person stehen unter den in den Artikeln jeweils genannten Voraussetzungen die nachfolgenden Rechte zu:<\/strong><\/p>\n\n\n\n<ul class=\"wp-block-list\">\n<li>Das Recht auf Auskunft nach Artikel 15 DSGVO<\/li>\n<\/ul>\n\n\n\n<ul class=\"wp-block-list\">\n<li>Das Recht auf Berichtigung nach Artikel 16 DSGVO<\/li>\n<\/ul>\n\n\n\n<ul class=\"wp-block-list\">\n<li>Das Recht auf L\u00f6schung nach Artikel 17 DSGVO<\/li>\n<\/ul>\n\n\n\n<ul class=\"wp-block-list\">\n<li>Das Recht auf Einschr\u00e4nkung der Verarbeitung nach Artikel 18 DSGVO<\/li>\n<\/ul>\n\n\n\n<ul class=\"wp-block-list\">\n<li>Das Recht auf Daten\u00fcbertragbarkeit nach Artikel 20 DSGVO<\/li>\n<\/ul>\n\n\n\n<ul class=\"wp-block-list\">\n<li>Das Widerspruchsrecht nach Artikel 21 DSGVO<\/li>\n<\/ul>\n\n\n\n<ul class=\"wp-block-list\">\n<li>Das Recht auf Beschwerde bei einer Aufsichtsbeh\u00f6rde nach Artikel 77 DSGVO<\/li>\n<\/ul>\n\n\n\n<ul class=\"wp-block-list\">\n<li>Das Recht, eine erteilte Einwilligung jederzeit widerrufen zu k\u00f6nnen, ohne dass die Rechtm\u00e4\u00dfigkeit der aufgrund der Einwilligung bis zum Widerruf erfolgten Verarbeitung hierdurch ber\u00fchrt wird.<\/li>\n<\/ul>\n\n\n\n<p>5.7 <strong>Die Quelle, aus der die personenbezogenen Daten stammen<\/strong><\/p>\n\n\n\n<p>Die personenbezogenen Daten werden grunds\u00e4tzlich im Rahmen des Erwerbs der Mitgliedschaft erhoben.<\/p>\n\n\n\n<p><strong>Ende der Informationspflicht<\/strong><\/p>\n\n\n\n<p><em>Stand: M\u00e4rz 2023<\/em><\/p>\n\n\n\n<hr class=\"wp-block-separator alignwide has-alpha-channel-opacity\"\/>\n\n\n\n<p><strong>Fu\u00dfnoten<\/strong><\/p>\n\n\n<ol class=\"wp-block-footnotes\"><li id=\"9921e8a2-8c9c-4ae1-8ea4-7b9d0fb69439\">DSGVO = Datenschutz-Grundverordnung der Europ\u00e4ischen Union <a href=\"#9921e8a2-8c9c-4ae1-8ea4-7b9d0fb69439-link\" aria-label=\"Zur Fu\u00dfnotenreferenz 1 navigieren\">\u21a9\ufe0e<\/a><\/li><\/ol>","protected":false},"excerpt":{"rendered":"<p>Morsbach for children in Uganda e.V. c\/o Reinhard LangenSolseifen 2D-51597 MorsbachFon: +49 (0) 2294 \/ 6012E-Mail: info@kinderhilfe-uganda.de Registergericht: Amtsgericht Siegburg VR 2909Steuernummer: 212\/5811\/0375Bescheinigung der Gemeinn\u00fctzigkeit liegt vor. Besetzung 1. Vorsitzender: Reinhard Langen2. Vorsitzender: Wolfgang Hartl Kassiererin: Birgit ZielenbachStellv. Kassiererin: Klaudia Koch Inhaltlicher Verantwortlicher: Reinhard Langen Disclaimer \u2013 rechtliche Hinweise 1. Haftungsbeschr\u00e4nkung Die Inhalte dieser Website [&hellip;]<\/p>\n","protected":false},"author":7,"featured_media":0,"parent":0,"menu_order":20,"comment_status":"closed","ping_status":"closed","template":"","meta":{"give_campaign_id":0,"ngg_post_thumbnail":0,"footnotes":"[{\"content\":\"DSGVO = Datenschutz-Grundverordnung der Europ\u00e4ischen Union\",\"id\":\"9921e8a2-8c9c-4ae1-8ea4-7b9d0fb69439\"}]"},"class_list":["post-20","page","type-page","status-publish","hentry"],"campaignId":"","_links":{"self":[{"href":"https:\/\/www.kinderhilfe-uganda.de\/index.php?rest_route=\/wp\/v2\/pages\/20","targetHints":{"allow":["GET"]}}],"collection":[{"href":"https:\/\/www.kinderhilfe-uganda.de\/index.php?rest_route=\/wp\/v2\/pages"}],"about":[{"href":"https:\/\/www.kinderhilfe-uganda.de\/index.php?rest_route=\/wp\/v2\/types\/page"}],"author":[{"embeddable":true,"href":"https:\/\/www.kinderhilfe-uganda.de\/index.php?rest_route=\/wp\/v2\/users\/7"}],"replies":[{"embeddable":true,"href":"https:\/\/www.kinderhilfe-uganda.de\/index.php?rest_route=%2Fwp%2Fv2%2Fcomments&post=20"}],"version-history":[{"count":130,"href":"https:\/\/www.kinderhilfe-uganda.de\/index.php?rest_route=\/wp\/v2\/pages\/20\/revisions"}],"predecessor-version":[{"id":2825,"href":"https:\/\/www.kinderhilfe-uganda.de\/index.php?rest_route=\/wp\/v2\/pages\/20\/revisions\/2825"}],"wp:attachment":[{"href":"https:\/\/www.kinderhilfe-uganda.de\/index.php?rest_route=%2Fwp%2Fv2%2Fmedia&parent=20"}],"curies":[{"name":"wp","href":"https:\/\/api.w.org\/{rel}","templated":true}]}}