{"id":2014,"date":"2021-12-05T11:50:37","date_gmt":"2021-12-05T09:50:37","guid":{"rendered":"https:\/\/www.kinderhilfe-uganda.de\/?page_id=2014"},"modified":"2023-11-05T12:18:21","modified_gmt":"2023-11-05T10:18:21","slug":"waisenhaus-fertigstellung-04-2021-12-2021","status":"publish","type":"page","link":"https:\/\/www.kinderhilfe-uganda.de\/?page_id=2014","title":{"rendered":"Waisenhaus Fertigstellung 04\/2021 \u2013 12\/2021"},"content":{"rendered":"\n<h2 class=\"wp-block-heading\">Einzug der ersten Kinder<\/h2>\n\n\n\n<p>Am 11.11.2021 fanden die ersten beiden Waisenkinder in unserem Waisenhaus ein neues Zuhause.<\/p>\n\n\n\n<p>Zum aktuellen Zeitpunkt (4.12.2021) \u00fcbermittelt die \u00f6rtliche Beh\u00f6rde ein Geschwisterpaar an das Waisenhaus, das M\u00e4dchen hat Aids. Ein Mitglied des Betreuungsteams ist mit dem Umgang mit HIV-infizierten Kindern geschult.<\/p>\n\n\n\n<h2 class=\"wp-block-heading\">Fertigstellung des Baus<\/h2>\n\n\n\n<p>Von April 2021 bis November 2021 gab es nach der Rohbaufertigstellung noch eine Menge zu tun. Auch beh\u00f6rdliche Auflagen, sei es baulicher oder b\u00fcrokratischer Art mussten noch umgesetzt und erf\u00fcllt werden. Wie schon in den vergangenen Bauphasen machte es die Corona-Pandemie nicht gerade leicht, diese H\u00fcrden zu nehmen.<\/p>\n\n\n\n<p>Per Post mussten Beh\u00f6rdendokumente mit unseren Originalunterschriften nach Uganda versandt, Personal ausgesucht und Vertr\u00e4ge abgeschlossen, eine Zwischendecke zum Dachraum eingezogen, die Inneneinrichtung installiert und Gebrauchsgegenst\u00e4nde eingekauft werden, um nur einige Punkte aufzuz\u00e4hlen.<\/p>\n\n\n\n<p>Das alles leistete unser hoch motiviertes Mitarbeiterteam vor Ort in enger Abstimmung mit uns.<\/p>\n\n\n\n<p>Trotz all der Umst\u00e4nde und Herausforderungen ist es Dank Ihren Spenden nun geschafft, den Waisen rund um Masaka ein neues Zuhause mit einer Zukunftsperspektive zu geben!<\/p>\n\n\n\n<h2 class=\"wp-block-heading\">Bildergallerie<\/h2>\n\n\n\n<figure class=\"wp-block-gallery columns-2 is-cropped wp-block-gallery-1 is-layout-flex wp-block-gallery-is-layout-flex\"><ul class=\"blocks-gallery-grid\"><li class=\"blocks-gallery-item\"><figure><a href=\"https:\/\/www.kinderhilfe-uganda.de\/wp-content\/uploads\/2021\/12\/1.Waisenhaus-Ansicht-Zugang-Grundstu\u0308ck.jpg\"><img fetchpriority=\"high\" decoding=\"async\" width=\"1000\" height=\"750\" src=\"https:\/\/www.kinderhilfe-uganda.de\/wp-content\/uploads\/2021\/12\/1.Waisenhaus-Ansicht-Zugang-Grundstu\u0308ck.jpg\" alt=\"\" data-id=\"2015\" data-full-url=\"https:\/\/www.kinderhilfe-uganda.de\/wp-content\/uploads\/2021\/12\/1.Waisenhaus-Ansicht-Zugang-Grundstu\u0308ck.jpg\" data-link=\"https:\/\/www.kinderhilfe-uganda.de\/?attachment_id=2015\" class=\"wp-image-2015\" srcset=\"https:\/\/www.kinderhilfe-uganda.de\/wp-content\/uploads\/2021\/12\/1.Waisenhaus-Ansicht-Zugang-Grundstu\u0308ck.jpg 1000w, https:\/\/www.kinderhilfe-uganda.de\/wp-content\/uploads\/2021\/12\/1.Waisenhaus-Ansicht-Zugang-Grundstu\u0308ck-300x225.jpg 300w, https:\/\/www.kinderhilfe-uganda.de\/wp-content\/uploads\/2021\/12\/1.Waisenhaus-Ansicht-Zugang-Grundstu\u0308ck-768x576.jpg 768w, https:\/\/www.kinderhilfe-uganda.de\/wp-content\/uploads\/2021\/12\/1.Waisenhaus-Ansicht-Zugang-Grundstu\u0308ck-135x100.jpg 135w\" sizes=\"(max-width: 1000px) 100vw, 1000px\" \/><\/a><figcaption class=\"blocks-gallery-item__caption\">1. Waisenhaus Ansicht Zugang Grundstu\u0308ck<\/figcaption><\/figure><\/li><li class=\"blocks-gallery-item\"><figure><a href=\"https:\/\/www.kinderhilfe-uganda.de\/wp-content\/uploads\/2021\/12\/2.Waisenhaus-Totale.jpg\"><img decoding=\"async\" width=\"1000\" height=\"750\" src=\"https:\/\/www.kinderhilfe-uganda.de\/wp-content\/uploads\/2021\/12\/2.Waisenhaus-Totale.jpg\" alt=\"\" data-id=\"2016\" data-full-url=\"https:\/\/www.kinderhilfe-uganda.de\/wp-content\/uploads\/2021\/12\/2.Waisenhaus-Totale.jpg\" data-link=\"https:\/\/www.kinderhilfe-uganda.de\/?attachment_id=2016\" class=\"wp-image-2016\" srcset=\"https:\/\/www.kinderhilfe-uganda.de\/wp-content\/uploads\/2021\/12\/2.Waisenhaus-Totale.jpg 1000w, https:\/\/www.kinderhilfe-uganda.de\/wp-content\/uploads\/2021\/12\/2.Waisenhaus-Totale-300x225.jpg 300w, https:\/\/www.kinderhilfe-uganda.de\/wp-content\/uploads\/2021\/12\/2.Waisenhaus-Totale-768x576.jpg 768w, https:\/\/www.kinderhilfe-uganda.de\/wp-content\/uploads\/2021\/12\/2.Waisenhaus-Totale-135x100.jpg 135w\" sizes=\"(max-width: 1000px) 100vw, 1000px\" \/><\/a><figcaption class=\"blocks-gallery-item__caption\">2. Waisenhaus Totale<\/figcaption><\/figure><\/li><li class=\"blocks-gallery-item\"><figure><a href=\"https:\/\/www.kinderhilfe-uganda.de\/wp-content\/uploads\/2021\/12\/3.Anlieferung-Wassertank.jpg\"><img decoding=\"async\" width=\"1000\" height=\"750\" src=\"https:\/\/www.kinderhilfe-uganda.de\/wp-content\/uploads\/2021\/12\/3.Anlieferung-Wassertank.jpg\" alt=\"\" data-id=\"2017\" data-full-url=\"https:\/\/www.kinderhilfe-uganda.de\/wp-content\/uploads\/2021\/12\/3.Anlieferung-Wassertank.jpg\" data-link=\"https:\/\/www.kinderhilfe-uganda.de\/?attachment_id=2017\" class=\"wp-image-2017\" srcset=\"https:\/\/www.kinderhilfe-uganda.de\/wp-content\/uploads\/2021\/12\/3.Anlieferung-Wassertank.jpg 1000w, https:\/\/www.kinderhilfe-uganda.de\/wp-content\/uploads\/2021\/12\/3.Anlieferung-Wassertank-300x225.jpg 300w, https:\/\/www.kinderhilfe-uganda.de\/wp-content\/uploads\/2021\/12\/3.Anlieferung-Wassertank-768x576.jpg 768w, https:\/\/www.kinderhilfe-uganda.de\/wp-content\/uploads\/2021\/12\/3.Anlieferung-Wassertank-135x100.jpg 135w\" sizes=\"(max-width: 1000px) 100vw, 1000px\" \/><\/a><figcaption class=\"blocks-gallery-item__caption\">3. Anlieferung Wassertank<\/figcaption><\/figure><\/li><li class=\"blocks-gallery-item\"><figure><a href=\"https:\/\/www.kinderhilfe-uganda.de\/wp-content\/uploads\/2021\/12\/4.Badezimmer.jpg\"><img loading=\"lazy\" decoding=\"async\" width=\"768\" height=\"1024\" src=\"https:\/\/www.kinderhilfe-uganda.de\/wp-content\/uploads\/2021\/12\/4.Badezimmer-768x1024.jpg\" alt=\"\" data-id=\"2018\" data-full-url=\"https:\/\/www.kinderhilfe-uganda.de\/wp-content\/uploads\/2021\/12\/4.Badezimmer.jpg\" data-link=\"https:\/\/www.kinderhilfe-uganda.de\/?attachment_id=2018\" class=\"wp-image-2018\" srcset=\"https:\/\/www.kinderhilfe-uganda.de\/wp-content\/uploads\/2021\/12\/4.Badezimmer-768x1024.jpg 768w, https:\/\/www.kinderhilfe-uganda.de\/wp-content\/uploads\/2021\/12\/4.Badezimmer-225x300.jpg 225w, https:\/\/www.kinderhilfe-uganda.de\/wp-content\/uploads\/2021\/12\/4.Badezimmer.jpg 780w\" sizes=\"(max-width: 768px) 100vw, 768px\" \/><\/a><figcaption class=\"blocks-gallery-item__caption\">4. Badezimmer<\/figcaption><\/figure><\/li><li class=\"blocks-gallery-item\"><figure><a href=\"https:\/\/www.kinderhilfe-uganda.de\/wp-content\/uploads\/2021\/12\/5.Essbereich-mit-Desinfektionsspeicher-Wasser.jpg\"><img loading=\"lazy\" decoding=\"async\" width=\"1000\" height=\"750\" src=\"https:\/\/www.kinderhilfe-uganda.de\/wp-content\/uploads\/2021\/12\/5.Essbereich-mit-Desinfektionsspeicher-Wasser.jpg\" alt=\"\" data-id=\"2019\" data-full-url=\"https:\/\/www.kinderhilfe-uganda.de\/wp-content\/uploads\/2021\/12\/5.Essbereich-mit-Desinfektionsspeicher-Wasser.jpg\" data-link=\"https:\/\/www.kinderhilfe-uganda.de\/?attachment_id=2019\" class=\"wp-image-2019\" srcset=\"https:\/\/www.kinderhilfe-uganda.de\/wp-content\/uploads\/2021\/12\/5.Essbereich-mit-Desinfektionsspeicher-Wasser.jpg 1000w, https:\/\/www.kinderhilfe-uganda.de\/wp-content\/uploads\/2021\/12\/5.Essbereich-mit-Desinfektionsspeicher-Wasser-300x225.jpg 300w, https:\/\/www.kinderhilfe-uganda.de\/wp-content\/uploads\/2021\/12\/5.Essbereich-mit-Desinfektionsspeicher-Wasser-768x576.jpg 768w, https:\/\/www.kinderhilfe-uganda.de\/wp-content\/uploads\/2021\/12\/5.Essbereich-mit-Desinfektionsspeicher-Wasser-135x100.jpg 135w\" sizes=\"(max-width: 1000px) 100vw, 1000px\" \/><\/a><figcaption class=\"blocks-gallery-item__caption\">5. Essbereich mit Desinfektionsspeicher Wasser<\/figcaption><\/figure><\/li><li class=\"blocks-gallery-item\"><figure><a href=\"https:\/\/www.kinderhilfe-uganda.de\/wp-content\/uploads\/2021\/12\/6.Ku\u0308chenzeile.jpg\"><img loading=\"lazy\" decoding=\"async\" width=\"1000\" height=\"750\" src=\"https:\/\/www.kinderhilfe-uganda.de\/wp-content\/uploads\/2021\/12\/6.Ku\u0308chenzeile.jpg\" alt=\"\" data-id=\"2020\" data-full-url=\"https:\/\/www.kinderhilfe-uganda.de\/wp-content\/uploads\/2021\/12\/6.Ku\u0308chenzeile.jpg\" data-link=\"https:\/\/www.kinderhilfe-uganda.de\/?attachment_id=2020\" class=\"wp-image-2020\" srcset=\"https:\/\/www.kinderhilfe-uganda.de\/wp-content\/uploads\/2021\/12\/6.Ku\u0308chenzeile.jpg 1000w, https:\/\/www.kinderhilfe-uganda.de\/wp-content\/uploads\/2021\/12\/6.Ku\u0308chenzeile-300x225.jpg 300w, https:\/\/www.kinderhilfe-uganda.de\/wp-content\/uploads\/2021\/12\/6.Ku\u0308chenzeile-768x576.jpg 768w, https:\/\/www.kinderhilfe-uganda.de\/wp-content\/uploads\/2021\/12\/6.Ku\u0308chenzeile-135x100.jpg 135w\" sizes=\"(max-width: 1000px) 100vw, 1000px\" \/><\/a><figcaption class=\"blocks-gallery-item__caption\">6. Ku\u0308chenzeile<\/figcaption><\/figure><\/li><li class=\"blocks-gallery-item\"><figure><a href=\"https:\/\/www.kinderhilfe-uganda.de\/wp-content\/uploads\/2021\/12\/7.Montage-Photovoltaik.jpg\"><img loading=\"lazy\" decoding=\"async\" width=\"1000\" height=\"480\" src=\"https:\/\/www.kinderhilfe-uganda.de\/wp-content\/uploads\/2021\/12\/7.Montage-Photovoltaik.jpg\" alt=\"\" data-id=\"2021\" data-full-url=\"https:\/\/www.kinderhilfe-uganda.de\/wp-content\/uploads\/2021\/12\/7.Montage-Photovoltaik.jpg\" data-link=\"https:\/\/www.kinderhilfe-uganda.de\/?attachment_id=2021\" class=\"wp-image-2021\" srcset=\"https:\/\/www.kinderhilfe-uganda.de\/wp-content\/uploads\/2021\/12\/7.Montage-Photovoltaik.jpg 1000w, https:\/\/www.kinderhilfe-uganda.de\/wp-content\/uploads\/2021\/12\/7.Montage-Photovoltaik-300x144.jpg 300w, https:\/\/www.kinderhilfe-uganda.de\/wp-content\/uploads\/2021\/12\/7.Montage-Photovoltaik-768x369.jpg 768w\" sizes=\"(max-width: 1000px) 100vw, 1000px\" \/><\/a><figcaption class=\"blocks-gallery-item__caption\">7. Montage Photovoltaik<\/figcaption><\/figure><\/li><li class=\"blocks-gallery-item\"><figure><a href=\"https:\/\/www.kinderhilfe-uganda.de\/wp-content\/uploads\/2021\/12\/8.Akkus-und-Wechselrichter-Photovoltaik.jpg\"><img loading=\"lazy\" decoding=\"async\" width=\"480\" height=\"1000\" src=\"https:\/\/www.kinderhilfe-uganda.de\/wp-content\/uploads\/2021\/12\/8.Akkus-und-Wechselrichter-Photovoltaik.jpg\" alt=\"\" data-id=\"2022\" data-full-url=\"https:\/\/www.kinderhilfe-uganda.de\/wp-content\/uploads\/2021\/12\/8.Akkus-und-Wechselrichter-Photovoltaik.jpg\" data-link=\"https:\/\/www.kinderhilfe-uganda.de\/?attachment_id=2022\" class=\"wp-image-2022\" srcset=\"https:\/\/www.kinderhilfe-uganda.de\/wp-content\/uploads\/2021\/12\/8.Akkus-und-Wechselrichter-Photovoltaik.jpg 480w, https:\/\/www.kinderhilfe-uganda.de\/wp-content\/uploads\/2021\/12\/8.Akkus-und-Wechselrichter-Photovoltaik-144x300.jpg 144w\" sizes=\"(max-width: 480px) 100vw, 480px\" \/><\/a><figcaption class=\"blocks-gallery-item__caption\">8. Akkus und Wechselrichter Photovoltaik<\/figcaption><\/figure><\/li><li class=\"blocks-gallery-item\"><figure><a href=\"https:\/\/www.kinderhilfe-uganda.de\/wp-content\/uploads\/2021\/12\/9.Verputzen-der-Zwischendecke.jpg\"><img loading=\"lazy\" decoding=\"async\" width=\"1000\" height=\"750\" src=\"https:\/\/www.kinderhilfe-uganda.de\/wp-content\/uploads\/2021\/12\/9.Verputzen-der-Zwischendecke.jpg\" alt=\"\" data-id=\"2023\" data-full-url=\"https:\/\/www.kinderhilfe-uganda.de\/wp-content\/uploads\/2021\/12\/9.Verputzen-der-Zwischendecke.jpg\" data-link=\"https:\/\/www.kinderhilfe-uganda.de\/?attachment_id=2023\" class=\"wp-image-2023\" srcset=\"https:\/\/www.kinderhilfe-uganda.de\/wp-content\/uploads\/2021\/12\/9.Verputzen-der-Zwischendecke.jpg 1000w, https:\/\/www.kinderhilfe-uganda.de\/wp-content\/uploads\/2021\/12\/9.Verputzen-der-Zwischendecke-300x225.jpg 300w, https:\/\/www.kinderhilfe-uganda.de\/wp-content\/uploads\/2021\/12\/9.Verputzen-der-Zwischendecke-768x576.jpg 768w, https:\/\/www.kinderhilfe-uganda.de\/wp-content\/uploads\/2021\/12\/9.Verputzen-der-Zwischendecke-135x100.jpg 135w\" sizes=\"(max-width: 1000px) 100vw, 1000px\" \/><\/a><figcaption class=\"blocks-gallery-item__caption\">9. Verputzen der Zwischendecke<\/figcaption><\/figure><\/li><li class=\"blocks-gallery-item\"><figure><a href=\"https:\/\/www.kinderhilfe-uganda.de\/wp-content\/uploads\/2021\/12\/10.Vorort-Team-bei-einer-Besprechung.jpg\"><img loading=\"lazy\" decoding=\"async\" width=\"1000\" height=\"750\" src=\"https:\/\/www.kinderhilfe-uganda.de\/wp-content\/uploads\/2021\/12\/10.Vorort-Team-bei-einer-Besprechung.jpg\" alt=\"\" data-id=\"2024\" data-full-url=\"https:\/\/www.kinderhilfe-uganda.de\/wp-content\/uploads\/2021\/12\/10.Vorort-Team-bei-einer-Besprechung.jpg\" data-link=\"https:\/\/www.kinderhilfe-uganda.de\/?attachment_id=2024\" class=\"wp-image-2024\" srcset=\"https:\/\/www.kinderhilfe-uganda.de\/wp-content\/uploads\/2021\/12\/10.Vorort-Team-bei-einer-Besprechung.jpg 1000w, https:\/\/www.kinderhilfe-uganda.de\/wp-content\/uploads\/2021\/12\/10.Vorort-Team-bei-einer-Besprechung-300x225.jpg 300w, https:\/\/www.kinderhilfe-uganda.de\/wp-content\/uploads\/2021\/12\/10.Vorort-Team-bei-einer-Besprechung-768x576.jpg 768w, https:\/\/www.kinderhilfe-uganda.de\/wp-content\/uploads\/2021\/12\/10.Vorort-Team-bei-einer-Besprechung-135x100.jpg 135w\" sizes=\"(max-width: 1000px) 100vw, 1000px\" \/><\/a><figcaption class=\"blocks-gallery-item__caption\">10. Vorort-Team bei einer Besprechung<\/figcaption><\/figure><\/li><li class=\"blocks-gallery-item\"><figure><a href=\"https:\/\/www.kinderhilfe-uganda.de\/wp-content\/uploads\/2021\/12\/11.die-ersten-2-Waisenkinder-beim-Essen.jpg\"><img loading=\"lazy\" decoding=\"async\" width=\"750\" height=\"1000\" src=\"https:\/\/www.kinderhilfe-uganda.de\/wp-content\/uploads\/2021\/12\/11.die-ersten-2-Waisenkinder-beim-Essen.jpg\" alt=\"\" data-id=\"2025\" data-full-url=\"https:\/\/www.kinderhilfe-uganda.de\/wp-content\/uploads\/2021\/12\/11.die-ersten-2-Waisenkinder-beim-Essen.jpg\" data-link=\"https:\/\/www.kinderhilfe-uganda.de\/?attachment_id=2025\" class=\"wp-image-2025\" srcset=\"https:\/\/www.kinderhilfe-uganda.de\/wp-content\/uploads\/2021\/12\/11.die-ersten-2-Waisenkinder-beim-Essen.jpg 750w, https:\/\/www.kinderhilfe-uganda.de\/wp-content\/uploads\/2021\/12\/11.die-ersten-2-Waisenkinder-beim-Essen-225x300.jpg 225w\" sizes=\"(max-width: 750px) 100vw, 750px\" \/><\/a><figcaption class=\"blocks-gallery-item__caption\">11. Die ersten 2 Waisenkinder beim Essen<\/figcaption><\/figure><\/li><li class=\"blocks-gallery-item\"><figure><a href=\"https:\/\/www.kinderhilfe-uganda.de\/wp-content\/uploads\/2021\/12\/12.die-ersten-beiden-Waisenkinder-mit-Betreuerin.jpg\"><img loading=\"lazy\" decoding=\"async\" width=\"768\" height=\"1024\" src=\"https:\/\/www.kinderhilfe-uganda.de\/wp-content\/uploads\/2021\/12\/12.die-ersten-beiden-Waisenkinder-mit-Betreuerin-768x1024.jpg\" alt=\"\" data-id=\"2026\" data-full-url=\"https:\/\/www.kinderhilfe-uganda.de\/wp-content\/uploads\/2021\/12\/12.die-ersten-beiden-Waisenkinder-mit-Betreuerin.jpg\" data-link=\"https:\/\/www.kinderhilfe-uganda.de\/?attachment_id=2026\" class=\"wp-image-2026\" srcset=\"https:\/\/www.kinderhilfe-uganda.de\/wp-content\/uploads\/2021\/12\/12.die-ersten-beiden-Waisenkinder-mit-Betreuerin-768x1024.jpg 768w, https:\/\/www.kinderhilfe-uganda.de\/wp-content\/uploads\/2021\/12\/12.die-ersten-beiden-Waisenkinder-mit-Betreuerin-225x300.jpg 225w, https:\/\/www.kinderhilfe-uganda.de\/wp-content\/uploads\/2021\/12\/12.die-ersten-beiden-Waisenkinder-mit-Betreuerin.jpg 810w\" sizes=\"(max-width: 768px) 100vw, 768px\" \/><\/a><figcaption class=\"blocks-gallery-item__caption\">12. Die ersten beiden Waisenkinder mit Betreuerin<\/figcaption><\/figure><\/li><\/ul><\/figure>\n","protected":false},"excerpt":{"rendered":"<p>Einzug der ersten Kinder Am 11.11.2021 fanden die ersten beiden Waisenkinder in unserem Waisenhaus ein neues Zuhause. Zum aktuellen Zeitpunkt (4.12.2021) \u00fcbermittelt die \u00f6rtliche Beh\u00f6rde ein Geschwisterpaar an das Waisenhaus, das M\u00e4dchen hat Aids. Ein Mitglied des Betreuungsteams ist mit dem Umgang mit HIV-infizierten Kindern geschult. Fertigstellung des Baus Von April 2021 bis November 2021 [&hellip;]<\/p>\n","protected":false},"author":7,"featured_media":0,"parent":1745,"menu_order":0,"comment_status":"closed","ping_status":"closed","template":"","meta":{"give_campaign_id":0,"ngg_post_thumbnail":0,"footnotes":""},"class_list":["post-2014","page","type-page","status-publish","hentry"],"campaignId":"","_links":{"self":[{"href":"https:\/\/www.kinderhilfe-uganda.de\/index.php?rest_route=\/wp\/v2\/pages\/2014","targetHints":{"allow":["GET"]}}],"collection":[{"href":"https:\/\/www.kinderhilfe-uganda.de\/index.php?rest_route=\/wp\/v2\/pages"}],"about":[{"href":"https:\/\/www.kinderhilfe-uganda.de\/index.php?rest_route=\/wp\/v2\/types\/page"}],"author":[{"embeddable":true,"href":"https:\/\/www.kinderhilfe-uganda.de\/index.php?rest_route=\/wp\/v2\/users\/7"}],"replies":[{"embeddable":true,"href":"https:\/\/www.kinderhilfe-uganda.de\/index.php?rest_route=%2Fwp%2Fv2%2Fcomments&post=2014"}],"version-history":[{"count":1,"href":"https:\/\/www.kinderhilfe-uganda.de\/index.php?rest_route=\/wp\/v2\/pages\/2014\/revisions"}],"predecessor-version":[{"id":2027,"href":"https:\/\/www.kinderhilfe-uganda.de\/index.php?rest_route=\/wp\/v2\/pages\/2014\/revisions\/2027"}],"up":[{"embeddable":true,"href":"https:\/\/www.kinderhilfe-uganda.de\/index.php?rest_route=\/wp\/v2\/pages\/1745"}],"wp:attachment":[{"href":"https:\/\/www.kinderhilfe-uganda.de\/index.php?rest_route=%2Fwp%2Fv2%2Fmedia&parent=2014"}],"curies":[{"name":"wp","href":"https:\/\/api.w.org\/{rel}","templated":true}]}}