{"id":2292,"date":"2023-03-12T17:42:49","date_gmt":"2023-03-12T15:42:49","guid":{"rendered":"https:\/\/www.kinderhilfe-uganda.de\/?page_id=2292"},"modified":"2023-11-16T09:27:40","modified_gmt":"2023-11-16T07:27:40","slug":"spende-der-kfd-holpe","status":"publish","type":"page","link":"https:\/\/www.kinderhilfe-uganda.de\/?page_id=2292","title":{"rendered":"Spenden der kfd Holpe"},"content":{"rendered":"\n<p>Die kfd Holpe unterst\u00fctzt seit Jahren unsere Projekte mit regelm\u00e4\u00dfigen Spenden.<\/p>\n\n\n\n<p>Im Dezember 2022: Spende \u00fcber 615 \u20ac vom Weihnachtsbasar des Kinderstandes.<\/p>\n\n\n\n<p>Im November 2023: Spende \u00fcber 1.000 \u20ac und \u00dcbernahme einer Waisenhauspatenschaft mit 100 \u20ac\/Monat.<\/p>\n","protected":false},"excerpt":{"rendered":"<p>Die kfd Holpe unterst\u00fctzt seit Jahren unsere Projekte mit regelm\u00e4\u00dfigen Spenden. Im Dezember 2022: Spende \u00fcber 615 \u20ac vom Weihnachtsbasar des Kinderstandes. Im November 2023: Spende \u00fcber 1.000 \u20ac und \u00dcbernahme einer Waisenhauspatenschaft mit 100 \u20ac\/Monat.<\/p>\n","protected":false},"author":7,"featured_media":0,"parent":10,"menu_order":0,"comment_status":"closed","ping_status":"closed","template":"","meta":{"give_campaign_id":0,"ngg_post_thumbnail":0,"footnotes":""},"class_list":["post-2292","page","type-page","status-publish","hentry"],"campaignId":"","_links":{"self":[{"href":"https:\/\/www.kinderhilfe-uganda.de\/index.php?rest_route=\/wp\/v2\/pages\/2292","targetHints":{"allow":["GET"]}}],"collection":[{"href":"https:\/\/www.kinderhilfe-uganda.de\/index.php?rest_route=\/wp\/v2\/pages"}],"about":[{"href":"https:\/\/www.kinderhilfe-uganda.de\/index.php?rest_route=\/wp\/v2\/types\/page"}],"author":[{"embeddable":true,"href":"https:\/\/www.kinderhilfe-uganda.de\/index.php?rest_route=\/wp\/v2\/users\/7"}],"replies":[{"embeddable":true,"href":"https:\/\/www.kinderhilfe-uganda.de\/index.php?rest_route=%2Fwp%2Fv2%2Fcomments&post=2292"}],"version-history":[{"count":3,"href":"https:\/\/www.kinderhilfe-uganda.de\/index.php?rest_route=\/wp\/v2\/pages\/2292\/revisions"}],"predecessor-version":[{"id":2419,"href":"https:\/\/www.kinderhilfe-uganda.de\/index.php?rest_route=\/wp\/v2\/pages\/2292\/revisions\/2419"}],"up":[{"embeddable":true,"href":"https:\/\/www.kinderhilfe-uganda.de\/index.php?rest_route=\/wp\/v2\/pages\/10"}],"wp:attachment":[{"href":"https:\/\/www.kinderhilfe-uganda.de\/index.php?rest_route=%2Fwp%2Fv2%2Fmedia&parent=2292"}],"curies":[{"name":"wp","href":"https:\/\/api.w.org\/{rel}","templated":true}]}}