{"id":2646,"date":"2024-05-29T19:11:03","date_gmt":"2024-05-29T17:11:03","guid":{"rendered":"https:\/\/www.kinderhilfe-uganda.de\/?page_id=2646"},"modified":"2024-05-29T19:12:11","modified_gmt":"2024-05-29T17:12:11","slug":"spende-andreas-goor","status":"publish","type":"page","link":"https:\/\/www.kinderhilfe-uganda.de\/?page_id=2646","title":{"rendered":"Spende Andreas Goor"},"content":{"rendered":"\n<div class=\"wp-block-columns is-layout-flex wp-container-core-columns-is-layout-28f84493 wp-block-columns-is-layout-flex\">\n<div class=\"wp-block-column is-layout-flow wp-block-column-is-layout-flow\">\n<p>Dank einer projektbezogenen Einzelspende von Andreas Goor in H\u00f6he von 500 \u20ac an unsere Organisation \u201eMorsbach for children in Uganda e.V.\u201c konnten wir k\u00fcrzlich ein N\u00e4hprojekt f\u00fcr die Kinder und Jugendlichen in unserem Waisenhaus in Masaka Uganda umsetzen. Daf\u00fcr wurden neben den beiden vorhandenen N\u00e4hmaschinen 2 zus\u00e4tzliche angeschafft. Das ben\u00f6tigte Material stellte die von uns angestellte professionelle N\u00e4hlehrerin Shamim zusammen. P\u00fcnktlich mit Beginn der dortigen Ferien Anfang Mai konnte dieses Projekt dann starten. Der 4-5 st\u00fcndige Kurs wird von der Betreuerin Dorothy unterst\u00fctzt und findet in den Ferien an 4 Wochenenden 3 mal die Woche nach einem festen Stundenplan statt.<\/p>\n<\/div>\n\n\n\n<div class=\"wp-block-column is-layout-flow wp-block-column-is-layout-flow\">\n<figure class=\"wp-block-gallery has-nested-images columns-default is-cropped wp-block-gallery-1 is-layout-flex wp-block-gallery-is-layout-flex\">\n<figure class=\"wp-block-image size-large\"><a href=\"https:\/\/www.kinderhilfe-uganda.de\/wp-content\/uploads\/2024\/05\/Scheckuebergabe-Naehprojekt-vl.-W.-Hartl-2.Vorsitzender-R.Langen-1.Vorsitzender-A.Goor-Spender-Foto-von-Organisation.jpg\"><img fetchpriority=\"high\" decoding=\"async\" width=\"1024\" height=\"768\" data-id=\"2639\" src=\"https:\/\/www.kinderhilfe-uganda.de\/wp-content\/uploads\/2024\/05\/Scheckuebergabe-Naehprojekt-vl.-W.-Hartl-2.Vorsitzender-R.Langen-1.Vorsitzender-A.Goor-Spender-Foto-von-Organisation-1024x768.jpg\" alt=\"\" class=\"wp-image-2639\" srcset=\"https:\/\/www.kinderhilfe-uganda.de\/wp-content\/uploads\/2024\/05\/Scheckuebergabe-Naehprojekt-vl.-W.-Hartl-2.Vorsitzender-R.Langen-1.Vorsitzender-A.Goor-Spender-Foto-von-Organisation-1024x768.jpg 1024w, https:\/\/www.kinderhilfe-uganda.de\/wp-content\/uploads\/2024\/05\/Scheckuebergabe-Naehprojekt-vl.-W.-Hartl-2.Vorsitzender-R.Langen-1.Vorsitzender-A.Goor-Spender-Foto-von-Organisation-300x225.jpg 300w, https:\/\/www.kinderhilfe-uganda.de\/wp-content\/uploads\/2024\/05\/Scheckuebergabe-Naehprojekt-vl.-W.-Hartl-2.Vorsitzender-R.Langen-1.Vorsitzender-A.Goor-Spender-Foto-von-Organisation-768x576.jpg 768w, https:\/\/www.kinderhilfe-uganda.de\/wp-content\/uploads\/2024\/05\/Scheckuebergabe-Naehprojekt-vl.-W.-Hartl-2.Vorsitzender-R.Langen-1.Vorsitzender-A.Goor-Spender-Foto-von-Organisation-1536x1152.jpg 1536w, https:\/\/www.kinderhilfe-uganda.de\/wp-content\/uploads\/2024\/05\/Scheckuebergabe-Naehprojekt-vl.-W.-Hartl-2.Vorsitzender-R.Langen-1.Vorsitzender-A.Goor-Spender-Foto-von-Organisation.jpg 2016w\" sizes=\"(max-width: 1024px) 100vw, 1024px\" \/><\/a><\/figure>\n<\/figure>\n<\/div>\n<\/div>\n\n\n\n<p><\/p>\n","protected":false},"excerpt":{"rendered":"<p>Dank einer projektbezogenen Einzelspende von Andreas Goor in H\u00f6he von 500 \u20ac an unsere Organisation \u201eMorsbach for children in Uganda e.V.\u201c konnten wir k\u00fcrzlich ein N\u00e4hprojekt f\u00fcr die Kinder und Jugendlichen in unserem Waisenhaus in Masaka Uganda umsetzen. Daf\u00fcr wurden neben den beiden vorhandenen N\u00e4hmaschinen 2 zus\u00e4tzliche angeschafft. Das ben\u00f6tigte Material stellte die von uns [&hellip;]<\/p>\n","protected":false},"author":7,"featured_media":0,"parent":10,"menu_order":0,"comment_status":"closed","ping_status":"closed","template":"","meta":{"give_campaign_id":0,"ngg_post_thumbnail":0,"footnotes":""},"class_list":["post-2646","page","type-page","status-publish","hentry"],"campaignId":"","_links":{"self":[{"href":"https:\/\/www.kinderhilfe-uganda.de\/index.php?rest_route=\/wp\/v2\/pages\/2646","targetHints":{"allow":["GET"]}}],"collection":[{"href":"https:\/\/www.kinderhilfe-uganda.de\/index.php?rest_route=\/wp\/v2\/pages"}],"about":[{"href":"https:\/\/www.kinderhilfe-uganda.de\/index.php?rest_route=\/wp\/v2\/types\/page"}],"author":[{"embeddable":true,"href":"https:\/\/www.kinderhilfe-uganda.de\/index.php?rest_route=\/wp\/v2\/users\/7"}],"replies":[{"embeddable":true,"href":"https:\/\/www.kinderhilfe-uganda.de\/index.php?rest_route=%2Fwp%2Fv2%2Fcomments&post=2646"}],"version-history":[{"count":1,"href":"https:\/\/www.kinderhilfe-uganda.de\/index.php?rest_route=\/wp\/v2\/pages\/2646\/revisions"}],"predecessor-version":[{"id":2647,"href":"https:\/\/www.kinderhilfe-uganda.de\/index.php?rest_route=\/wp\/v2\/pages\/2646\/revisions\/2647"}],"up":[{"embeddable":true,"href":"https:\/\/www.kinderhilfe-uganda.de\/index.php?rest_route=\/wp\/v2\/pages\/10"}],"wp:attachment":[{"href":"https:\/\/www.kinderhilfe-uganda.de\/index.php?rest_route=%2Fwp%2Fv2%2Fmedia&parent=2646"}],"curies":[{"name":"wp","href":"https:\/\/api.w.org\/{rel}","templated":true}]}}