{"id":2653,"date":"2024-09-10T20:54:27","date_gmt":"2024-09-10T18:54:27","guid":{"rendered":"https:\/\/www.kinderhilfe-uganda.de\/?page_id=2653"},"modified":"2024-11-16T13:03:23","modified_gmt":"2024-11-16T11:03:23","slug":"neues-aus-dem-kinderheim","status":"publish","type":"page","link":"https:\/\/www.kinderhilfe-uganda.de\/?page_id=2653","title":{"rendered":"Neues aus dem Kinderheim (2024)"},"content":{"rendered":"\n<p><strong><em>18.10.2024 &#8211; Besuch vor Ort<\/em><\/strong><\/p>\n\n\n\n<p>Wir hatten die Ehre, die Ikirah education center Schule, die Partnerschule des&nbsp;<a href=\"https:\/\/www.instagram.com\/dbg.wiehl\/\">@dbg.wiehl<\/a>&nbsp;, zu besuchen. Schulleiter Hamuza hat uns herzlich empfangen und die Kinder haben f\u00fcr uns traditionelle T\u00e4nze vorgef\u00fchrt. Besonders beeindruckend war die F\u00fchrung durch die Schule, die stark auf Nachhaltigkeit setzt: Sie stellen ihre eigene Seife her, produzieren Hygieneartikel f\u00fcr M\u00e4dchen und nutzen Plastikflaschen kreativ \u2013 zum Beispiel f\u00fcr Z\u00e4une. &#x1f44d;&#x1f3fe;<\/p>\n\n\n\n<p>W\u00e4hrenddessen war auch ein Teil unseres Teams flei\u00dfig im Kinderheim: Es wurde ein Zaun gebaut, an der Reparatur der Solarpumpe gearbeitet (wir brauchen eine neue &#x1fae3;) und 20 Pflanzen gekauft, die morgen eingepflanzt werden. &#x1f331;<\/p>\n\n\n\n<p>Ein paar von uns waren heute Nachmittag auch noch wieder in der Crown Star Junior School und haben die Geschenke der Amitola Grundschule Holpe vorbei gebracht. Es gab ein Trommelset &#x1f941; zum trommeln, tanzen und singen &#8211; das wurde nat\u00fcrlich direkt ausprobiert &#8211; und Story-Books zum Lesen f\u00fcr die Kinder. &#x1f4da;<br>Die Schule in Holpe hatte am Donnerstag vor den Ferien ein Erntedankfest gefeiert. Der Erl\u00f6s wird hier in Uganda f\u00fcr Dinge eingesetzt, die in der Schule gebraucht werden k\u00f6nnen. Alles was noch davon gekauft wird, werden wir euch noch zeigen &#x1f601;<\/p>\n\n\n\n<p>Wir haben schon viel geschafft und haben auch noch viel vor in den n\u00e4chsten paar Tagen! Dr\u00fcckt uns die Daumen, dass alles klappt! &#x1f91e;&#x1f3fe;<\/p>\n\n\n\n<p>Bilder, Videos und Eindr\u00fccke auf Instagram: <a href=\"https:\/\/www.instagram.com\/p\/DBRzsDPNlZm\/\">https:\/\/www.instagram.com\/p\/DBRzsDPNlZm\/<\/a><\/p>\n\n\n\n<p><strong><em>15.10.2024 &#8211; Besuch vor Ort<\/em><\/strong><\/p>\n\n\n\n<p>Was f\u00fcr ein besonderer Tag!<br>Heute waren wir zu Besuch in der Crown Star Junior School, nur 10 Minuten zu Fu\u00df von unserem Kinderheim entfernt. Wir wurden so herzlich empfangen, haben zusammen mit den Kindern gesungen, Musik gemacht (unsere Gruppe ist dieses Jahr besonders musikalisch ) und die Kids haben uns mit tollen Vorf\u00fchrungen begeistert.<\/p>\n\n\n\n<p>Ein Highlight: Wir durften die Feier des \u00dcbergangs der Kindergartenkinder (Babyclass) in die 1. Klasse (Primary 1) miterleben. Ein gro\u00dfer Moment f\u00fcr die Kleinen, der uns mit Stolz erf\u00fcllt hat, dabei zu sein.<\/p>\n\n\n\n<p>Es war ein Vormittag voller Freude, gemeinsamer Momente und Stolz \u2013 f\u00fcr uns und die Kinder. Alle Kids aus unserem Heim besuchen die Crown Star Junior School bis zur 7. Klasse. &#x1f49b;<\/p>\n\n\n\n<p>Wir sind dankbar, Teil dieser wunderbaren Reise zu sein und die Kinder auf ihrem Weg begleiten zu d\u00fcrfen. &#x1f1fa;&#x1f1ec;<\/p>\n\n\n\n<p>Letztlich konnten wir die ugandischen Musikinstrumente auch selber ausprobieren.<br>Nachmittags ging es f\u00fcr uns auf den Markt in Masaka. Wir haben f\u00fcr die Kinder B\u00fccher, Fahrr\u00e4der usw. besorgt.<br>Kleiner Kulturschock\u2026<\/p>\n\n\n\n<p>Bilder dazu sind wie immer auf Instagram zu sehen: <a href=\"https:\/\/www.instagram.com\/p\/DBIa0iPt7Wd\/\">https:\/\/www.instagram.com\/p\/DBIa0iPt7Wd\/<\/a> und <a href=\"https:\/\/www.instagram.com\/p\/DBIrighOT0y\">https:\/\/www.instagram.com\/p\/DBIrighOT0y<\/a><\/p>\n\n\n\n<p><strong><em>14.10.2024 &#8211; Besuch vor Ort<\/em><\/strong><\/p>\n\n\n\n<p>Patenkinderfest 2024: So viele strahlende Gesichter&#8230;<\/p>\n\n\n\n<p>Alle 70 Patenkinder im Alter von 3-20, alle Mitarbeiter und Unterst\u00fctzer unseres Vereins aus Uganda sind im Garden Courts Hotel zu einem gro\u00dfen Spielefest zusammen gekommen. Wir haben ganz viel mit den Kindern gespielt, getanzt, gebastelt, geschrieben, gegessen und viel gelacht. Auch wir hatten einen tollen Tag &#x1f1fa;&#x1f1ec; Klickt gerne durch die Fotos auf Instagram und macht euch selbst ein Bild von unserem Tag: <a href=\"https:\/\/www.instagram.com\/p\/DBGcayON70A\/\">https:\/\/www.instagram.com\/p\/DBGcayON70A\/<\/a><\/p>\n\n\n\n<p><em><strong>10.09.2024<br><\/strong><\/em><img decoding=\"async\" height=\"16\" width=\"16\" src=\"https:\/\/static.xx.fbcdn.net\/images\/emoji.php\/v9\/tfe\/2\/16\/1f1fa_1f1ec.png\" alt=\"&#x1f1fa;&#x1f1ec;\">Zwei unvergessliche Tage im Kinderheim Uganda<img decoding=\"async\" height=\"16\" width=\"16\" src=\"https:\/\/static.xx.fbcdn.net\/images\/emoji.php\/v9\/tfe\/2\/16\/1f1fa_1f1ec.png\" alt=\"&#x1f1fa;&#x1f1ec;\"><\/p>\n\n\n\n<p>In den letzten Tagen hatten wir Besuch in unserem Kinderheim. F\u00fcnf engagierte Sponsoren haben zwei Tage lang mit angepackt und uns dabei auf vielf\u00e4ltige Weise unterst\u00fctzt. Am ersten Tag halfen sie bei der Gartenarbeit und verbrachten den Nachmittag mit unseren Kindern beim gemeinsamen Fu\u00dfballspielen. <img decoding=\"async\" height=\"16\" width=\"16\" alt=\"&#x26bd;&#xfe0f;\" src=\"https:\/\/static.xx.fbcdn.net\/images\/emoji.php\/v9\/t30\/2\/16\/26bd.png\"><\/p>\n\n\n\n<p>Der zweite Tag brachte ein echtes Highlight: ein Ausflug zu einem nahegelegenen See, bei dem nicht nur die Kinder, sondern <a><\/a>auch unsere Mitarbeiter und Sponsoren dabei waren. <img decoding=\"async\" height=\"16\" width=\"16\" alt=\"&#x1f30a;\" src=\"https:\/\/static.xx.fbcdn.net\/images\/emoji.php\/v9\/t5b\/2\/16\/1f30a.png\"><\/p>\n\n\n\n<p>F\u00fcr viele der Kinder war es das erste Mal, dass sie im Wasser waren \u2013 ein Moment, der f\u00fcr strahlende Augen und gro\u00dfe Freude sorgte. Nach dem Badespa\u00df haben wir den Tag mit einem gemeinsamen Picknick auf der Wiese ausklingen lassen. <img loading=\"lazy\" decoding=\"async\" height=\"16\" width=\"16\" alt=\"&#x1f37d;&#xfe0f;\" src=\"https:\/\/static.xx.fbcdn.net\/images\/emoji.php\/v9\/t37\/2\/16\/1f37d.png\"><\/p>\n\n\n\n<p>Diese zwei Tage waren gef\u00fcllt mit Lachen, neuen Erfahrungen und wertvoller Gemeinschaft. Ein herzliches Dankesch\u00f6n an unsere Sponsoren f\u00fcr ihre Unterst\u00fctzung und daf\u00fcr, dass sie solche unvergesslichen Momente m\u00f6glich gemacht haben. <img loading=\"lazy\" decoding=\"async\" height=\"16\" width=\"16\" alt=\"&#x1f49b;\" src=\"https:\/\/static.xx.fbcdn.net\/images\/emoji.php\/v9\/tb4\/2\/16\/1f49b.png\"><\/p>\n\n\n\n<figure class=\"wp-block-gallery has-nested-images columns-default is-cropped wp-block-gallery-1 is-layout-flex wp-block-gallery-is-layout-flex\">\n<figure class=\"wp-block-image size-large\"><a href=\"https:\/\/www.kinderhilfe-uganda.de\/wp-content\/uploads\/2024\/09\/Bild_14.jpeg\"><img loading=\"lazy\" decoding=\"async\" width=\"768\" height=\"1024\" data-id=\"2666\" src=\"https:\/\/www.kinderhilfe-uganda.de\/wp-content\/uploads\/2024\/09\/Bild_14-768x1024.jpeg\" alt=\"\" class=\"wp-image-2666\" srcset=\"https:\/\/www.kinderhilfe-uganda.de\/wp-content\/uploads\/2024\/09\/Bild_14-768x1024.jpeg 768w, https:\/\/www.kinderhilfe-uganda.de\/wp-content\/uploads\/2024\/09\/Bild_14-225x300.jpeg 225w, https:\/\/www.kinderhilfe-uganda.de\/wp-content\/uploads\/2024\/09\/Bild_14-1152x1536.jpeg 1152w, https:\/\/www.kinderhilfe-uganda.de\/wp-content\/uploads\/2024\/09\/Bild_14.jpeg 1536w\" sizes=\"(max-width: 768px) 100vw, 768px\" \/><\/a><\/figure>\n\n\n\n<figure class=\"wp-block-image size-large\"><a href=\"https:\/\/www.kinderhilfe-uganda.de\/wp-content\/uploads\/2024\/09\/Bild_8.jpeg\"><img loading=\"lazy\" decoding=\"async\" width=\"576\" height=\"1024\" data-id=\"2661\" src=\"https:\/\/www.kinderhilfe-uganda.de\/wp-content\/uploads\/2024\/09\/Bild_8-576x1024.jpeg\" alt=\"\" class=\"wp-image-2661\" srcset=\"https:\/\/www.kinderhilfe-uganda.de\/wp-content\/uploads\/2024\/09\/Bild_8-576x1024.jpeg 576w, https:\/\/www.kinderhilfe-uganda.de\/wp-content\/uploads\/2024\/09\/Bild_8-169x300.jpeg 169w, https:\/\/www.kinderhilfe-uganda.de\/wp-content\/uploads\/2024\/09\/Bild_8.jpeg 607w\" sizes=\"(max-width: 576px) 100vw, 576px\" \/><\/a><\/figure>\n\n\n\n<figure class=\"wp-block-image size-large\"><a href=\"https:\/\/www.kinderhilfe-uganda.de\/wp-content\/uploads\/2024\/09\/Bild_9.jpeg\"><img loading=\"lazy\" decoding=\"async\" width=\"576\" height=\"1024\" data-id=\"2662\" src=\"https:\/\/www.kinderhilfe-uganda.de\/wp-content\/uploads\/2024\/09\/Bild_9-576x1024.jpeg\" alt=\"\" class=\"wp-image-2662\" srcset=\"https:\/\/www.kinderhilfe-uganda.de\/wp-content\/uploads\/2024\/09\/Bild_9-576x1024.jpeg 576w, https:\/\/www.kinderhilfe-uganda.de\/wp-content\/uploads\/2024\/09\/Bild_9-169x300.jpeg 169w, https:\/\/www.kinderhilfe-uganda.de\/wp-content\/uploads\/2024\/09\/Bild_9.jpeg 607w\" sizes=\"(max-width: 576px) 100vw, 576px\" \/><\/a><\/figure>\n\n\n\n<figure class=\"wp-block-image size-large\"><a href=\"https:\/\/www.kinderhilfe-uganda.de\/wp-content\/uploads\/2024\/09\/Bild_10.jpeg\"><img loading=\"lazy\" decoding=\"async\" width=\"1024\" height=\"767\" data-id=\"2663\" src=\"https:\/\/www.kinderhilfe-uganda.de\/wp-content\/uploads\/2024\/09\/Bild_10-1024x767.jpeg\" alt=\"\" class=\"wp-image-2663\" srcset=\"https:\/\/www.kinderhilfe-uganda.de\/wp-content\/uploads\/2024\/09\/Bild_10-1024x767.jpeg 1024w, https:\/\/www.kinderhilfe-uganda.de\/wp-content\/uploads\/2024\/09\/Bild_10-300x225.jpeg 300w, https:\/\/www.kinderhilfe-uganda.de\/wp-content\/uploads\/2024\/09\/Bild_10-768x575.jpeg 768w, https:\/\/www.kinderhilfe-uganda.de\/wp-content\/uploads\/2024\/09\/Bild_10.jpeg 1080w\" sizes=\"(max-width: 1024px) 100vw, 1024px\" \/><\/a><\/figure>\n\n\n\n<figure class=\"wp-block-image size-large\"><a href=\"https:\/\/www.kinderhilfe-uganda.de\/wp-content\/uploads\/2024\/09\/Bild_7.jpeg\"><img loading=\"lazy\" decoding=\"async\" width=\"1024\" height=\"576\" data-id=\"2660\" src=\"https:\/\/www.kinderhilfe-uganda.de\/wp-content\/uploads\/2024\/09\/Bild_7-1024x576.jpeg\" alt=\"\" class=\"wp-image-2660\" srcset=\"https:\/\/www.kinderhilfe-uganda.de\/wp-content\/uploads\/2024\/09\/Bild_7-1024x576.jpeg 1024w, https:\/\/www.kinderhilfe-uganda.de\/wp-content\/uploads\/2024\/09\/Bild_7-300x169.jpeg 300w, https:\/\/www.kinderhilfe-uganda.de\/wp-content\/uploads\/2024\/09\/Bild_7-768x432.jpeg 768w, https:\/\/www.kinderhilfe-uganda.de\/wp-content\/uploads\/2024\/09\/Bild_7.jpeg 1080w\" sizes=\"(max-width: 1024px) 100vw, 1024px\" \/><\/a><\/figure>\n\n\n\n<figure class=\"wp-block-image size-large\"><a href=\"https:\/\/www.kinderhilfe-uganda.de\/wp-content\/uploads\/2024\/09\/Bild_11.jpeg\"><img loading=\"lazy\" decoding=\"async\" width=\"1024\" height=\"767\" data-id=\"2665\" src=\"https:\/\/www.kinderhilfe-uganda.de\/wp-content\/uploads\/2024\/09\/Bild_11-1024x767.jpeg\" alt=\"\" class=\"wp-image-2665\" srcset=\"https:\/\/www.kinderhilfe-uganda.de\/wp-content\/uploads\/2024\/09\/Bild_11-1024x767.jpeg 1024w, https:\/\/www.kinderhilfe-uganda.de\/wp-content\/uploads\/2024\/09\/Bild_11-300x225.jpeg 300w, https:\/\/www.kinderhilfe-uganda.de\/wp-content\/uploads\/2024\/09\/Bild_11-768x575.jpeg 768w, https:\/\/www.kinderhilfe-uganda.de\/wp-content\/uploads\/2024\/09\/Bild_11.jpeg 1080w\" sizes=\"(max-width: 1024px) 100vw, 1024px\" \/><\/a><\/figure>\n\n\n\n<figure class=\"wp-block-image size-large\"><a href=\"https:\/\/www.kinderhilfe-uganda.de\/wp-content\/uploads\/2024\/09\/Bild_13.jpeg\"><img loading=\"lazy\" decoding=\"async\" width=\"768\" height=\"1024\" data-id=\"2667\" src=\"https:\/\/www.kinderhilfe-uganda.de\/wp-content\/uploads\/2024\/09\/Bild_13-768x1024.jpeg\" alt=\"\" class=\"wp-image-2667\" srcset=\"https:\/\/www.kinderhilfe-uganda.de\/wp-content\/uploads\/2024\/09\/Bild_13-768x1024.jpeg 768w, https:\/\/www.kinderhilfe-uganda.de\/wp-content\/uploads\/2024\/09\/Bild_13-225x300.jpeg 225w, https:\/\/www.kinderhilfe-uganda.de\/wp-content\/uploads\/2024\/09\/Bild_13-1152x1536.jpeg 1152w, https:\/\/www.kinderhilfe-uganda.de\/wp-content\/uploads\/2024\/09\/Bild_13.jpeg 1536w\" sizes=\"(max-width: 768px) 100vw, 768px\" \/><\/a><\/figure>\n\n\n\n<figure class=\"wp-block-image size-large\"><a href=\"https:\/\/www.kinderhilfe-uganda.de\/wp-content\/uploads\/2024\/09\/Bild_12.jpeg\"><img loading=\"lazy\" decoding=\"async\" width=\"1024\" height=\"576\" data-id=\"2664\" src=\"https:\/\/www.kinderhilfe-uganda.de\/wp-content\/uploads\/2024\/09\/Bild_12-1024x576.jpeg\" alt=\"\" class=\"wp-image-2664\" srcset=\"https:\/\/www.kinderhilfe-uganda.de\/wp-content\/uploads\/2024\/09\/Bild_12-1024x576.jpeg 1024w, https:\/\/www.kinderhilfe-uganda.de\/wp-content\/uploads\/2024\/09\/Bild_12-300x169.jpeg 300w, https:\/\/www.kinderhilfe-uganda.de\/wp-content\/uploads\/2024\/09\/Bild_12-768x432.jpeg 768w, https:\/\/www.kinderhilfe-uganda.de\/wp-content\/uploads\/2024\/09\/Bild_12.jpeg 1080w\" sizes=\"(max-width: 1024px) 100vw, 1024px\" \/><\/a><\/figure>\n<\/figure>\n\n\n\n<p><em><strong>01.09.2024<\/strong><\/em><\/p>\n\n\n\n<p><img loading=\"lazy\" decoding=\"async\" height=\"16\" width=\"16\" alt=\"&#x1f33f;\" src=\"https:\/\/static.xx.fbcdn.net\/images\/emoji.php\/v9\/tbd\/2\/16\/1f33f.png\"> In unserem Kinderheim in Uganda ist w\u00e4hrend der Ferien richtig viel los! <img loading=\"lazy\" decoding=\"async\" height=\"16\" width=\"16\" alt=\"&#x1f331;\" src=\"https:\/\/static.xx.fbcdn.net\/images\/emoji.php\/v9\/t8\/2\/16\/1f331.png\"> Der Gartenanbau findet jetzt mehrmals pro Woche statt und die Kinder sind mit Freude und Eifer dabei. Auch der N\u00e4hkurs l\u00e4uft erfolgreich und bringt allen viel Spa\u00df! <img loading=\"lazy\" decoding=\"async\" height=\"16\" width=\"16\" alt=\"&#x1f9f5;\" src=\"https:\/\/static.xx.fbcdn.net\/images\/emoji.php\/v9\/t3f\/2\/16\/1f9f5.png\"><img loading=\"lazy\" decoding=\"async\" height=\"16\" width=\"16\" alt=\"&#x2702;&#xfe0f;\" src=\"https:\/\/static.xx.fbcdn.net\/images\/emoji.php\/v9\/t31\/2\/16\/2702.png\"><\/p>\n\n\n\n<p>Diese Ferienworkshops sind nicht nur eine tolle Besch\u00e4ftigung, sondern bereiten die Kinder auch auf ihr sp\u00e4teres Leben vor. Die Bilder zeigen, wie flei\u00dfig die kleinen G\u00e4rtner bei der Gartenarbeit sind. Schaut mal rein und \u00fcberzeugt <a><\/a>euch selbst! <img loading=\"lazy\" decoding=\"async\" height=\"16\" width=\"16\" alt=\"&#x1f33b;\" src=\"https:\/\/static.xx.fbcdn.net\/images\/emoji.php\/v9\/tb9\/2\/16\/1f33b.png\"><img loading=\"lazy\" decoding=\"async\" height=\"16\" width=\"16\" alt=\"&#x1f469;&#x200d;&#x1f33e;\" src=\"https:\/\/static.xx.fbcdn.net\/images\/emoji.php\/v9\/ta\/2\/16\/1f469_200d_1f33e.png\"><\/p>\n\n\n\n<p>All das k\u00f6nnen wir dank eurer gro\u00dfz\u00fcgigen Spenden erm\u00f6glichen. Jeder Beitrag macht einen Unterschied und hilft, den Kindern eine bessere Zukunft zu bieten. Danke f\u00fcr eure Unterst\u00fctzung! <img loading=\"lazy\" decoding=\"async\" height=\"16\" width=\"16\" alt=\"&#x1f49a;\" src=\"https:\/\/static.xx.fbcdn.net\/images\/emoji.php\/v9\/t33\/2\/16\/1f49a.png\"><\/p>\n\n\n\n<figure class=\"wp-block-gallery has-nested-images columns-default is-cropped wp-block-gallery-2 is-layout-flex wp-block-gallery-is-layout-flex\">\n<figure class=\"wp-block-image size-large\"><a href=\"https:\/\/www.kinderhilfe-uganda.de\/wp-content\/uploads\/2024\/09\/Bild_1.jpeg\"><img loading=\"lazy\" decoding=\"async\" width=\"1000\" height=\"450\" data-id=\"2654\" src=\"https:\/\/www.kinderhilfe-uganda.de\/wp-content\/uploads\/2024\/09\/Bild_1.jpeg\" alt=\"\" class=\"wp-image-2654\" srcset=\"https:\/\/www.kinderhilfe-uganda.de\/wp-content\/uploads\/2024\/09\/Bild_1.jpeg 1000w, https:\/\/www.kinderhilfe-uganda.de\/wp-content\/uploads\/2024\/09\/Bild_1-300x135.jpeg 300w, https:\/\/www.kinderhilfe-uganda.de\/wp-content\/uploads\/2024\/09\/Bild_1-768x346.jpeg 768w\" sizes=\"(max-width: 1000px) 100vw, 1000px\" \/><\/a><\/figure>\n\n\n\n<figure class=\"wp-block-image size-large\"><a href=\"https:\/\/www.kinderhilfe-uganda.de\/wp-content\/uploads\/2024\/09\/Bild_2.jpeg\"><img loading=\"lazy\" decoding=\"async\" width=\"1024\" height=\"1024\" data-id=\"2656\" src=\"https:\/\/www.kinderhilfe-uganda.de\/wp-content\/uploads\/2024\/09\/Bild_2-1024x1024.jpeg\" alt=\"\" class=\"wp-image-2656\" srcset=\"https:\/\/www.kinderhilfe-uganda.de\/wp-content\/uploads\/2024\/09\/Bild_2-1024x1024.jpeg 1024w, https:\/\/www.kinderhilfe-uganda.de\/wp-content\/uploads\/2024\/09\/Bild_2-300x300.jpeg 300w, https:\/\/www.kinderhilfe-uganda.de\/wp-content\/uploads\/2024\/09\/Bild_2-150x150.jpeg 150w, https:\/\/www.kinderhilfe-uganda.de\/wp-content\/uploads\/2024\/09\/Bild_2-768x768.jpeg 768w, https:\/\/www.kinderhilfe-uganda.de\/wp-content\/uploads\/2024\/09\/Bild_2.jpeg 1080w\" sizes=\"(max-width: 1024px) 100vw, 1024px\" \/><\/a><\/figure>\n\n\n\n<figure class=\"wp-block-image size-large\"><a href=\"https:\/\/www.kinderhilfe-uganda.de\/wp-content\/uploads\/2024\/09\/Bild_3.jpeg\"><img loading=\"lazy\" decoding=\"async\" width=\"1024\" height=\"1024\" data-id=\"2655\" src=\"https:\/\/www.kinderhilfe-uganda.de\/wp-content\/uploads\/2024\/09\/Bild_3-1024x1024.jpeg\" alt=\"\" class=\"wp-image-2655\" srcset=\"https:\/\/www.kinderhilfe-uganda.de\/wp-content\/uploads\/2024\/09\/Bild_3-1024x1024.jpeg 1024w, https:\/\/www.kinderhilfe-uganda.de\/wp-content\/uploads\/2024\/09\/Bild_3-300x300.jpeg 300w, https:\/\/www.kinderhilfe-uganda.de\/wp-content\/uploads\/2024\/09\/Bild_3-150x150.jpeg 150w, https:\/\/www.kinderhilfe-uganda.de\/wp-content\/uploads\/2024\/09\/Bild_3-768x768.jpeg 768w, https:\/\/www.kinderhilfe-uganda.de\/wp-content\/uploads\/2024\/09\/Bild_3.jpeg 1080w\" sizes=\"(max-width: 1024px) 100vw, 1024px\" \/><\/a><\/figure>\n\n\n\n<figure class=\"wp-block-image size-large\"><a href=\"https:\/\/www.kinderhilfe-uganda.de\/wp-content\/uploads\/2024\/09\/Bild_4.jpeg\"><img loading=\"lazy\" decoding=\"async\" width=\"1024\" height=\"1024\" data-id=\"2657\" src=\"https:\/\/www.kinderhilfe-uganda.de\/wp-content\/uploads\/2024\/09\/Bild_4-1024x1024.jpeg\" alt=\"\" class=\"wp-image-2657\" srcset=\"https:\/\/www.kinderhilfe-uganda.de\/wp-content\/uploads\/2024\/09\/Bild_4-1024x1024.jpeg 1024w, https:\/\/www.kinderhilfe-uganda.de\/wp-content\/uploads\/2024\/09\/Bild_4-300x300.jpeg 300w, https:\/\/www.kinderhilfe-uganda.de\/wp-content\/uploads\/2024\/09\/Bild_4-150x150.jpeg 150w, https:\/\/www.kinderhilfe-uganda.de\/wp-content\/uploads\/2024\/09\/Bild_4-768x768.jpeg 768w, https:\/\/www.kinderhilfe-uganda.de\/wp-content\/uploads\/2024\/09\/Bild_4.jpeg 1080w\" sizes=\"(max-width: 1024px) 100vw, 1024px\" \/><\/a><\/figure>\n\n\n\n<figure class=\"wp-block-image size-large\"><a href=\"https:\/\/www.kinderhilfe-uganda.de\/wp-content\/uploads\/2024\/09\/Bild_5.jpeg\"><img loading=\"lazy\" decoding=\"async\" width=\"1024\" height=\"1024\" data-id=\"2659\" src=\"https:\/\/www.kinderhilfe-uganda.de\/wp-content\/uploads\/2024\/09\/Bild_5-1024x1024.jpeg\" alt=\"\" class=\"wp-image-2659\" srcset=\"https:\/\/www.kinderhilfe-uganda.de\/wp-content\/uploads\/2024\/09\/Bild_5-1024x1024.jpeg 1024w, https:\/\/www.kinderhilfe-uganda.de\/wp-content\/uploads\/2024\/09\/Bild_5-300x300.jpeg 300w, https:\/\/www.kinderhilfe-uganda.de\/wp-content\/uploads\/2024\/09\/Bild_5-150x150.jpeg 150w, https:\/\/www.kinderhilfe-uganda.de\/wp-content\/uploads\/2024\/09\/Bild_5-768x768.jpeg 768w, https:\/\/www.kinderhilfe-uganda.de\/wp-content\/uploads\/2024\/09\/Bild_5.jpeg 1080w\" sizes=\"(max-width: 1024px) 100vw, 1024px\" \/><\/a><\/figure>\n\n\n\n<figure class=\"wp-block-image size-large\"><a href=\"https:\/\/www.kinderhilfe-uganda.de\/wp-content\/uploads\/2024\/09\/Bild_6.jpeg\"><img loading=\"lazy\" decoding=\"async\" width=\"1024\" height=\"1024\" data-id=\"2658\" src=\"https:\/\/www.kinderhilfe-uganda.de\/wp-content\/uploads\/2024\/09\/Bild_6-1024x1024.jpeg\" alt=\"\" class=\"wp-image-2658\" srcset=\"https:\/\/www.kinderhilfe-uganda.de\/wp-content\/uploads\/2024\/09\/Bild_6-1024x1024.jpeg 1024w, https:\/\/www.kinderhilfe-uganda.de\/wp-content\/uploads\/2024\/09\/Bild_6-300x300.jpeg 300w, https:\/\/www.kinderhilfe-uganda.de\/wp-content\/uploads\/2024\/09\/Bild_6-150x150.jpeg 150w, https:\/\/www.kinderhilfe-uganda.de\/wp-content\/uploads\/2024\/09\/Bild_6-768x768.jpeg 768w, https:\/\/www.kinderhilfe-uganda.de\/wp-content\/uploads\/2024\/09\/Bild_6.jpeg 1080w\" sizes=\"(max-width: 1024px) 100vw, 1024px\" \/><\/a><\/figure>\n<\/figure>\n\n\n\n<p><\/p>\n","protected":false},"excerpt":{"rendered":"<p>18.10.2024 &#8211; Besuch vor Ort Wir hatten die Ehre, die Ikirah education center Schule, die Partnerschule des&nbsp;@dbg.wiehl&nbsp;, zu besuchen. Schulleiter Hamuza hat uns herzlich empfangen und die Kinder haben f\u00fcr uns traditionelle T\u00e4nze vorgef\u00fchrt. Besonders beeindruckend war die F\u00fchrung durch die Schule, die stark auf Nachhaltigkeit setzt: Sie stellen ihre eigene Seife her, produzieren Hygieneartikel [&hellip;]<\/p>\n","protected":false},"author":7,"featured_media":0,"parent":2632,"menu_order":0,"comment_status":"closed","ping_status":"closed","template":"","meta":{"give_campaign_id":0,"ngg_post_thumbnail":0,"footnotes":""},"class_list":["post-2653","page","type-page","status-publish","hentry"],"campaignId":"","_links":{"self":[{"href":"https:\/\/www.kinderhilfe-uganda.de\/index.php?rest_route=\/wp\/v2\/pages\/2653","targetHints":{"allow":["GET"]}}],"collection":[{"href":"https:\/\/www.kinderhilfe-uganda.de\/index.php?rest_route=\/wp\/v2\/pages"}],"about":[{"href":"https:\/\/www.kinderhilfe-uganda.de\/index.php?rest_route=\/wp\/v2\/types\/page"}],"author":[{"embeddable":true,"href":"https:\/\/www.kinderhilfe-uganda.de\/index.php?rest_route=\/wp\/v2\/users\/7"}],"replies":[{"embeddable":true,"href":"https:\/\/www.kinderhilfe-uganda.de\/index.php?rest_route=%2Fwp%2Fv2%2Fcomments&post=2653"}],"version-history":[{"count":2,"href":"https:\/\/www.kinderhilfe-uganda.de\/index.php?rest_route=\/wp\/v2\/pages\/2653\/revisions"}],"predecessor-version":[{"id":2675,"href":"https:\/\/www.kinderhilfe-uganda.de\/index.php?rest_route=\/wp\/v2\/pages\/2653\/revisions\/2675"}],"up":[{"embeddable":true,"href":"https:\/\/www.kinderhilfe-uganda.de\/index.php?rest_route=\/wp\/v2\/pages\/2632"}],"wp:attachment":[{"href":"https:\/\/www.kinderhilfe-uganda.de\/index.php?rest_route=%2Fwp%2Fv2%2Fmedia&parent=2653"}],"curies":[{"name":"wp","href":"https:\/\/api.w.org\/{rel}","templated":true}]}}