{"id":2827,"date":"2025-01-27T21:33:35","date_gmt":"2025-01-27T19:33:35","guid":{"rendered":"https:\/\/www.kinderhilfe-uganda.de\/?page_id=2827"},"modified":"2025-01-27T21:34:43","modified_gmt":"2025-01-27T19:34:43","slug":"spende-team-malerbetrieb-n-wagner-gmbh-2024","status":"publish","type":"page","link":"https:\/\/www.kinderhilfe-uganda.de\/?page_id=2827","title":{"rendered":"Spende Team Malerbetrieb N. Wagner GmbH 2024"},"content":{"rendered":"\n<p>Das <strong>Malerteam Wagner aus Birken-Honigsessen spendete 1.000\u20ac<\/strong> als Unterst\u00fctzung f\u00fcr unser Waisenhaus in Masaka Uganda.<br>F\u00fcr diese gro\u00dfz\u00fcgige Unterst\u00fctzung sagen wir <strong>herzlichen Dank<\/strong>!<\/p>\n\n\n\n<p>Herr Christoph Wagner (2. von links) \u00fcbergab den symbolischen Scheck an den Vorstand (rechts).<\/p>\n\n\n\n<figure class=\"wp-block-image size-large is-resized\"><a href=\"https:\/\/www.kinderhilfe-uganda.de\/wp-content\/uploads\/2025\/01\/WhatsApp-Image-2025-01-26-at-19.38.19.jpeg\"><img fetchpriority=\"high\" decoding=\"async\" width=\"1024\" height=\"768\" src=\"https:\/\/www.kinderhilfe-uganda.de\/wp-content\/uploads\/2025\/01\/WhatsApp-Image-2025-01-26-at-19.38.19-1024x768.jpeg\" alt=\"\" class=\"wp-image-2828\" style=\"width:1051px;height:auto\" srcset=\"https:\/\/www.kinderhilfe-uganda.de\/wp-content\/uploads\/2025\/01\/WhatsApp-Image-2025-01-26-at-19.38.19-1024x768.jpeg 1024w, https:\/\/www.kinderhilfe-uganda.de\/wp-content\/uploads\/2025\/01\/WhatsApp-Image-2025-01-26-at-19.38.19-300x225.jpeg 300w, https:\/\/www.kinderhilfe-uganda.de\/wp-content\/uploads\/2025\/01\/WhatsApp-Image-2025-01-26-at-19.38.19-768x576.jpeg 768w, https:\/\/www.kinderhilfe-uganda.de\/wp-content\/uploads\/2025\/01\/WhatsApp-Image-2025-01-26-at-19.38.19-1536x1152.jpeg 1536w, https:\/\/www.kinderhilfe-uganda.de\/wp-content\/uploads\/2025\/01\/WhatsApp-Image-2025-01-26-at-19.38.19.jpeg 2016w\" sizes=\"(max-width: 1024px) 100vw, 1024px\" \/><\/a><\/figure>\n","protected":false},"excerpt":{"rendered":"<p>Das Malerteam Wagner aus Birken-Honigsessen spendete 1.000\u20ac als Unterst\u00fctzung f\u00fcr unser Waisenhaus in Masaka Uganda.F\u00fcr diese gro\u00dfz\u00fcgige Unterst\u00fctzung sagen wir herzlichen Dank! Herr Christoph Wagner (2. von links) \u00fcbergab den symbolischen Scheck an den Vorstand (rechts).<\/p>\n","protected":false},"author":7,"featured_media":0,"parent":10,"menu_order":0,"comment_status":"closed","ping_status":"closed","template":"","meta":{"give_campaign_id":0,"ngg_post_thumbnail":0,"footnotes":""},"class_list":["post-2827","page","type-page","status-publish","hentry"],"campaignId":"","_links":{"self":[{"href":"https:\/\/www.kinderhilfe-uganda.de\/index.php?rest_route=\/wp\/v2\/pages\/2827","targetHints":{"allow":["GET"]}}],"collection":[{"href":"https:\/\/www.kinderhilfe-uganda.de\/index.php?rest_route=\/wp\/v2\/pages"}],"about":[{"href":"https:\/\/www.kinderhilfe-uganda.de\/index.php?rest_route=\/wp\/v2\/types\/page"}],"author":[{"embeddable":true,"href":"https:\/\/www.kinderhilfe-uganda.de\/index.php?rest_route=\/wp\/v2\/users\/7"}],"replies":[{"embeddable":true,"href":"https:\/\/www.kinderhilfe-uganda.de\/index.php?rest_route=%2Fwp%2Fv2%2Fcomments&post=2827"}],"version-history":[{"count":1,"href":"https:\/\/www.kinderhilfe-uganda.de\/index.php?rest_route=\/wp\/v2\/pages\/2827\/revisions"}],"predecessor-version":[{"id":2829,"href":"https:\/\/www.kinderhilfe-uganda.de\/index.php?rest_route=\/wp\/v2\/pages\/2827\/revisions\/2829"}],"up":[{"embeddable":true,"href":"https:\/\/www.kinderhilfe-uganda.de\/index.php?rest_route=\/wp\/v2\/pages\/10"}],"wp:attachment":[{"href":"https:\/\/www.kinderhilfe-uganda.de\/index.php?rest_route=%2Fwp%2Fv2%2Fmedia&parent=2827"}],"curies":[{"name":"wp","href":"https:\/\/api.w.org\/{rel}","templated":true}]}}